{"id":141098,"date":"2023-03-24T21:05:57","date_gmt":"2023-03-24T20:05:57","guid":{"rendered":"https:\/\/www.pussycatmerida.com\/eshop\/?post_type=product&#038;p=141098"},"modified":"2023-03-24T21:05:58","modified_gmt":"2023-03-24T20:05:58","slug":"fleshlight-boost-bang-lm-flesh-rp","status":"publish","type":"product","link":"https:\/\/www.pussycatmerida.com\/eshop\/producto\/fleshlight-boost-bang-lm-flesh-rp\/","title":{"rendered":"FLESHLIGHT BOOST BANG LM FLESH (RP)"},"content":{"rendered":"<p>\u00a1Prep\u00e1rese para el mejor BANG  de su vida!Deslice su miembro en estos labios hiperrealistas y experimente una sensaci\u00f3n de masturbaci\u00f3n como nunca antes. Los anillos flotantes \u00abTurbo Tech\u00bb de Boost abrazan su miembro, proporcion\u00e1ndole una ce\u00f1ida sensaci\u00f3n en todo momento. Despu\u00e9s de penetrar este centro del placer, atravesar\u00e1 un canal altamente texturizado y estrecho que consiste en anillos acanalados y discos flotantes, dise\u00f1ados para masajear su erecci\u00f3n a la perfecci\u00f3n. <\/p>\n<p>Fleshlight Boost toma todo lo que usted adora de los productos de Fleshlight y los lleva a otro nivel. La l\u00ednea de juguetes Boost presenta m\u00e1s novedades que cualquier otro producto desde la versi\u00f3n original. <\/p>\n<p>Adem\u00e1s de los nuevos colores de los estuches y del tono de piel, los orificios son m\u00e1s detallados y realistas que nunca. Cada juguete tambi\u00e9n cuenta con nuestro innovador l\u00edmite de control de succi\u00f3n, lo que permite a los usuarios elegir el nivel de tensi\u00f3n deseado. <\/p>\n<p>\u00a1Prep\u00e1rese! \u00a1Estamos a punto de llevarle a un nivel completamente nuevo de satisfacci\u00f3n sexual!<\/p>\n<p>Esto es lo que recibir\u00e1 con su Boost Bang:<\/p>\n<p>    Estuche Boost Azul Met\u00e1licoOrificio Bang<br \/>\n    Textura Bang<br \/>\n    Tap\u00f3n de Control de Succi\u00f3n<br \/>\n    Instrucciones de uso y mantenimiento<\/p>\n","protected":false},"excerpt":{"rendered":"<p>\u00a1Prep\u00e1rese para el mejor BANG  de su vida!Deslice su miembro en estos labios hiperrealistas y experimente una sensaci\u00f3n de masturbaci\u00f3n como nunca antes. Los anillos flotantes \u00abTurbo Tech\u00bb de Boost abrazan su miembro, proporcion\u00e1ndole una ce\u00f1ida sensaci\u00f3n en todo momento. Despu\u00e9s de penetrar este centro del placer, atravesar\u00e1 un canal altamente texturizado y estrecho que consiste en anillos acanalados y discos flotantes, dise\u00f1ados para masajear su erecci\u00f3n a la perfecci\u00f3n. <\/p>\n","protected":false},"featured_media":141099,"template":"","meta":[],"pwb-brand":[567],"product_brand":[],"product_cat":[902,293],"product_tag":[],"class_list":{"0":"post-141098","1":"product","2":"type-product","3":"status-publish","4":"has-post-thumbnail","6":"pwb-brand-fleshlight","7":"product_cat-masturbador-hi-tech","8":"product_cat-juguetes-sexuales-xxxmasturbadores-para-ellos","9":"post_count_is_0","10":"boutique_post_style_4","12":"first","13":"instock","14":"taxable","15":"shipping-taxable","16":"purchasable","17":"product-type-simple","18":"boutique_image_style_2"},"brands":[{"id":567,"name":"FLESHLIGHT","slug":"fleshlight"}],"_links":{"self":[{"href":"https:\/\/www.pussycatmerida.com\/eshop\/wp-json\/wp\/v2\/product\/141098","targetHints":{"allow":["GET"]}}],"collection":[{"href":"https:\/\/www.pussycatmerida.com\/eshop\/wp-json\/wp\/v2\/product"}],"about":[{"href":"https:\/\/www.pussycatmerida.com\/eshop\/wp-json\/wp\/v2\/types\/product"}],"wp:featuredmedia":[{"embeddable":true,"href":"https:\/\/www.pussycatmerida.com\/eshop\/wp-json\/wp\/v2\/media\/141099"}],"wp:attachment":[{"href":"https:\/\/www.pussycatmerida.com\/eshop\/wp-json\/wp\/v2\/media?parent=141098"}],"wp:term":[{"taxonomy":"pwb-brand","embeddable":true,"href":"https:\/\/www.pussycatmerida.com\/eshop\/wp-json\/wp\/v2\/pwb-brand?post=141098"},{"taxonomy":"product_brand","embeddable":true,"href":"https:\/\/www.pussycatmerida.com\/eshop\/wp-json\/wp\/v2\/product_brand?post=141098"},{"taxonomy":"product_cat","embeddable":true,"href":"https:\/\/www.pussycatmerida.com\/eshop\/wp-json\/wp\/v2\/product_cat?post=141098"},{"taxonomy":"product_tag","embeddable":true,"href":"https:\/\/www.pussycatmerida.com\/eshop\/wp-json\/wp\/v2\/product_tag?post=141098"}],"curies":[{"name":"wp","href":"https:\/\/api.w.org\/{rel}","templated":true}]}}