{"id":14880,"date":"2021-02-26T14:29:49","date_gmt":"2021-02-26T12:29:49","guid":{"rendered":"https:\/\/www.pussycatmerida.com\/eshop\/product\/durex-sensitivo-suave-144-uds\/"},"modified":"2026-03-11T12:40:37","modified_gmt":"2026-03-11T11:40:37","slug":"durex-sensitivo-suave-144-uds","status":"publish","type":"product","link":"https:\/\/www.pussycatmerida.com\/eshop\/producto\/durex-sensitivo-suave-144-uds\/","title":{"rendered":"DUREX SENSITIVO SUAVE 144 UDS"},"content":{"rendered":"<p style=\"line-height: 16.64px;\">Buscas un preservativo m\u00e1s fino? Prueba Durex Sensitivo Suave\u00a0dise\u00f1ados con un mejor ajuste, f\u00e1ciles de poner y que a la vez proporcionan la misma seguridad y proteci\u00f3n que los preservativos est\u00e1ndar.<\/p>\n<p style=\"line-height: 16.64px;\">Caracter\u00edsticas de Durex Sensitivo Suave:<\/p>\n<ul style=\"line-height: 16.64px;\">\n<li>Preservativo de l\u00e1tex de caucho natural, fino Transparente y lubricado Forma anat\u00f3mica Easy-On, con dep\u00f3sito<\/li>\n<li>Anchura nominal: 56mm<\/li>\n<\/ul>\n<p style=\"line-height: 16.64px;\">La forma especial en que se fabrica Durex Sensitivo Suave hace que huelan mejor para que no hayan inc\u00f3modas distracciones, por lo que podr\u00e1s relajarte y disfrutar.<\/p>\n<p style=\"line-height: 16.64px;\">Lee el folleto que contiene el interior de este estuche cuidadosamente, en especial si utilizas los preservativos para sexo oral o anal<\/p>\n<p style=\"line-height: 16.64px;\">Estuche 144\u00a0Uds<\/p>\n","protected":false},"excerpt":{"rendered":"<p>DUREX SENSITIVO SUAVE 144 UDS<\/p>\n","protected":false},"featured_media":47108,"template":"","meta":[],"pwb-brand":[49,778],"product_brand":[],"product_cat":[367,371,372],"product_tag":[],"class_list":{"0":"post-14880","1":"product","2":"type-product","3":"status-publish","4":"has-post-thumbnail","6":"pwb-brand-durex","7":"pwb-brand-durexdurex-condoms","8":"product_cat-preservativos","9":"product_cat-preservativospreservativos-a-granel","10":"product_cat-preservativospreservativos-especiales","11":"post_count_is_0","12":"boutique_post_style_4","14":"first","15":"instock","16":"taxable","17":"shipping-taxable","18":"purchasable","19":"product-type-simple","20":"boutique_image_style_2"},"brands":[{"id":49,"name":"DUREX","slug":"durex"},{"id":778,"name":"DUREX CONDOMS","slug":"durexdurex-condoms"}],"_links":{"self":[{"href":"https:\/\/www.pussycatmerida.com\/eshop\/wp-json\/wp\/v2\/product\/14880","targetHints":{"allow":["GET"]}}],"collection":[{"href":"https:\/\/www.pussycatmerida.com\/eshop\/wp-json\/wp\/v2\/product"}],"about":[{"href":"https:\/\/www.pussycatmerida.com\/eshop\/wp-json\/wp\/v2\/types\/product"}],"wp:featuredmedia":[{"embeddable":true,"href":"https:\/\/www.pussycatmerida.com\/eshop\/wp-json\/wp\/v2\/media\/47108"}],"wp:attachment":[{"href":"https:\/\/www.pussycatmerida.com\/eshop\/wp-json\/wp\/v2\/media?parent=14880"}],"wp:term":[{"taxonomy":"pwb-brand","embeddable":true,"href":"https:\/\/www.pussycatmerida.com\/eshop\/wp-json\/wp\/v2\/pwb-brand?post=14880"},{"taxonomy":"product_brand","embeddable":true,"href":"https:\/\/www.pussycatmerida.com\/eshop\/wp-json\/wp\/v2\/product_brand?post=14880"},{"taxonomy":"product_cat","embeddable":true,"href":"https:\/\/www.pussycatmerida.com\/eshop\/wp-json\/wp\/v2\/product_cat?post=14880"},{"taxonomy":"product_tag","embeddable":true,"href":"https:\/\/www.pussycatmerida.com\/eshop\/wp-json\/wp\/v2\/product_tag?post=14880"}],"curies":[{"name":"wp","href":"https:\/\/api.w.org\/{rel}","templated":true}]}}