{"id":14916,"date":"2021-02-26T14:31:34","date_gmt":"2021-02-26T12:31:34","guid":{"rendered":"https:\/\/www.pussycatmerida.com\/eshop\/product\/confortex-preservativos-fresa-caja-144-uds\/"},"modified":"2026-03-11T12:40:38","modified_gmt":"2026-03-11T11:40:38","slug":"confortex-preservativos-fresa-caja-144-uds","status":"publish","type":"product","link":"https:\/\/www.pussycatmerida.com\/eshop\/producto\/confortex-preservativos-fresa-caja-144-uds\/","title":{"rendered":"CONFORTEX PRESERVATIVOS FRESA CAJA 144 UDS"},"content":{"rendered":"<p>Los preservativos <strong>CONFORTEX FRESA<\/strong> est\u00e1n fabricados con materias primas de la mejor calidad. Son productos sanitarios homologados y con marcado CE0120.<\/p>\n<p>Todos nuestros preservativos cumplen todos los requisitos de la Directiva Comunitaria 93\/42\/CEE relativa a los productos sanitarios y verificados conforme a la norma EN ISO 4074 que especifica tanto los requisitos exigibles a los preservativos de caucho de un solo uso, como las caracter\u00edsticas y los m\u00e9todos de ensayo.<\/p>\n<p>Los ensayos que se realizan a todos los preservativos <strong>CONFORTEX FRESA<\/strong> para garantizar su calidad y seguridad, van m\u00e1s all\u00e1 de los exigidos por las normas internacionales. Por ello el 100% de nuestros preservativos son verificados mediante una rigurosa prueba electr\u00f3nica y sometidos a un estricto control microbiol\u00f3gico.<\/p>\n<p>Sus inconfundibles dise\u00f1os junto a su atrevida combinaci\u00f3n de colores hacen de <strong>CONFORTEX FRESA<\/strong> un producto f\u00e1cil de identificar con el que experimentar\u00e1s un sexo seguro m\u00e1s divertido.<\/p>\n<p>El envase unitario de los preservativos <strong>CONFORTEX FRESA<\/strong> incluye las instrucciones e indicaciones de uso y conservaci\u00f3n, as\u00ed como toda la informaci\u00f3n necesaria para su utilizaci\u00f3n con plena seguridad.<\/p>\n<p>Los preservativos <strong>CONFORTEX FRESA<\/strong> tienen una caducidad de 5 a\u00f1os desde su fabricaci\u00f3n. Todos nuestros envases llevan impresa tanto la fecha de caducidad como el n\u00famero de lote para su identificaci\u00f3n. La fecha de caducidad indica el periodo de utilizaci\u00f3n con resultados \u00f3ptimos.<\/p>\n<ul>\n<li><strong>Forma:<\/strong> Anat\u00f3mica<\/li>\n<li><strong>Material:<\/strong> L\u00e1tex de alta calidad de caucho natural<\/li>\n<li><strong>Talla:<\/strong> Est\u00e1ndar<\/li>\n<li>Longitud M\u00ednim<strong>a:<\/strong> 160 mm<\/li>\n<li><strong>Anchura Nominal:<\/strong> 53 \u00b1 2 mm<\/li>\n<li><strong>Grosor:<\/strong> 0,065 \u00b1 0,015 mm<\/li>\n<li><strong>Sabor:<\/strong> Fresa<\/li>\n<li><strong>Color:<\/strong> Rosa transparente<\/li>\n<li><strong>Lubricaci\u00f3n:<\/strong> Lubricado con aroma a fresa<\/li>\n<li><strong>Textura:<\/strong> Liso<\/li>\n<li><strong>Caducidad:<\/strong> 5 a\u00f1os desde la fecha de fabricaci\u00f3n<\/li>\n<li><strong>Certificados:<\/strong> Marcado CE0120 y Certificados EN ISO 4074, ISO 14001, ISO 9001 e ISO 13485<\/li>\n<\/ul>\n<p><strong>Caja 144 Uds.<\/strong><\/p>\n<ul>\n<li>Abre el envase del preservativo por la zona dentada con cuidado de no da\u00f1arlo con las u\u00f1as, anillos o dientes. Una vez abierto y antes de colocarlo comprueba si el preservativo est\u00e1 del derecho o del rev\u00e9s (esto se puede hacer soplando un poco dentro del preservativo para ver hacia qu\u00e9 lado lo tenemos que desenrollar).<\/li>\n<li>Coloca el preservativo sobre el pene en erecci\u00f3n antes de cualquier penetraci\u00f3n vaginal u oral. Presiona la punta del dep\u00f3sito del preservativo para expulsar el aire y dejar espacio para el semen. Desenrolla el preservativo hasta cubrir completamente el pene. Nuestros preservativos vienen con el lubricante incorporado, pero si no es suficiente utiliza Gel Lubricante CONFORTEX de base acuosa para facilitar la penetraci\u00f3n y compatible con preservativos.<\/li>\n<li>Despu\u00e9s de eyacular, y antes de que la erecci\u00f3n disminuya, debe retirarse el preservativo sujet\u00e1ndolo firmemente por su base para evitar la salida del semen.<\/li>\n<\/ul>\n<ul style=\"line-height: 20.8px;\">\n<li>Comprueba que no se ha roto (llen\u00e1ndolo de agua y presionando el dep\u00f3sito), an\u00fadalo y t\u00edralo a la basura, nunca al WC ni a la calle (hay que tener en cuenta que los preservativos no son biodegradables). Usa un preservativo nuevo cada vez que mantengas una relaci\u00f3n sexual o si se cambia de pr\u00e1ctica sexual.<\/li>\n<\/ul>\n<p style=\"line-height: 20.8px; text-align: center;\"><img decoding=\"async\" alt=\"\" src=\"https:\/\/dreamlove.gesio.be\/UserFiles\/images\/condon-presa.png\" style=\"height: 256px; width: 700px;\" \/><\/p>\n","protected":false},"excerpt":{"rendered":"<p>CONFORTEX PRESERVATIVOS FRESA CAJA 144 UDS<\/p>\n","protected":false},"featured_media":47302,"template":"","meta":[],"pwb-brand":[779],"product_brand":[],"product_cat":[367,371,373],"product_tag":[],"class_list":{"0":"post-14916","1":"product","2":"type-product","3":"status-publish","4":"has-post-thumbnail","6":"pwb-brand-confortex","7":"product_cat-preservativos","8":"product_cat-preservativospreservativos-a-granel","9":"product_cat-preservativospreservativos-sabores","10":"post_count_is_0","11":"boutique_post_style_4","13":"first","14":"instock","15":"taxable","16":"shipping-taxable","17":"purchasable","18":"product-type-simple","19":"boutique_image_style_2"},"brands":[{"id":779,"name":"CONFORTEX","slug":"confortex"}],"_links":{"self":[{"href":"https:\/\/www.pussycatmerida.com\/eshop\/wp-json\/wp\/v2\/product\/14916","targetHints":{"allow":["GET"]}}],"collection":[{"href":"https:\/\/www.pussycatmerida.com\/eshop\/wp-json\/wp\/v2\/product"}],"about":[{"href":"https:\/\/www.pussycatmerida.com\/eshop\/wp-json\/wp\/v2\/types\/product"}],"wp:featuredmedia":[{"embeddable":true,"href":"https:\/\/www.pussycatmerida.com\/eshop\/wp-json\/wp\/v2\/media\/47302"}],"wp:attachment":[{"href":"https:\/\/www.pussycatmerida.com\/eshop\/wp-json\/wp\/v2\/media?parent=14916"}],"wp:term":[{"taxonomy":"pwb-brand","embeddable":true,"href":"https:\/\/www.pussycatmerida.com\/eshop\/wp-json\/wp\/v2\/pwb-brand?post=14916"},{"taxonomy":"product_brand","embeddable":true,"href":"https:\/\/www.pussycatmerida.com\/eshop\/wp-json\/wp\/v2\/product_brand?post=14916"},{"taxonomy":"product_cat","embeddable":true,"href":"https:\/\/www.pussycatmerida.com\/eshop\/wp-json\/wp\/v2\/product_cat?post=14916"},{"taxonomy":"product_tag","embeddable":true,"href":"https:\/\/www.pussycatmerida.com\/eshop\/wp-json\/wp\/v2\/product_tag?post=14916"}],"curies":[{"name":"wp","href":"https:\/\/api.w.org\/{rel}","templated":true}]}}