{"id":14918,"date":"2021-02-26T14:29:50","date_gmt":"2021-02-26T12:29:50","guid":{"rendered":"https:\/\/www.pussycatmerida.com\/eshop\/product\/confortex-preservativo-nature-forte-144-uds\/"},"modified":"2026-03-11T12:40:38","modified_gmt":"2026-03-11T11:40:38","slug":"confortex-preservativo-nature-forte-144-uds","status":"publish","type":"product","link":"https:\/\/www.pussycatmerida.com\/eshop\/producto\/confortex-preservativo-nature-forte-144-uds\/","title":{"rendered":"CONFORTEX PRESERVATIVO NATURE FORTE 144 UDS"},"content":{"rendered":"<p>Los preservativos <strong>CONFORTEX FORTE<\/strong> est\u00e1n fabricados con materias primas de la mejor calidad. Son productos sanitarios homologados y con marcado CE0120.<\/p>\n<p>Todos nuestros preservativos cumplen todos los requisitos de la Directiva Comunitaria 93\/42\/CEE relativa a los productos sanitarios y verificados conforme a la norma EN ISO 4074 que especifica tanto los requisitos exigibles a los preservativos de caucho de un solo uso, como las caracter\u00edsticas y los m\u00e9todos de ensayo.<\/p>\n<p>Los ensayos que se realizan a todos nuestros preservativos para garantizar su calidad y seguridad, van m\u00e1s all\u00e1 de los exigidos por las normas internacionales. Por ello el 100% de nuestros preservativos son verificados mediante una rigurosa prueba electr\u00f3nica y sometidos a un estricto control microbiol\u00f3gico.<\/p>\n<p>Los inconfundibles dise\u00f1os junto a su atrevida combinaci\u00f3n de colores hacen de <strong>CONFORTEX FORTE<\/strong> un producto f\u00e1cil de identificar con el que experimentar\u00e1s un sexo seguro m\u00e1s divertido.<\/p>\n<p>El envase unitario de los preservativos <strong>CONFORTEX FORTE<\/strong> incluye las instrucciones e indicaciones de uso y conservaci\u00f3n, as\u00ed como toda la informaci\u00f3n necesaria para su utilizaci\u00f3n con plena seguridad.<\/p>\n<p>Los preservativos <strong>CONFORTEX FORTE<\/strong> tienen una caducidad de 5 a\u00f1os desde su fecha de fabricaci\u00f3n. Todos nuestros envases llevan impresa tanto la fecha de caducidad como el n\u00famero de lote para su identificaci\u00f3n. La fecha de caducidad indica el periodo de utilizaci\u00f3n con resultados \u00f3ptimos.<\/p>\n<p>El mayor grosor de los preservativos <strong>CONFORTEX FORTE<\/strong> permite su utilizaci\u00f3n con mayor seguridad en cualquier relaci\u00f3n vaginal, anal u oral.<\/p>\n<ul>\n<li><strong>Forma:<\/strong> Anat\u00f3mica<\/li>\n<li><strong>Material:<\/strong> L\u00e1tex de alta calidad de caucho natural.<\/li>\n<li><strong>Talla:<\/strong> Est\u00e1ndar.<\/li>\n<li><strong>Longitud M\u00ednima:<\/strong> 160 mm.<\/li>\n<li><strong>Anchura Nominal:<\/strong> 53 \u00b12 mm.<\/li>\n<li><strong>Grosor:<\/strong> >0,080 mm<\/li>\n<li><strong>Sabor:<\/strong> Sin sabor y sin aroma.<\/li>\n<li><strong>Color:<\/strong> Transparente.<\/li>\n<li><strong>Lubricaci\u00f3n:<\/strong> Lubricado sin aroma.<\/li>\n<li><strong>Textura:<\/strong> Liso.<\/li>\n<li><strong>Caducidad:<\/strong> 5 a\u00f1os desde la fecha de fabricaci\u00f3n.<\/li>\n<li><strong>Certificados:<\/strong> Marcado CE0120 y Certificados EN ISO 4074, ISO 14001, ISO 9001 e ISO 13485<\/li>\n<\/ul>\n<p>Caja 144\u00a0Unidades<\/p>\n<p>La imagen del empaquetado puede variar.<\/p>\n<p style=\"padding: 0px; margin: 0px;\">\u00a0<\/p>\n<p style=\"padding: 0px; margin: 0px; text-align: center;\"><img decoding=\"async\" alt=\"\" src=\"https:\/\/dreamlove.gesio.be\/UserFiles\/images\/condon%20%281%29.png\" style=\"width: 800px; height: 287px;\" \/><\/p>\n<p style=\"padding: 0px; margin: 0px; text-align: center;\">\u00a0<\/p>\n","protected":false},"excerpt":{"rendered":"<p>CONFORTEX PRESERVATIVO NATURE FORTE 144 UDS<\/p>\n","protected":false},"featured_media":47111,"template":"","meta":[],"pwb-brand":[779],"product_brand":[],"product_cat":[367,372],"product_tag":[],"class_list":{"0":"post-14918","1":"product","2":"type-product","3":"status-publish","4":"has-post-thumbnail","6":"pwb-brand-confortex","7":"product_cat-preservativos","8":"product_cat-preservativospreservativos-especiales","9":"post_count_is_0","10":"boutique_post_style_4","12":"first","13":"instock","14":"taxable","15":"shipping-taxable","16":"purchasable","17":"product-type-simple","18":"boutique_image_style_2"},"brands":[{"id":779,"name":"CONFORTEX","slug":"confortex"}],"_links":{"self":[{"href":"https:\/\/www.pussycatmerida.com\/eshop\/wp-json\/wp\/v2\/product\/14918","targetHints":{"allow":["GET"]}}],"collection":[{"href":"https:\/\/www.pussycatmerida.com\/eshop\/wp-json\/wp\/v2\/product"}],"about":[{"href":"https:\/\/www.pussycatmerida.com\/eshop\/wp-json\/wp\/v2\/types\/product"}],"wp:featuredmedia":[{"embeddable":true,"href":"https:\/\/www.pussycatmerida.com\/eshop\/wp-json\/wp\/v2\/media\/47111"}],"wp:attachment":[{"href":"https:\/\/www.pussycatmerida.com\/eshop\/wp-json\/wp\/v2\/media?parent=14918"}],"wp:term":[{"taxonomy":"pwb-brand","embeddable":true,"href":"https:\/\/www.pussycatmerida.com\/eshop\/wp-json\/wp\/v2\/pwb-brand?post=14918"},{"taxonomy":"product_brand","embeddable":true,"href":"https:\/\/www.pussycatmerida.com\/eshop\/wp-json\/wp\/v2\/product_brand?post=14918"},{"taxonomy":"product_cat","embeddable":true,"href":"https:\/\/www.pussycatmerida.com\/eshop\/wp-json\/wp\/v2\/product_cat?post=14918"},{"taxonomy":"product_tag","embeddable":true,"href":"https:\/\/www.pussycatmerida.com\/eshop\/wp-json\/wp\/v2\/product_tag?post=14918"}],"curies":[{"name":"wp","href":"https:\/\/api.w.org\/{rel}","templated":true}]}}