{"id":14919,"date":"2021-02-26T15:09:10","date_gmt":"2021-02-26T13:09:10","guid":{"rendered":"https:\/\/www.pussycatmerida.com\/eshop\/product\/confortex-lubricante-monodosis-6ml\/"},"modified":"2026-03-11T12:26:43","modified_gmt":"2026-03-11T11:26:43","slug":"confortex-lubricante-monodosis-6ml","status":"publish","type":"product","link":"https:\/\/www.pussycatmerida.com\/eshop\/producto\/confortex-lubricante-monodosis-6ml\/","title":{"rendered":"CONFORTEX LUBRICANTE MONODOSIS 6ML"},"content":{"rendered":"<p style=\"line-height: 20.8px;\">El lubricante\u00a0<strong>CONFORTEX GEL NATURE<\/strong>\u00a0est\u00e1 fabricado con materias primas de la mejor calidad. Es un producto sanitario homologado y con marcado CE0120.<\/p>\n<p style=\"line-height: 20.8px;\">El lubricante\u00a0<strong>CONFORTEX GEL NATURE<\/strong>\u00a0es un producto sanitario que cumple todos los requisitos de la Directiva Comunitaria 93\/42\/CEE relativa a los productos sanitarios.<\/p>\n<p style=\"line-height: 20.8px;\">Es un lubricante de base acuosa fabricado con los m\u00e1s altos est\u00e1ndares de calidad. Con una cuidadosa elecci\u00f3n de sus ingredientes logramos un gel suave y sedoso que consigue una lubricaci\u00f3n m\u00e1s duradera.<\/p>\n<p style=\"line-height: 20.8px;\">Sus inconfundibles dise\u00f1os junto a su atrevida combinaci\u00f3n de colores hacen de\u00a0<strong>CONFORTEX GEL NATURE<\/strong>\u00a0un producto f\u00e1cil de identificar con el que experimentar\u00e1s un sexo seguro m\u00e1s divertido.<\/p>\n<p style=\"line-height: 20.8px;\">El envase unitario del lubricante\u00a0<strong>CONFORTEX GEL NATURE<\/strong>\u00a0incluye la composici\u00f3n e indicaciones de uso y conservaci\u00f3n, as\u00ed como toda la informaci\u00f3n necesaria para su utilizaci\u00f3n con plena seguridad.<\/p>\n<p style=\"line-height: 20.8px;\">El lubricante\u00a0<strong>CONFORTEX GEL NATURE<\/strong>\u00a0tiene una caducidad de 5 a\u00f1os desde su fecha de fabricaci\u00f3n. Todos nuestros envases llevan impresa tanto la fecha de caducidad como el n\u00famero de lote para su identificaci\u00f3n. La fecha de caducidad indica el periodo de utilizaci\u00f3n con resultados \u00f3ptimos.<\/p>\n<p style=\"line-height: 20.8px;\">El envase herm\u00e9tico en formato monodosis del lubricante CONFORTEX GEL NATURE mantiene las propiedades inalterables del lubricante.<\/p>\n<ul style=\"line-height: 20.8px;\">\n<li><strong>Composici\u00f3n:\u00a0<\/strong>Agua purificada, Glicerina, Propilenoglicol USP, Hidroxietercelulosa, Benzoato de sodio, Polisorbato 20, Disodio EDTA. Sin az\u00facar, ni parabenos.<\/li>\n<li><strong>Lubricante no graso:<\/strong>\u00a0Base acuosa.<\/li>\n<li><strong>Dermatol\u00f3gicamente testado:<\/strong>\u00a0Respeta la fisiolog\u00eda natural (pH <7).<\/li>\n<li><strong>Color:<\/strong>\u00a0Transparente, no deja manchas.<\/li>\n<li><strong>Sabor:<\/strong>\u00a0Sin sabor y sin aroma.<\/li>\n<li><strong>Textura:<\/strong>\u00a0Suave y sedosa.<\/li>\n<li><strong>Formato:<\/strong>\u00a0Envase herm\u00e9tico monodosis de 6 ml.<\/li>\n<\/ul>\n","protected":false},"excerpt":{"rendered":"<p>CONFORTEX LUBRICANTE MONODOSIS 6ML<\/p>\n","protected":false},"featured_media":50412,"template":"","meta":[],"pwb-brand":[779],"product_brand":[],"product_cat":[337,338,400],"product_tag":[],"class_list":{"0":"post-14919","1":"product","2":"type-product","3":"status-publish","4":"has-post-thumbnail","6":"pwb-brand-confortex","7":"product_cat-aceites-y-lubricantes","8":"product_cat-aceites-y-lubricanteslubricantes","9":"product_cat-aceites-y-lubricanteslubricantesmonodosis","10":"post_count_is_0","11":"boutique_post_style_4","13":"first","14":"instock","15":"taxable","16":"shipping-taxable","17":"purchasable","18":"product-type-simple","19":"boutique_image_style_2"},"brands":[{"id":779,"name":"CONFORTEX","slug":"confortex"}],"_links":{"self":[{"href":"https:\/\/www.pussycatmerida.com\/eshop\/wp-json\/wp\/v2\/product\/14919","targetHints":{"allow":["GET"]}}],"collection":[{"href":"https:\/\/www.pussycatmerida.com\/eshop\/wp-json\/wp\/v2\/product"}],"about":[{"href":"https:\/\/www.pussycatmerida.com\/eshop\/wp-json\/wp\/v2\/types\/product"}],"wp:featuredmedia":[{"embeddable":true,"href":"https:\/\/www.pussycatmerida.com\/eshop\/wp-json\/wp\/v2\/media\/50412"}],"wp:attachment":[{"href":"https:\/\/www.pussycatmerida.com\/eshop\/wp-json\/wp\/v2\/media?parent=14919"}],"wp:term":[{"taxonomy":"pwb-brand","embeddable":true,"href":"https:\/\/www.pussycatmerida.com\/eshop\/wp-json\/wp\/v2\/pwb-brand?post=14919"},{"taxonomy":"product_brand","embeddable":true,"href":"https:\/\/www.pussycatmerida.com\/eshop\/wp-json\/wp\/v2\/product_brand?post=14919"},{"taxonomy":"product_cat","embeddable":true,"href":"https:\/\/www.pussycatmerida.com\/eshop\/wp-json\/wp\/v2\/product_cat?post=14919"},{"taxonomy":"product_tag","embeddable":true,"href":"https:\/\/www.pussycatmerida.com\/eshop\/wp-json\/wp\/v2\/product_tag?post=14919"}],"curies":[{"name":"wp","href":"https:\/\/api.w.org\/{rel}","templated":true}]}}