{"id":1493,"date":"2021-02-26T15:41:44","date_gmt":"2021-02-26T13:41:44","guid":{"rendered":"https:\/\/www.pussycatmerida.com\/eshop\/product\/fetish-fantasy-arnes-hueco-ajustable-negro-15-cm\/"},"modified":"2026-03-11T12:27:33","modified_gmt":"2026-03-11T11:27:33","slug":"fetish-fantasy-arnes-hueco-ajustable-negro-15-cm","status":"publish","type":"product","link":"https:\/\/www.pussycatmerida.com\/eshop\/producto\/fetish-fantasy-arnes-hueco-ajustable-negro-15-cm\/","title":{"rendered":"FETISH FANTASY ARNES HUECO AJUSTABLE NEGRO 15 CM"},"content":{"rendered":"<p>Es un fant\u00e1stico arn\u00e9s hueco para hombre en color Lila Fabricado con gelatina de primera calidad, libre de Phalatos, pertenece a la colecci\u00f3n FETISH FANTASY SERIES.<\/p>\n<p>Siempre ha querido tener un pene grande y sentirse m\u00e1s confiado con su tama\u00f1o? Su amante sabe que el tama\u00f1o s\u00ed importa, y nadie puede cumplir con sus fantas\u00edas y satisfacer a su pareja como un semental.<\/p>\n<p>El arn\u00e9s el\u00e1stico y c\u00f3modo, se ajusta f\u00e1cilmente para adaptarse a la mayor\u00eda de los tama\u00f1os. Es perfecto para los hombre con disfunci\u00f3n er\u00e9ctil, para las mujeres, o para las parejas que fantasean acerca de sus deseos m\u00e1s oscuros.<\/p>\n<p>Para una mejor conservaci\u00f3n, recomendamos su limpieza despu\u00e9s de cada uso con Pipedream Toy Cleaner y agua tibia.<\/p>\n<p>Explore su lado dominante o sumiso.<\/p>\n<p>Mide, 15 cm x 3.8 cm<\/p>\n<p>Este kit contiene:<\/p>\n<p>&#8211; Arn\u00e9s ajustable.<br \/>&#8211; M\u00e1scara de regalo.<\/p>\n<p>\u00a0<\/p>\n<p style=\"text-align: center;\"><embed allowfullscreen=\"true\" allowscriptaccess=\"always\" flashvars=\"controlbar=bottomnetstreambasepath=http%3A%2F%2Fwww.pipedreamproducts.com%2Ffile=http%3A%2F%2Fwww.pipedreamproducts.com%2Fvideos%2Fpd3366-12.m4vautostart=true\" height=\"304\" src=\"http:\/\/www.pipedreamproducts.com\/jwplayer\/player.swf\" width=\"500\"><\/embed><\/p>\n","protected":false},"excerpt":{"rendered":"<p>FETISH FANTASY SERIES BLACK DREAM  HOLLOW STRAP ON 15 CM<\/p>\n","protected":false},"featured_media":53827,"template":"","meta":[],"pwb-brand":[485,476],"product_brand":[],"product_cat":[276,917,278,282,274,306],"product_tag":[],"class_list":{"0":"post-1493","1":"product","2":"type-product","3":"status-publish","4":"has-post-thumbnail","6":"pwb-brand-pipedreams-fetish-fantasy-series","7":"pwb-brand-pipedreams","8":"product_cat-juguetes-sexuales-xxxaccesorios-para-el-pene","9":"product_cat-arnes-hueco","10":"product_cat-juguetes-sexuales-xxxarneses","11":"product_cat-juguetes-sexuales-xxxfetish-bondage","12":"product_cat-juguetes-sexuales-xxx","13":"product_cat-juguetes-sexuales-xxxpara-el","14":"post_count_is_0","15":"boutique_post_style_4","17":"first","18":"instock","19":"taxable","20":"shipping-taxable","21":"purchasable","22":"product-type-simple","23":"boutique_image_style_2"},"brands":[{"id":485,"name":"FETISH FANTASY SERIES","slug":"pipedreams-fetish-fantasy-series"},{"id":476,"name":"PIPEDREAMS","slug":"pipedreams"}],"_links":{"self":[{"href":"https:\/\/www.pussycatmerida.com\/eshop\/wp-json\/wp\/v2\/product\/1493","targetHints":{"allow":["GET"]}}],"collection":[{"href":"https:\/\/www.pussycatmerida.com\/eshop\/wp-json\/wp\/v2\/product"}],"about":[{"href":"https:\/\/www.pussycatmerida.com\/eshop\/wp-json\/wp\/v2\/types\/product"}],"wp:featuredmedia":[{"embeddable":true,"href":"https:\/\/www.pussycatmerida.com\/eshop\/wp-json\/wp\/v2\/media\/53827"}],"wp:attachment":[{"href":"https:\/\/www.pussycatmerida.com\/eshop\/wp-json\/wp\/v2\/media?parent=1493"}],"wp:term":[{"taxonomy":"pwb-brand","embeddable":true,"href":"https:\/\/www.pussycatmerida.com\/eshop\/wp-json\/wp\/v2\/pwb-brand?post=1493"},{"taxonomy":"product_brand","embeddable":true,"href":"https:\/\/www.pussycatmerida.com\/eshop\/wp-json\/wp\/v2\/product_brand?post=1493"},{"taxonomy":"product_cat","embeddable":true,"href":"https:\/\/www.pussycatmerida.com\/eshop\/wp-json\/wp\/v2\/product_cat?post=1493"},{"taxonomy":"product_tag","embeddable":true,"href":"https:\/\/www.pussycatmerida.com\/eshop\/wp-json\/wp\/v2\/product_tag?post=1493"}],"curies":[{"name":"wp","href":"https:\/\/api.w.org\/{rel}","templated":true}]}}