{"id":15172,"date":"2021-02-24T14:27:50","date_gmt":"2021-02-24T12:27:50","guid":{"rendered":"https:\/\/www.pussycatmerida.com\/eshop\/product\/fantasy-c-ringz-extreme-jaula-pene-silicona\/"},"modified":"2026-03-11T12:39:22","modified_gmt":"2026-03-11T11:39:22","slug":"fantasy-c-ringz-extreme-jaula-pene-silicona","status":"publish","type":"product","link":"https:\/\/www.pussycatmerida.com\/eshop\/producto\/fantasy-c-ringz-extreme-jaula-pene-silicona\/","title":{"rendered":"FANTASY C-RINGZ EXTREME JAULA PENE SILICONA"},"content":{"rendered":"<p><span style=\"line-height: 20.8px;\">Fantasy C-ring es la gama de anillos m\u00e1s completa! su dise\u00f1o ha sido revisado para estimular a la perfecci\u00f3n el pene y todos sus sentidos, cada uno ha sido dise\u00f1ado por un equipo de ingenieros Pipedreams.<\/span><\/p>\n<p>Fabricado en silicona de alta calidad te ayudar\u00e1 a actuar como un profesional, durar\u00e1s m\u00e1s que nunca y extender\u00e1s la diversi\u00f3n para los dos.<\/p>\n<p>Pru\u00e9balo en la ducha o ba\u00f1era de hidromasaje y convierte la hora del ba\u00f1o en un momento de placer.<\/p>\n<ul>\n<li>Longitud de la funda: 9.5 cm Di\u00e1metro de la funda: 4 cm Di\u00e1metro del anillo ajustable: 4.5 cm a 5.2 cm<\/li>\n<\/ul>\n<p>Incluye muestra de lubricante y toycleanner.<\/p>\n<p>La gama Black de Fantasy C-ring est\u00e1 100% pensando para el hombre que busca aumentar sensaciones sin limites sea cual sea su condicion sexual, ya que toda la gama ha sido desarrollada por heteresexuales y homosexuales pensada por y para el hombre!<\/p>\n<p style=\"text-align: center;\">\u00a0<\/p>\n<p style=\"text-align: center;\"><iframe loading=\"lazy\" allowfullscreen=\"\" frameborder=\"0\" height=\"400\" mozallowfullscreen=\"\" src=\"https:\/\/player.vimeo.com\/video\/145429848\" webkitallowfullscreen=\"\" width=\"700\"><\/iframe><\/p>\n","protected":false},"excerpt":{"rendered":"<p>FANTASY C-RINGZ EXTREME SILICONE COCK BLOCKER<\/p>\n","protected":false},"featured_media":32595,"template":"","meta":[],"pwb-brand":[477,476],"product_brand":[],"product_cat":[276,274],"product_tag":[],"class_list":{"0":"post-15172","1":"product","2":"type-product","3":"status-publish","4":"has-post-thumbnail","6":"pwb-brand-pipedreams-fantasy-c-ringz","7":"pwb-brand-pipedreams","8":"product_cat-juguetes-sexuales-xxxaccesorios-para-el-pene","9":"product_cat-juguetes-sexuales-xxx","10":"post_count_is_0","11":"boutique_post_style_4","13":"first","14":"instock","15":"taxable","16":"shipping-taxable","17":"purchasable","18":"product-type-simple","19":"boutique_image_style_2"},"brands":[{"id":477,"name":"FANTASY C-RINGZ","slug":"pipedreams-fantasy-c-ringz"},{"id":476,"name":"PIPEDREAMS","slug":"pipedreams"}],"_links":{"self":[{"href":"https:\/\/www.pussycatmerida.com\/eshop\/wp-json\/wp\/v2\/product\/15172","targetHints":{"allow":["GET"]}}],"collection":[{"href":"https:\/\/www.pussycatmerida.com\/eshop\/wp-json\/wp\/v2\/product"}],"about":[{"href":"https:\/\/www.pussycatmerida.com\/eshop\/wp-json\/wp\/v2\/types\/product"}],"wp:featuredmedia":[{"embeddable":true,"href":"https:\/\/www.pussycatmerida.com\/eshop\/wp-json\/wp\/v2\/media\/32595"}],"wp:attachment":[{"href":"https:\/\/www.pussycatmerida.com\/eshop\/wp-json\/wp\/v2\/media?parent=15172"}],"wp:term":[{"taxonomy":"pwb-brand","embeddable":true,"href":"https:\/\/www.pussycatmerida.com\/eshop\/wp-json\/wp\/v2\/pwb-brand?post=15172"},{"taxonomy":"product_brand","embeddable":true,"href":"https:\/\/www.pussycatmerida.com\/eshop\/wp-json\/wp\/v2\/product_brand?post=15172"},{"taxonomy":"product_cat","embeddable":true,"href":"https:\/\/www.pussycatmerida.com\/eshop\/wp-json\/wp\/v2\/product_cat?post=15172"},{"taxonomy":"product_tag","embeddable":true,"href":"https:\/\/www.pussycatmerida.com\/eshop\/wp-json\/wp\/v2\/product_tag?post=15172"}],"curies":[{"name":"wp","href":"https:\/\/api.w.org\/{rel}","templated":true}]}}