{"id":15288,"date":"2021-03-01T10:37:00","date_gmt":"2021-03-01T08:37:00","guid":{"rendered":"https:\/\/www.pussycatmerida.com\/eshop\/product\/fetish-fantasy-series-bomba-succion-vaginal-potente\/"},"modified":"2026-03-11T12:39:21","modified_gmt":"2026-03-11T11:39:21","slug":"fetish-fantasy-series-bomba-succion-vaginal-potente","status":"publish","type":"product","link":"https:\/\/www.pussycatmerida.com\/eshop\/producto\/fetish-fantasy-series-bomba-succion-vaginal-potente\/","title":{"rendered":"FETISH FANTASY SERIES BOMBA SUCCI\u00d3N VAGINAL POTENTE"},"content":{"rendered":"<p>Infla la pasi\u00f3n y observa tu miembro hincharse con placer. Cada vez que pulses el hinchador, la alta intensidad de succi\u00f3n estimular\u00e1 tus labios y vulva. Acampanado y moldeado para adaptarse perfectamente a tu miembro, esto es exactamente lo que estabas buscando para conseguir unos bonitos labios. Para disminuir la presi\u00f3n, simplemente pulsa la v\u00e1lvula de liberaci\u00f3n r\u00e1pida y estar\u00e1s lista para la diversi\u00f3n.<\/p>\n<p>Anfifaz de regalo en el interior!<\/p>\n","protected":false},"excerpt":{"rendered":"<p>FETISH FANTASY SERIES HIGH INTENSITY PUSSY PUMP<\/p>\n","protected":false},"featured_media":57426,"template":"","meta":[],"pwb-brand":[485,476],"product_brand":[],"product_cat":[423,282,274,294],"product_tag":[],"class_list":{"0":"post-15288","1":"product","2":"type-product","3":"status-publish","4":"has-post-thumbnail","6":"pwb-brand-pipedreams-fetish-fantasy-series","7":"pwb-brand-pipedreams","8":"product_cat-juguetes-sexuales-xxxfetish-bondagebdsm-accesorios","9":"product_cat-juguetes-sexuales-xxxfetish-bondage","10":"product_cat-juguetes-sexuales-xxx","11":"product_cat-juguetes-sexuales-xxxmasturbadores-para-ellas","12":"post_count_is_0","13":"boutique_post_style_4","15":"first","16":"instock","17":"taxable","18":"shipping-taxable","19":"purchasable","20":"product-type-simple","21":"boutique_image_style_2"},"brands":[{"id":485,"name":"FETISH FANTASY SERIES","slug":"pipedreams-fetish-fantasy-series"},{"id":476,"name":"PIPEDREAMS","slug":"pipedreams"}],"_links":{"self":[{"href":"https:\/\/www.pussycatmerida.com\/eshop\/wp-json\/wp\/v2\/product\/15288","targetHints":{"allow":["GET"]}}],"collection":[{"href":"https:\/\/www.pussycatmerida.com\/eshop\/wp-json\/wp\/v2\/product"}],"about":[{"href":"https:\/\/www.pussycatmerida.com\/eshop\/wp-json\/wp\/v2\/types\/product"}],"wp:featuredmedia":[{"embeddable":true,"href":"https:\/\/www.pussycatmerida.com\/eshop\/wp-json\/wp\/v2\/media\/57426"}],"wp:attachment":[{"href":"https:\/\/www.pussycatmerida.com\/eshop\/wp-json\/wp\/v2\/media?parent=15288"}],"wp:term":[{"taxonomy":"pwb-brand","embeddable":true,"href":"https:\/\/www.pussycatmerida.com\/eshop\/wp-json\/wp\/v2\/pwb-brand?post=15288"},{"taxonomy":"product_brand","embeddable":true,"href":"https:\/\/www.pussycatmerida.com\/eshop\/wp-json\/wp\/v2\/product_brand?post=15288"},{"taxonomy":"product_cat","embeddable":true,"href":"https:\/\/www.pussycatmerida.com\/eshop\/wp-json\/wp\/v2\/product_cat?post=15288"},{"taxonomy":"product_tag","embeddable":true,"href":"https:\/\/www.pussycatmerida.com\/eshop\/wp-json\/wp\/v2\/product_tag?post=15288"}],"curies":[{"name":"wp","href":"https:\/\/api.w.org\/{rel}","templated":true}]}}