{"id":1529,"date":"2021-02-26T11:10:44","date_gmt":"2021-02-26T09:10:44","guid":{"rendered":"https:\/\/www.pussycatmerida.com\/eshop\/product\/fetish-fantasy-tanga-de-encaje-negro-con-vibrador\/"},"modified":"2026-03-11T12:38:31","modified_gmt":"2026-03-11T11:38:31","slug":"fetish-fantasy-tanga-de-encaje-negro-con-vibrador","status":"publish","type":"product","link":"https:\/\/www.pussycatmerida.com\/eshop\/producto\/fetish-fantasy-tanga-de-encaje-negro-con-vibrador\/","title":{"rendered":"FETISH FANTASY TANGA DE ENCAJE NEGRO CON VIBRADOR"},"content":{"rendered":"<p>Puedes guardar un secreto? Guardado discretamente dentro de este sexy tanga de encaje de cintura baja se esconde una mini bala vibradora dise\u00f1ada para hacer temblar tus piernas.<\/p>\n<p>La suave y el\u00e1stica cinturilla es tan c\u00f3moda que olvidar\u00e1s que llevas ropa interior, hasta que acciones el micro estimulador&#8230;<\/p>\n<p>Con solo pulsar el bot\u00f3n, el motor ultra silencioso se acciona proveendote una estimulaci\u00f3n directa all\u00e1 donde tu quieras. Lo mejor de todo, es que nadie sabr\u00e1 porqu\u00e9 sonr\u00edes tanto&#8230;<\/p>\n<p>Funciona con 3 pilas LR44 no\u00a0incluidas.<\/p>\n<p>Incluye una mascara de regalo.<\/p>\n","protected":false},"excerpt":{"rendered":"<p>FETISH FANTASY HANKY SPANK ME VIBRATING PANTY<\/p>\n","protected":false},"featured_media":42633,"template":"","meta":[],"pwb-brand":[485,476],"product_brand":[],"product_cat":[288,282,274,309,294,321,299,298],"product_tag":[],"class_list":{"0":"post-1529","1":"product","2":"type-product","3":"status-publish","4":"has-post-thumbnail","6":"pwb-brand-pipedreams-fetish-fantasy-series","7":"pwb-brand-pipedreams","8":"product_cat-juguetes-sexuales-xxxestimuladores","9":"product_cat-juguetes-sexuales-xxxfetish-bondage","10":"product_cat-juguetes-sexuales-xxx","11":"product_cat-lenceria","12":"product_cat-juguetes-sexuales-xxxmasturbadores-para-ellas","13":"product_cat-lenceriatangas-culots","14":"product_cat-juguetes-sexuales-xxxvibradores","15":"product_cat-juguetes-sexuales-xxxvibradores-hi-tech","16":"post_count_is_0","17":"boutique_post_style_4","19":"first","20":"instock","21":"taxable","22":"shipping-taxable","23":"purchasable","24":"product-type-simple","25":"boutique_image_style_2"},"brands":[{"id":485,"name":"FETISH FANTASY SERIES","slug":"pipedreams-fetish-fantasy-series"},{"id":476,"name":"PIPEDREAMS","slug":"pipedreams"}],"_links":{"self":[{"href":"https:\/\/www.pussycatmerida.com\/eshop\/wp-json\/wp\/v2\/product\/1529","targetHints":{"allow":["GET"]}}],"collection":[{"href":"https:\/\/www.pussycatmerida.com\/eshop\/wp-json\/wp\/v2\/product"}],"about":[{"href":"https:\/\/www.pussycatmerida.com\/eshop\/wp-json\/wp\/v2\/types\/product"}],"wp:featuredmedia":[{"embeddable":true,"href":"https:\/\/www.pussycatmerida.com\/eshop\/wp-json\/wp\/v2\/media\/42633"}],"wp:attachment":[{"href":"https:\/\/www.pussycatmerida.com\/eshop\/wp-json\/wp\/v2\/media?parent=1529"}],"wp:term":[{"taxonomy":"pwb-brand","embeddable":true,"href":"https:\/\/www.pussycatmerida.com\/eshop\/wp-json\/wp\/v2\/pwb-brand?post=1529"},{"taxonomy":"product_brand","embeddable":true,"href":"https:\/\/www.pussycatmerida.com\/eshop\/wp-json\/wp\/v2\/product_brand?post=1529"},{"taxonomy":"product_cat","embeddable":true,"href":"https:\/\/www.pussycatmerida.com\/eshop\/wp-json\/wp\/v2\/product_cat?post=1529"},{"taxonomy":"product_tag","embeddable":true,"href":"https:\/\/www.pussycatmerida.com\/eshop\/wp-json\/wp\/v2\/product_tag?post=1529"}],"curies":[{"name":"wp","href":"https:\/\/api.w.org\/{rel}","templated":true}]}}