{"id":15302,"date":"2021-02-24T14:30:17","date_gmt":"2021-02-24T12:30:17","guid":{"rendered":"https:\/\/www.pussycatmerida.com\/eshop\/product\/fetish-fantasy-series-7-hollow-strap-on-with-balls-17-8cm-natural\/"},"modified":"2026-03-11T12:27:33","modified_gmt":"2026-03-11T11:27:33","slug":"fetish-fantasy-series-7-hollow-strap-on-with-balls-17-8cm-natural","status":"publish","type":"product","link":"https:\/\/www.pussycatmerida.com\/eshop\/producto\/fetish-fantasy-series-7-hollow-strap-on-with-balls-17-8cm-natural\/","title":{"rendered":"FETISH FANTASY SERIES 7&#8243; HOLLOW STRAP-ON WITH BALLS 17.8CM NATURAL"},"content":{"rendered":"<p style=\"line-height: 20.8px;\">No has querido sentirte siempre m\u00e1s seguro del tama\u00f1o de tu pene y disfrutar del sexo con tu pareja hasta alcanzar juntos el orgasmo?<\/p>\n<p style=\"line-height: 20.8px;\">Ahora puedes tener el ancho y largo que siempre so\u00f1aste con el 7Hollow Strap-On with Balls de la serie Fetish Fantasy. Su arn\u00e9s el\u00e1stico se ajusta f\u00e1cilmente a la mayor\u00eda de los tama\u00f1os, mientras que el dido da en el punto exacto.<\/p>\n<p style=\"line-height: 20.8px;\">Es perfecto para hombres con ED, problemas de eyaculaci\u00f3n precoz o que simplemente buscan a\u00f1adir algo de grosor y tama\u00f1o extra.<\/p>\n<p style=\"line-height: 20.8px;\">El dildo est\u00e1 fabricado en un material libre de f\u00e1latos y compatible con la mayor\u00eda de lubricantes de agua y silicona.<\/p>\n<p style=\"line-height: 20.8px;\">Limpiar despu\u00e9s de usar con Pipedream Toy Cleaner y agua tibia.<\/p>\n<ul style=\"line-height: 20.8px;\">\n<li>Longitud total: 18.9 cm (17.8 cm insertables)<\/li>\n<li>Di\u00e1metro: 4.3 cm<\/li>\n<li>Longitud de la parte interior 10.4 cm<\/li>\n<li>Di\u00e1metro de la parte interior: 4.3 cm<\/li>\n<li>Tama\u00f1o pretina: De 71.1 cm hasta 132.1 cm<\/li>\n<\/ul>\n<p style=\"line-height: 20.8px;\">Incluye antifaz de regalo<\/p>\n<p style=\"line-height: 20.8px;\">\u00a0<\/p>\n<p style=\"text-align: center;\"><iframe loading=\"lazy\" allowfullscreen=\"\" frameborder=\"0\" height=\"400\" mozallowfullscreen=\"\" src=\"https:\/\/player.vimeo.com\/video\/167953459\" webkitallowfullscreen=\"\" width=\"700\"><\/iframe><\/p>\n","protected":false},"excerpt":{"rendered":"<p>FETISH FANTASY SERIES 7&#8243; HOLLOW STRAP-ON WITH BALLS 17.8CM FLESH<\/p>\n","protected":false},"featured_media":33368,"template":"","meta":[],"pwb-brand":[485,476],"product_brand":[],"product_cat":[917,278,274],"product_tag":[],"class_list":{"0":"post-15302","1":"product","2":"type-product","3":"status-publish","4":"has-post-thumbnail","6":"pwb-brand-pipedreams-fetish-fantasy-series","7":"pwb-brand-pipedreams","8":"product_cat-arnes-hueco","9":"product_cat-juguetes-sexuales-xxxarneses","10":"product_cat-juguetes-sexuales-xxx","11":"post_count_is_0","12":"boutique_post_style_4","14":"first","15":"instock","16":"taxable","17":"shipping-taxable","18":"purchasable","19":"product-type-simple","20":"boutique_image_style_2"},"brands":[{"id":485,"name":"FETISH FANTASY SERIES","slug":"pipedreams-fetish-fantasy-series"},{"id":476,"name":"PIPEDREAMS","slug":"pipedreams"}],"_links":{"self":[{"href":"https:\/\/www.pussycatmerida.com\/eshop\/wp-json\/wp\/v2\/product\/15302","targetHints":{"allow":["GET"]}}],"collection":[{"href":"https:\/\/www.pussycatmerida.com\/eshop\/wp-json\/wp\/v2\/product"}],"about":[{"href":"https:\/\/www.pussycatmerida.com\/eshop\/wp-json\/wp\/v2\/types\/product"}],"wp:featuredmedia":[{"embeddable":true,"href":"https:\/\/www.pussycatmerida.com\/eshop\/wp-json\/wp\/v2\/media\/33368"}],"wp:attachment":[{"href":"https:\/\/www.pussycatmerida.com\/eshop\/wp-json\/wp\/v2\/media?parent=15302"}],"wp:term":[{"taxonomy":"pwb-brand","embeddable":true,"href":"https:\/\/www.pussycatmerida.com\/eshop\/wp-json\/wp\/v2\/pwb-brand?post=15302"},{"taxonomy":"product_brand","embeddable":true,"href":"https:\/\/www.pussycatmerida.com\/eshop\/wp-json\/wp\/v2\/product_brand?post=15302"},{"taxonomy":"product_cat","embeddable":true,"href":"https:\/\/www.pussycatmerida.com\/eshop\/wp-json\/wp\/v2\/product_cat?post=15302"},{"taxonomy":"product_tag","embeddable":true,"href":"https:\/\/www.pussycatmerida.com\/eshop\/wp-json\/wp\/v2\/product_tag?post=15302"}],"curies":[{"name":"wp","href":"https:\/\/api.w.org\/{rel}","templated":true}]}}