{"id":15308,"date":"2021-02-24T14:30:20","date_gmt":"2021-02-24T12:30:20","guid":{"rendered":"https:\/\/www.pussycatmerida.com\/eshop\/product\/fetish-fantasy-series-11-arnes-vibrador-con-testiculos-hueco-man-27-9-cm-natural\/"},"modified":"2026-03-11T12:27:33","modified_gmt":"2026-03-11T11:27:33","slug":"fetish-fantasy-series-11-arnes-vibrador-con-testiculos-hueco-man-27-9-cm-natural","status":"publish","type":"product","link":"https:\/\/www.pussycatmerida.com\/eshop\/producto\/fetish-fantasy-series-11-arnes-vibrador-con-testiculos-hueco-man-27-9-cm-natural\/","title":{"rendered":"FETISH FANTASY SERIES 11&#8243; ARNES VIBRADOR CON TESTICULOS HUECO MAN 27.9 CM NATURAL"},"content":{"rendered":"<p>No has querido sentirte siempre m\u00e1s seguro del tama\u00f1o de tu pene y disfrutar del sexo con tu pareja hasta alcanzar juntos el orgasmo?<\/p>\n<p>Ahora puedes tener el ancho y largo que siempre so\u00f1aste con el 11Hollow Strap-On with Balls de la serie Fetish Fantasy. Su arn\u00e9s el\u00e1stico se ajusta f\u00e1cilmente a la mayor\u00eda de los tama\u00f1os, mientras que el dildo da en el punto exacto.<\/p>\n<p>Es perfecto para hombres con ED, problemas de eyaculaci\u00f3n precoz o que simplemente buscan a\u00f1adir algo de grosor y tama\u00f1o extra.<\/p>\n<p>El dildo est\u00e1 fabricado en un material libre de f\u00e1latos y compatible con la mayor\u00eda de lubricantes de agua y silicona.<\/p>\n<p>Elige la velocidad que desees para que las poderosas vibraciones hagan el resto. Una bala s\u00faper potente y multivelocidad env\u00eda vibraciones en la punta del dildo. El exclusivo clip de cintura manos libres te permite mantener el controlador contigo.<\/p>\n<p>Limpiar despu\u00e9s de usar con Pipedream Toy Cleaner y agua tibia.<\/p>\n<ul>\n<li>Longitud total: 29 cm (27.9 cm insertables)<\/li>\n<li>Di\u00e1metro: 4.8 cm<\/li>\n<li>Longitud de la parte interior: 11 cm<\/li>\n<li>Di\u00e1metro de la parte interior: 4.3 cm<\/li>\n<li>Tama\u00f1o pretina: De 71.1 cm hasta 132.1 cm<\/li>\n<\/ul>\n<p style=\"text-align: center;\"><iframe loading=\"lazy\" allowfullscreen=\"\" frameborder=\"0\" height=\"400\" mozallowfullscreen=\"\" src=\"https:\/\/player.vimeo.com\/video\/167955551\" webkitallowfullscreen=\"\" width=\"700\"><\/iframe><\/p>\n","protected":false},"excerpt":{"rendered":"<p>FETISH FANTASY SERIES 11&#8243; HOLLOW STRAP-ON VIBRATING WITH BALLS 27.9CM FLESH<\/p>\n","protected":false},"featured_media":33383,"template":"","meta":[],"pwb-brand":[485,476],"product_brand":[],"product_cat":[909,917,278,274],"product_tag":[],"class_list":{"0":"post-15308","1":"product","2":"type-product","3":"status-publish","4":"has-post-thumbnail","6":"pwb-brand-pipedreams-fetish-fantasy-series","7":"pwb-brand-pipedreams","8":"product_cat-arnes-con-vibracion","9":"product_cat-arnes-hueco","10":"product_cat-juguetes-sexuales-xxxarneses","11":"product_cat-juguetes-sexuales-xxx","12":"post_count_is_0","13":"boutique_post_style_4","15":"first","16":"instock","17":"taxable","18":"shipping-taxable","19":"purchasable","20":"product-type-simple","21":"boutique_image_style_2"},"brands":[{"id":485,"name":"FETISH FANTASY SERIES","slug":"pipedreams-fetish-fantasy-series"},{"id":476,"name":"PIPEDREAMS","slug":"pipedreams"}],"_links":{"self":[{"href":"https:\/\/www.pussycatmerida.com\/eshop\/wp-json\/wp\/v2\/product\/15308","targetHints":{"allow":["GET"]}}],"collection":[{"href":"https:\/\/www.pussycatmerida.com\/eshop\/wp-json\/wp\/v2\/product"}],"about":[{"href":"https:\/\/www.pussycatmerida.com\/eshop\/wp-json\/wp\/v2\/types\/product"}],"wp:featuredmedia":[{"embeddable":true,"href":"https:\/\/www.pussycatmerida.com\/eshop\/wp-json\/wp\/v2\/media\/33383"}],"wp:attachment":[{"href":"https:\/\/www.pussycatmerida.com\/eshop\/wp-json\/wp\/v2\/media?parent=15308"}],"wp:term":[{"taxonomy":"pwb-brand","embeddable":true,"href":"https:\/\/www.pussycatmerida.com\/eshop\/wp-json\/wp\/v2\/pwb-brand?post=15308"},{"taxonomy":"product_brand","embeddable":true,"href":"https:\/\/www.pussycatmerida.com\/eshop\/wp-json\/wp\/v2\/product_brand?post=15308"},{"taxonomy":"product_cat","embeddable":true,"href":"https:\/\/www.pussycatmerida.com\/eshop\/wp-json\/wp\/v2\/product_cat?post=15308"},{"taxonomy":"product_tag","embeddable":true,"href":"https:\/\/www.pussycatmerida.com\/eshop\/wp-json\/wp\/v2\/product_tag?post=15308"}],"curies":[{"name":"wp","href":"https:\/\/api.w.org\/{rel}","templated":true}]}}