{"id":15314,"date":"2021-03-01T10:37:33","date_gmt":"2021-03-01T08:37:33","guid":{"rendered":"https:\/\/www.pussycatmerida.com\/eshop\/product\/fetish-fantasy-series-extreme-hog-tie-kit\/"},"modified":"2026-03-11T12:39:21","modified_gmt":"2026-03-11T11:39:21","slug":"fetish-fantasy-series-extreme-hog-tie-kit","status":"publish","type":"product","link":"https:\/\/www.pussycatmerida.com\/eshop\/producto\/fetish-fantasy-series-extreme-hog-tie-kit\/","title":{"rendered":"FETISH FANTASY SERIES EXTREME HOG-TIE KIT"},"content":{"rendered":"<p>Ten control absoluto sobre cada movimiento de tu pareja con el kit Extreme Hog- Tie. Es muy f\u00e1cil de usar e incluye mu\u00f1equeras de neopreno, esposas para los tobillos, hogtie de metal y un antifaz Free Satin Love. Disfr\u00fatalo sin preocuparte de usar complicadas t\u00e9cnicas ni nudos.<\/p>\n<p>Las esposas se unen con el hogtie con cadenas de metal y se ajustan f\u00e1cilmente con velcro a la mayor\u00eda de los tama\u00f1os.<\/p>\n<p>Una vez que tu pareja est\u00e9 atada y sin poder moverse lo que suceda ya depender\u00e1 de ti.<\/p>\n<p>Incluye:<\/p>\n<ul>\n<li>Hogtie de metal.<\/li>\n<li>Esposas para las mu\u00f1ecas de neopreno.<\/li>\n<li>Esposas para los tobillos de neopreno.<\/li>\n<\/ul>\n<p>Antifaz Free Satin Love.<\/p>\n","protected":false},"excerpt":{"rendered":"<p>FETISH FANTASY SERIES EXTREME HOG-TIE KIT<\/p>\n","protected":false},"featured_media":57480,"template":"","meta":[],"pwb-brand":[485,476],"product_brand":[],"product_cat":[411,423,390,282,274,389],"product_tag":[],"class_list":{"0":"post-15314","1":"product","2":"type-product","3":"status-publish","4":"has-post-thumbnail","6":"pwb-brand-pipedreams-fetish-fantasy-series","7":"pwb-brand-pipedreams","8":"product_cat-juguetes-sexuales-xxxfetish-bondagearticulos-sexo-duro","9":"product_cat-juguetes-sexuales-xxxfetish-bondagebdsm-accesorios","10":"product_cat-juguetes-sexuales-xxxfetish-bondageesposas","11":"product_cat-juguetes-sexuales-xxxfetish-bondage","12":"product_cat-juguetes-sexuales-xxx","13":"product_cat-juguetes-sexuales-xxxmascaras-y-esposas","14":"post_count_is_0","15":"boutique_post_style_4","17":"first","18":"instock","19":"taxable","20":"shipping-taxable","21":"purchasable","22":"product-type-simple","23":"boutique_image_style_2"},"brands":[{"id":485,"name":"FETISH FANTASY SERIES","slug":"pipedreams-fetish-fantasy-series"},{"id":476,"name":"PIPEDREAMS","slug":"pipedreams"}],"_links":{"self":[{"href":"https:\/\/www.pussycatmerida.com\/eshop\/wp-json\/wp\/v2\/product\/15314","targetHints":{"allow":["GET"]}}],"collection":[{"href":"https:\/\/www.pussycatmerida.com\/eshop\/wp-json\/wp\/v2\/product"}],"about":[{"href":"https:\/\/www.pussycatmerida.com\/eshop\/wp-json\/wp\/v2\/types\/product"}],"wp:featuredmedia":[{"embeddable":true,"href":"https:\/\/www.pussycatmerida.com\/eshop\/wp-json\/wp\/v2\/media\/57480"}],"wp:attachment":[{"href":"https:\/\/www.pussycatmerida.com\/eshop\/wp-json\/wp\/v2\/media?parent=15314"}],"wp:term":[{"taxonomy":"pwb-brand","embeddable":true,"href":"https:\/\/www.pussycatmerida.com\/eshop\/wp-json\/wp\/v2\/pwb-brand?post=15314"},{"taxonomy":"product_brand","embeddable":true,"href":"https:\/\/www.pussycatmerida.com\/eshop\/wp-json\/wp\/v2\/product_brand?post=15314"},{"taxonomy":"product_cat","embeddable":true,"href":"https:\/\/www.pussycatmerida.com\/eshop\/wp-json\/wp\/v2\/product_cat?post=15314"},{"taxonomy":"product_tag","embeddable":true,"href":"https:\/\/www.pussycatmerida.com\/eshop\/wp-json\/wp\/v2\/product_tag?post=15314"}],"curies":[{"name":"wp","href":"https:\/\/api.w.org\/{rel}","templated":true}]}}