{"id":158680,"date":"2024-01-24T18:16:42","date_gmt":"2024-01-24T17:16:42","guid":{"rendered":"https:\/\/www.pussycatmerida.com\/eshop\/?post_type=product&#038;p=158680"},"modified":"2024-01-24T18:16:43","modified_gmt":"2024-01-24T17:16:43","slug":"secretplay-vales-de-canje-sensuales","status":"publish","type":"product","link":"https:\/\/www.pussycatmerida.com\/eshop\/producto\/secretplay-vales-de-canje-sensuales\/","title":{"rendered":"SECRETPLAY &#8211; VALES DE CANJE SENSUALES"},"content":{"rendered":"<p>Estos 50 cheques te har\u00e1n pasar buenos ratos, excit\u00e1ndote e inspir\u00e1ndote con la diversidad de opciones que contienen para sorprender a tu pareja o amigos.<\/p>\n<p>    50 p\u00e1ginas<br \/>\n    180 x 100 mm<\/p>\n","protected":false},"excerpt":{"rendered":"<p>Estos 50 cheques te har\u00e1n pasar buenos ratos, excit\u00e1ndote e inspir\u00e1ndote con la diversidad de opciones que contienen para sorprender a tu pareja o amigos.<\/p>\n<p>    50 p\u00e1ginas<br \/>\n    180 x 100 mm<\/p>\n","protected":false},"featured_media":158681,"template":"","meta":[],"pwb-brand":[498,786],"product_brand":[],"product_cat":[375,376],"product_tag":[],"class_list":{"0":"post-158680","1":"product","2":"type-product","3":"status-publish","4":"has-post-thumbnail","6":"pwb-brand-secretplay","7":"pwb-brand-secretplaysecretplay-100-games","8":"product_cat-juegos","9":"product_cat-juegosjuegos-de-pareja","10":"post_count_is_0","11":"boutique_post_style_4","13":"first","14":"instock","15":"taxable","16":"shipping-taxable","17":"purchasable","18":"product-type-simple","19":"boutique_image_style_2"},"brands":[{"id":498,"name":"SECRETPLAY","slug":"secretplay"},{"id":786,"name":"SECRETPLAY 100% GAMES","slug":"secretplaysecretplay-100-games"}],"_links":{"self":[{"href":"https:\/\/www.pussycatmerida.com\/eshop\/wp-json\/wp\/v2\/product\/158680","targetHints":{"allow":["GET"]}}],"collection":[{"href":"https:\/\/www.pussycatmerida.com\/eshop\/wp-json\/wp\/v2\/product"}],"about":[{"href":"https:\/\/www.pussycatmerida.com\/eshop\/wp-json\/wp\/v2\/types\/product"}],"wp:featuredmedia":[{"embeddable":true,"href":"https:\/\/www.pussycatmerida.com\/eshop\/wp-json\/wp\/v2\/media\/158681"}],"wp:attachment":[{"href":"https:\/\/www.pussycatmerida.com\/eshop\/wp-json\/wp\/v2\/media?parent=158680"}],"wp:term":[{"taxonomy":"pwb-brand","embeddable":true,"href":"https:\/\/www.pussycatmerida.com\/eshop\/wp-json\/wp\/v2\/pwb-brand?post=158680"},{"taxonomy":"product_brand","embeddable":true,"href":"https:\/\/www.pussycatmerida.com\/eshop\/wp-json\/wp\/v2\/product_brand?post=158680"},{"taxonomy":"product_cat","embeddable":true,"href":"https:\/\/www.pussycatmerida.com\/eshop\/wp-json\/wp\/v2\/product_cat?post=158680"},{"taxonomy":"product_tag","embeddable":true,"href":"https:\/\/www.pussycatmerida.com\/eshop\/wp-json\/wp\/v2\/product_tag?post=158680"}],"curies":[{"name":"wp","href":"https:\/\/api.w.org\/{rel}","templated":true}]}}