{"id":16243,"date":"2021-02-24T15:11:47","date_gmt":"2021-02-24T13:11:47","guid":{"rendered":"https:\/\/www.pussycatmerida.com\/eshop\/product\/fetish-fantasy-series-the-incredible-sex-stool\/"},"modified":"2026-03-11T12:39:21","modified_gmt":"2026-03-11T11:39:21","slug":"fetish-fantasy-series-the-incredible-sex-stool","status":"publish","type":"product","link":"https:\/\/www.pussycatmerida.com\/eshop\/producto\/fetish-fantasy-series-the-incredible-sex-stool\/","title":{"rendered":"FETISH FANTASY SERIES THE INCREDIBLE SEX STOOL"},"content":{"rendered":"<p>Coge a tu pareja de los muslos y disfruta del sexo sin cogerla a peso. Mu\u00e9vela hacia arriba ya abajo f\u00e1cilmente y prueba nuevas posiciones y movimientos que jam\u00e1s cre\u00edste que fueran posibles.<\/p>\n<p>EL Fetish Fantasy Stool est\u00e1 dise\u00f1ado para jugar duro, resiste hasta 30 lbs y est\u00e1 construido con un armaz\u00f3n de acero tubular resistente que se puede desmontar para guardarlo facilmente. El asiento es flexible, f\u00e1cil de limpiar y hecho de TPU de alta resistencia. La apertura en el centro del asiento le permite acercarse y profundizar m\u00e1s que nunca, para m\u00e1xima penetraci\u00f3n y placer m\u00e1ximo! Lo mejor de todo, es lo suficientemente discreto que es, pues puede \u00a0pasar perfectamente como una silla normal o un taburete de tu dormitorio. S\u00e9 creativo, explorar nuevas t\u00e9cnicas, y haz de todo mucho m\u00e1s f\u00e1cil!<\/p>\n<p>SUGERENCIA: \u00a0Puedes poner una almohada debajo de tu pareja en la parte inferior si el Fetish Fantasy Stool est\u00e1 demasiado alto. Solo ponla debajo de su trasero, y no tendr\u00e1 ning\u00fan problema para penetrar profundamente gracias a la apertura de TPU!<\/p>\n<p>\u00a1Libera la tensi\u00f3n y convi\u00e9rtela en diversi\u00f3n!<\/p>\n<p>Incluye:<\/p>\n<ul>\n<li>Estructura<\/li>\n<li>2 l\u00e1minas de TPU de alta resistencia para usar como asiento.<\/li>\n<li>Antifaz Satin Love.<\/li>\n<\/ul>\n","protected":false},"excerpt":{"rendered":"<p>FETISH FANTASY SERIES THE INCREDIBLE SEX STOOL<\/p>\n","protected":false},"featured_media":35071,"template":"","meta":[],"pwb-brand":[485,476],"product_brand":[],"product_cat":[283,282,274,290],"product_tag":[],"class_list":{"0":"post-16243","1":"product","2":"type-product","3":"status-publish","4":"has-post-thumbnail","6":"pwb-brand-pipedreams-fetish-fantasy-series","7":"pwb-brand-pipedreams","8":"product_cat-juguetes-sexuales-xxxcolumpios-muebles","9":"product_cat-juguetes-sexuales-xxxfetish-bondage","10":"product_cat-juguetes-sexuales-xxx","11":"product_cat-juguetes-sexuales-xxxkits-juguetes-sexuales","12":"post_count_is_0","13":"boutique_post_style_4","15":"first","16":"instock","17":"taxable","18":"shipping-taxable","19":"purchasable","20":"product-type-simple","21":"boutique_image_style_2"},"brands":[{"id":485,"name":"FETISH FANTASY SERIES","slug":"pipedreams-fetish-fantasy-series"},{"id":476,"name":"PIPEDREAMS","slug":"pipedreams"}],"_links":{"self":[{"href":"https:\/\/www.pussycatmerida.com\/eshop\/wp-json\/wp\/v2\/product\/16243","targetHints":{"allow":["GET"]}}],"collection":[{"href":"https:\/\/www.pussycatmerida.com\/eshop\/wp-json\/wp\/v2\/product"}],"about":[{"href":"https:\/\/www.pussycatmerida.com\/eshop\/wp-json\/wp\/v2\/types\/product"}],"wp:featuredmedia":[{"embeddable":true,"href":"https:\/\/www.pussycatmerida.com\/eshop\/wp-json\/wp\/v2\/media\/35071"}],"wp:attachment":[{"href":"https:\/\/www.pussycatmerida.com\/eshop\/wp-json\/wp\/v2\/media?parent=16243"}],"wp:term":[{"taxonomy":"pwb-brand","embeddable":true,"href":"https:\/\/www.pussycatmerida.com\/eshop\/wp-json\/wp\/v2\/pwb-brand?post=16243"},{"taxonomy":"product_brand","embeddable":true,"href":"https:\/\/www.pussycatmerida.com\/eshop\/wp-json\/wp\/v2\/product_brand?post=16243"},{"taxonomy":"product_cat","embeddable":true,"href":"https:\/\/www.pussycatmerida.com\/eshop\/wp-json\/wp\/v2\/product_cat?post=16243"},{"taxonomy":"product_tag","embeddable":true,"href":"https:\/\/www.pussycatmerida.com\/eshop\/wp-json\/wp\/v2\/product_tag?post=16243"}],"curies":[{"name":"wp","href":"https:\/\/api.w.org\/{rel}","templated":true}]}}