{"id":16294,"date":"2021-02-26T10:54:23","date_gmt":"2021-02-26T08:54:23","guid":{"rendered":"https:\/\/www.pussycatmerida.com\/eshop\/product\/bomba-succion-vaginal-con-vibracion-fetish-fantasy-extreme\/"},"modified":"2026-03-11T12:38:31","modified_gmt":"2026-03-11T11:38:31","slug":"bomba-succion-vaginal-con-vibracion-fetish-fantasy-extreme","status":"publish","type":"product","link":"https:\/\/www.pussycatmerida.com\/eshop\/producto\/bomba-succion-vaginal-con-vibracion-fetish-fantasy-extreme\/","title":{"rendered":"BOMBA SUCCION VAGINAL CON VIBRACION FETISH FANTASY EXTREME"},"content":{"rendered":"<p>Observa c\u00f3mo se infla de placer al m\u00e1ximo con la Bomba de succi\u00f3n vaginal con vibraci\u00f3n de la serie Fetish Fantasy Extreme. Simplemente colocalo sobre tus labios y comienza a pulsar la bomba esitlo m\u00e9dico para hincharla y culm\u00ednalo con la vibraci\u00f3n multivelocidad de su bala.<\/p>\n<p>Para liberar la presi\u00f3n, tan solo tienes que pulsar el bot\u00f3n de liberaci\u00f3n r\u00e1pida<\/p>\n<p>La bala vibratoria se puede extraer permitiendo estimularte con ella\u00a0y usar la bomba de succi\u00f3n en otras zonas como tus pezones.<\/p>\n<p>Se recomienda su limpieza despu\u00e9s de usar con el limpiador de juguetes de Pipedream y agua tibia.<\/p>\n<ul>\n<li>Libre de ftalatos<\/li>\n<li>Multi velocidad<\/li>\n<\/ul>\n","protected":false},"excerpt":{"rendered":"<p>FETISH FANTASY EXTREME VIBRATING PUSSY PUMP<\/p>\n","protected":false},"featured_media":40770,"template":"","meta":[],"pwb-brand":[529,476],"product_brand":[],"product_cat":[423,286,274,294,299],"product_tag":[],"class_list":{"0":"post-16294","1":"product","2":"type-product","3":"status-publish","4":"has-post-thumbnail","6":"pwb-brand-pipedreams-fetish-fantasy-extreme","7":"pwb-brand-pipedreams","8":"product_cat-juguetes-sexuales-xxxfetish-bondagebdsm-accesorios","9":"product_cat-juguetes-sexuales-xxxdesarrolladores","10":"product_cat-juguetes-sexuales-xxx","11":"product_cat-juguetes-sexuales-xxxmasturbadores-para-ellas","12":"product_cat-juguetes-sexuales-xxxvibradores","13":"post_count_is_0","14":"boutique_post_style_4","16":"first","17":"instock","18":"taxable","19":"shipping-taxable","20":"purchasable","21":"product-type-simple","22":"boutique_image_style_2"},"brands":[{"id":529,"name":"FETISH FANTASY EXTREME","slug":"pipedreams-fetish-fantasy-extreme"},{"id":476,"name":"PIPEDREAMS","slug":"pipedreams"}],"_links":{"self":[{"href":"https:\/\/www.pussycatmerida.com\/eshop\/wp-json\/wp\/v2\/product\/16294","targetHints":{"allow":["GET"]}}],"collection":[{"href":"https:\/\/www.pussycatmerida.com\/eshop\/wp-json\/wp\/v2\/product"}],"about":[{"href":"https:\/\/www.pussycatmerida.com\/eshop\/wp-json\/wp\/v2\/types\/product"}],"wp:featuredmedia":[{"embeddable":true,"href":"https:\/\/www.pussycatmerida.com\/eshop\/wp-json\/wp\/v2\/media\/40770"}],"wp:attachment":[{"href":"https:\/\/www.pussycatmerida.com\/eshop\/wp-json\/wp\/v2\/media?parent=16294"}],"wp:term":[{"taxonomy":"pwb-brand","embeddable":true,"href":"https:\/\/www.pussycatmerida.com\/eshop\/wp-json\/wp\/v2\/pwb-brand?post=16294"},{"taxonomy":"product_brand","embeddable":true,"href":"https:\/\/www.pussycatmerida.com\/eshop\/wp-json\/wp\/v2\/product_brand?post=16294"},{"taxonomy":"product_cat","embeddable":true,"href":"https:\/\/www.pussycatmerida.com\/eshop\/wp-json\/wp\/v2\/product_cat?post=16294"},{"taxonomy":"product_tag","embeddable":true,"href":"https:\/\/www.pussycatmerida.com\/eshop\/wp-json\/wp\/v2\/product_tag?post=16294"}],"curies":[{"name":"wp","href":"https:\/\/api.w.org\/{rel}","templated":true}]}}