{"id":16577,"date":"2021-02-26T13:59:39","date_gmt":"2021-02-26T11:59:39","guid":{"rendered":"https:\/\/www.pussycatmerida.com\/eshop\/product\/swede-fruity-love-lubricante-frambuesas-y-acelga-roja-50-ml\/"},"modified":"2026-03-11T12:26:19","modified_gmt":"2026-03-11T11:26:19","slug":"swede-fruity-love-lubricante-frambuesas-y-acelga-roja-50-ml","status":"publish","type":"product","link":"https:\/\/www.pussycatmerida.com\/eshop\/producto\/swede-fruity-love-lubricante-frambuesas-y-acelga-roja-50-ml\/","title":{"rendered":"SWEDE FRUITY LOVE LUBRICANTE FRAMBUESAS Y ACELGA ROJA 50 ML"},"content":{"rendered":"<p class=\"productp\" style=\"line-height: 15.6pt; text-align: justify;\"><span style=\"font-size: 10pt; font-family: Arial, sans-serif;\">Con LUBRICANTE \u2122 FruityLove\u00a0seguimos para crear las nuevas tendencias en cosm\u00e9tica er\u00f3tica.\u00a0El innovador dise\u00f1o es un concepto nuevo adaptado a las tiendas actuales de todo el mundo.<o:p><\/o:p><\/span><\/p>\n<p class=\"productp\" style=\"line-height: 15.6pt; text-align: justify;\"><span style=\"font-size: 10pt; font-family: Arial, sans-serif;\">Dise\u00f1os \u00fanicos \u00a0y renovados en 2016 con una formula inmejorable\u00a0.Nuestro objetivo ha sido desarrollar un lubricante totalmente natural y seguro, sin poner en riesgo nuestro criterio m\u00e1s importante: la lubricaci\u00f3n resistente y de larga duraci\u00f3n, un tacto suave y respetuoso\u00a0con la piel que es 100% compatible con el preservativo , no irritante, con pH balanceado, a base de agua y f\u00e1cil de limpiar.<o:p><\/o:p><\/span><\/p>\n<p class=\"productp\" style=\"line-height: 15.6pt;\"><span style=\"font-size: 10pt; font-family: Arial, sans-serif;\">El resultado es una serie de lubricantes de buen gusto que contienen solamente los ingredientes que son utilizados por la industria alimentaria.\u00a0Esto significa que son completamente no t\u00f3xicos y totalmente inofensivo si se ingiere en peque\u00f1as cantidades.<o:p><\/o:p><\/span><\/p>\n<p class=\"productp\" style=\"line-height: 15.6pt;\"><span style=\"font-size: 10pt; font-family: Arial, sans-serif;\">Debido a que las f\u00f3rmulas son tambi\u00e9n un pH balanceado 4.5 que no perturben el ambiente vaginal sensible evitando infecciones e irritaciones.<o:p><\/o:p><\/span><\/p>\n<p class=\"productp\" style=\"line-height: 15.6pt;\"><span style=\"font-size: 10pt; font-family: Arial, sans-serif;\">Las f\u00f3rmulas no contienen parabenos, que es un conservante muy com\u00fan en el uso general de los lubricantes y cosm\u00e9ticos.\u00a0<o:p><\/o:p><\/span><\/p>\n<p class=\"productp\" style=\"line-height: 15.6pt;\"><span style=\"font-size: 10pt; font-family: Arial, sans-serif;\">Los lubricantes con sabor a fruta\u00a0 FruityLove con nuevas formulas 2016 son la delicia de cualquier pareja que busca garantizar una diversi\u00f3n segura.<o:p><\/o:p><\/span><\/p>\n<p class=\"productp\" style=\"line-height: 15.6pt;\"><span style=\"font-size: 10pt; font-family: Arial, sans-serif;\">Lubricante FruityLove con sabor Frambuesa y Acelga Roja<\/span><\/p>\n<p class=\"product_p\" style=\"line-height: 20.8px;\">Envase 50\u00a0Ml.<\/p>\n<p class=\"product_p\" style=\"line-height: 20.8px; text-align: center;\"><img decoding=\"async\" alt=\"\" src=\"https:\/\/dreamlove.gesio.be\/UserFiles\/images\/unnamed.gif\" style=\"width: 163px; height: 39px;\" \/><\/p>\n","protected":false},"excerpt":{"rendered":"<p>SWEDE FRUITY LOVE LUBRICANT RASPBERRY RHUBARB 50 ML<\/p>\n","protected":false},"featured_media":45659,"template":"","meta":[],"pwb-brand":[719],"product_brand":[],"product_cat":[337,338,346,345],"product_tag":[],"class_list":{"0":"post-16577","1":"product","2":"type-product","3":"status-publish","4":"has-post-thumbnail","6":"pwb-brand-swede","7":"product_cat-aceites-y-lubricantes","8":"product_cat-aceites-y-lubricanteslubricantes","9":"product_cat-aceites-y-lubricanteslubricanteslubricantes-comestibles","10":"product_cat-aceites-y-lubricanteslubricanteslubricantes-con-sabores","11":"post_count_is_0","12":"boutique_post_style_4","14":"first","15":"instock","16":"taxable","17":"shipping-taxable","18":"purchasable","19":"product-type-simple","20":"boutique_image_style_2"},"brands":[{"id":719,"name":"SWEDE","slug":"swede"}],"_links":{"self":[{"href":"https:\/\/www.pussycatmerida.com\/eshop\/wp-json\/wp\/v2\/product\/16577","targetHints":{"allow":["GET"]}}],"collection":[{"href":"https:\/\/www.pussycatmerida.com\/eshop\/wp-json\/wp\/v2\/product"}],"about":[{"href":"https:\/\/www.pussycatmerida.com\/eshop\/wp-json\/wp\/v2\/types\/product"}],"wp:featuredmedia":[{"embeddable":true,"href":"https:\/\/www.pussycatmerida.com\/eshop\/wp-json\/wp\/v2\/media\/45659"}],"wp:attachment":[{"href":"https:\/\/www.pussycatmerida.com\/eshop\/wp-json\/wp\/v2\/media?parent=16577"}],"wp:term":[{"taxonomy":"pwb-brand","embeddable":true,"href":"https:\/\/www.pussycatmerida.com\/eshop\/wp-json\/wp\/v2\/pwb-brand?post=16577"},{"taxonomy":"product_brand","embeddable":true,"href":"https:\/\/www.pussycatmerida.com\/eshop\/wp-json\/wp\/v2\/product_brand?post=16577"},{"taxonomy":"product_cat","embeddable":true,"href":"https:\/\/www.pussycatmerida.com\/eshop\/wp-json\/wp\/v2\/product_cat?post=16577"},{"taxonomy":"product_tag","embeddable":true,"href":"https:\/\/www.pussycatmerida.com\/eshop\/wp-json\/wp\/v2\/product_tag?post=16577"}],"curies":[{"name":"wp","href":"https:\/\/api.w.org\/{rel}","templated":true}]}}