{"id":16585,"date":"2021-02-26T13:56:57","date_gmt":"2021-02-26T11:56:57","guid":{"rendered":"https:\/\/www.pussycatmerida.com\/eshop\/product\/swede-original-lubricante-aqua-comfort-60-ml\/"},"modified":"2026-03-11T12:26:14","modified_gmt":"2026-03-11T11:26:14","slug":"swede-original-lubricante-aqua-comfort-60-ml","status":"publish","type":"product","link":"https:\/\/www.pussycatmerida.com\/eshop\/producto\/swede-original-lubricante-aqua-comfort-60-ml\/","title":{"rendered":"SWEDE ORIGINAL LUBRICANTE AQUA COMFORT 60 ML"},"content":{"rendered":"<p style=\"line-height: 20.8px;\">Aqua Comfort es un excelente lubricante con una \u00a0\u00fanica f\u00f3rmula a base de agua que proporciona la lubricaci\u00f3n de larga duraci\u00f3n suave, sedosa y confortable .\u00a0La sensaci\u00f3n es muy rica y sedosa y no deja ning\u00fan residuo en la piel despu\u00e9s de su uso.<\/p>\n<p style=\"line-height: 20.8px;\">Hemos reducido el valor de pH de 4,5, que es el promedio de pH vaginal.\u00a0La f\u00f3rmula es la del cond\u00f3n de seguridad y se puede utilizar con todos los juguetes sexuales<\/p>\n<p style=\"line-height: 20.8px;\">Aqua Comfort es un lubricante 100% seguro y respetuoso para la piel evitando infecciones o irritaciones.<\/p>\n<p style=\"line-height: 20.8px;\">glicerina es un alcohol de az\u00facar que proporciona un buen ambiente para Candida albicans, que es el organismo f\u00fangico m\u00e1s com\u00fan responsable de infecciones vaginales.<\/p>\n<p style=\"line-height: 20.8px;\">Hemos reducido el valor de pH de 4,5, que es el promedio de pH vaginal.\u00a0La f\u00f3rmula es la del cond\u00f3n de seguridad y se puede utilizar con todos los juguetes sexuales.<\/p>\n<ul style=\"line-height: 20.8px;\">\n<li>De larga duraci\u00f3n y no pegajoso<\/li>\n<li>Glicerina y paraben libre<\/li>\n<li>Propilenglicol libre<\/li>\n<li>Ingredientes activos naturales<\/li>\n<li>Riesgo de irritaci\u00f3n de baja<\/li>\n<li>pH balanceado 4.5<\/li>\n<li>F\u00e1cil de enjuagar con agua y jab\u00f3n<\/li>\n<li>No deja residuos<\/li>\n<li>Se puede utilizar con Preservativos.<\/li>\n<\/ul>\n<p style=\"line-height: 20.8px;\">Envase 60ml<\/p>\n","protected":false},"excerpt":{"rendered":"<p>SWEDE -ORIGINAL LUBRICANT AQUA COMFORT 60 ML<\/p>\n","protected":false},"featured_media":45459,"template":"","meta":[],"pwb-brand":[719],"product_brand":[],"product_cat":[337,339,338],"product_tag":[],"class_list":{"0":"post-16585","1":"product","2":"type-product","3":"status-publish","4":"has-post-thumbnail","6":"pwb-brand-swede","7":"product_cat-aceites-y-lubricantes","8":"product_cat-aceites-y-lubricanteslubricantesbase-de-agua","9":"product_cat-aceites-y-lubricanteslubricantes","10":"post_count_is_0","11":"boutique_post_style_4","13":"first","14":"instock","15":"taxable","16":"shipping-taxable","17":"purchasable","18":"product-type-simple","19":"boutique_image_style_2"},"brands":[{"id":719,"name":"SWEDE","slug":"swede"}],"_links":{"self":[{"href":"https:\/\/www.pussycatmerida.com\/eshop\/wp-json\/wp\/v2\/product\/16585","targetHints":{"allow":["GET"]}}],"collection":[{"href":"https:\/\/www.pussycatmerida.com\/eshop\/wp-json\/wp\/v2\/product"}],"about":[{"href":"https:\/\/www.pussycatmerida.com\/eshop\/wp-json\/wp\/v2\/types\/product"}],"wp:featuredmedia":[{"embeddable":true,"href":"https:\/\/www.pussycatmerida.com\/eshop\/wp-json\/wp\/v2\/media\/45459"}],"wp:attachment":[{"href":"https:\/\/www.pussycatmerida.com\/eshop\/wp-json\/wp\/v2\/media?parent=16585"}],"wp:term":[{"taxonomy":"pwb-brand","embeddable":true,"href":"https:\/\/www.pussycatmerida.com\/eshop\/wp-json\/wp\/v2\/pwb-brand?post=16585"},{"taxonomy":"product_brand","embeddable":true,"href":"https:\/\/www.pussycatmerida.com\/eshop\/wp-json\/wp\/v2\/product_brand?post=16585"},{"taxonomy":"product_cat","embeddable":true,"href":"https:\/\/www.pussycatmerida.com\/eshop\/wp-json\/wp\/v2\/product_cat?post=16585"},{"taxonomy":"product_tag","embeddable":true,"href":"https:\/\/www.pussycatmerida.com\/eshop\/wp-json\/wp\/v2\/product_tag?post=16585"}],"curies":[{"name":"wp","href":"https:\/\/api.w.org\/{rel}","templated":true}]}}