{"id":16648,"date":"2021-03-01T10:22:28","date_gmt":"2021-03-01T09:22:28","guid":{"rendered":"https:\/\/www.pussycatmerida.com\/eshop\/product\/dildo-vibrador-king-cock-15-24-cm-natural\/"},"modified":"2026-03-11T12:27:10","modified_gmt":"2026-03-11T11:27:10","slug":"dildo-vibrador-king-cock-15-24-cm-natural","status":"publish","type":"product","link":"https:\/\/www.pussycatmerida.com\/eshop\/producto\/dildo-vibrador-king-cock-15-24-cm-natural\/","title":{"rendered":"DILDO VIBRADOR KING COCK 15.24 CM NATURAL"},"content":{"rendered":"<p>Poco despu\u00e9s del lanzamiento de la marca en Enero de 2015, King Cock ya estaba reconocida por su enorme calidad y el realismo de sus productos, fabricados en goma americana.<\/p>\n<p>Hasta llegar a lo mas alto, el m\u00e9todo ha sido sencillo: se ha creado un producto de origen americano a un precio mas que asequible y se ha sido capaz de producir de tal forma que siempre hubiera unidades en stock.<\/p>\n<p>Pipedreams tiene la capacidad y las infraestructuras necesarias para producir mas de 10000 unidades diarias y con socios distribuidores por todo el mundo.<\/p>\n<p>Los nuevos dildos vibradores de King Cock son los vibradores mas realistas del mundo. Cada vena, cada detalle y la posibilidad de poder moldear el eje a tu gusto har\u00e1n que vivas la mas realista y mejor de las experiencias. Contornealo a tu gusto y deja que te batan las vibraciones de su potente motor.<\/p>\n<p>Adem\u00e1s incorpora una fuerte ventosa para que lo adaptes a cualquier superficie plana o a los arneses King Cock compatibles y son resistentes al agua con lo que podr\u00e1s usarlos tambi\u00e9n en la ducha o spa y convertir el tiempo del ba\u00f1o en un tiempo de placer<\/p>\n<ul>\n<li>Libre de ftalatos<\/li>\n<li>Multivelocidad<\/li>\n<li>Sumergible<\/li>\n<li>Longitud: 15.24 cm<\/li>\n<li>Color: Natural<\/li>\n<\/ul>\n<p style=\"text-align: center;\">\u00a0<\/p>\n<p style=\"text-align: center;\"><iframe loading=\"lazy\" allowfullscreen=\"\" frameborder=\"0\" height=\"400\" mozallowfullscreen=\"\" src=\"https:\/\/player.vimeo.com\/video\/174592140\" webkitallowfullscreen=\"\" width=\"700\"><\/iframe><\/p>\n","protected":false},"excerpt":{"rendered":"<p>DILDO VIBRADOR KING COCK 15.24 CM NATURAL<\/p>\n","protected":false},"featured_media":56285,"template":"","meta":[],"pwb-brand":[493,476],"product_brand":[],"product_cat":[274,294,302,910],"product_tag":[],"class_list":{"0":"post-16648","1":"product","2":"type-product","3":"status-publish","4":"has-post-thumbnail","6":"pwb-brand-pipedreams-king-cock","7":"pwb-brand-pipedreams","8":"product_cat-juguetes-sexuales-xxx","9":"product_cat-juguetes-sexuales-xxxmasturbadores-para-ellas","10":"product_cat-juguetes-sexuales-xxxpenes","11":"product_cat-realisticos-con-vibracion","12":"post_count_is_0","13":"boutique_post_style_4","15":"first","16":"instock","17":"taxable","18":"shipping-taxable","19":"purchasable","20":"product-type-simple","21":"boutique_image_style_2"},"brands":[{"id":493,"name":"KING COCK","slug":"pipedreams-king-cock"},{"id":476,"name":"PIPEDREAMS","slug":"pipedreams"}],"_links":{"self":[{"href":"https:\/\/www.pussycatmerida.com\/eshop\/wp-json\/wp\/v2\/product\/16648","targetHints":{"allow":["GET"]}}],"collection":[{"href":"https:\/\/www.pussycatmerida.com\/eshop\/wp-json\/wp\/v2\/product"}],"about":[{"href":"https:\/\/www.pussycatmerida.com\/eshop\/wp-json\/wp\/v2\/types\/product"}],"wp:featuredmedia":[{"embeddable":true,"href":"https:\/\/www.pussycatmerida.com\/eshop\/wp-json\/wp\/v2\/media\/56285"}],"wp:attachment":[{"href":"https:\/\/www.pussycatmerida.com\/eshop\/wp-json\/wp\/v2\/media?parent=16648"}],"wp:term":[{"taxonomy":"pwb-brand","embeddable":true,"href":"https:\/\/www.pussycatmerida.com\/eshop\/wp-json\/wp\/v2\/pwb-brand?post=16648"},{"taxonomy":"product_brand","embeddable":true,"href":"https:\/\/www.pussycatmerida.com\/eshop\/wp-json\/wp\/v2\/product_brand?post=16648"},{"taxonomy":"product_cat","embeddable":true,"href":"https:\/\/www.pussycatmerida.com\/eshop\/wp-json\/wp\/v2\/product_cat?post=16648"},{"taxonomy":"product_tag","embeddable":true,"href":"https:\/\/www.pussycatmerida.com\/eshop\/wp-json\/wp\/v2\/product_tag?post=16648"}],"curies":[{"name":"wp","href":"https:\/\/api.w.org\/{rel}","templated":true}]}}