{"id":16711,"date":"2021-02-26T10:40:42","date_gmt":"2021-02-26T08:40:42","guid":{"rendered":"https:\/\/www.pussycatmerida.com\/eshop\/product\/plug-anal-para-principiantes-petite-sensations-lila\/"},"modified":"2026-03-11T12:39:31","modified_gmt":"2026-03-11T11:39:31","slug":"plug-anal-para-principiantes-petite-sensations-lila","status":"publish","type":"product","link":"https:\/\/www.pussycatmerida.com\/eshop\/producto\/plug-anal-para-principiantes-petite-sensations-lila\/","title":{"rendered":"PLUG ANAL PARA PRINCIPIANTES PETITE SENSATIONS &#8211; LILA"},"content":{"rendered":"<p>Descubre un nuevo mundo de placer con este peque\u00f1o plug vibrador para principiantes o para aquellos que ans\u00edan nerviosos un delgado y peque\u00f1o paquete.<\/p>\n<p>Su silicona body-safe permite a la punta c\u00f3nica de este plug, deslizarse suavemente hacia dentro. Una vez insertada, el verdadero placer est\u00e1 a punto de comenzar. La base en forma de T se ajusta entre tus nalgas y permite que su bala de 7 niveles de vibraci\u00f3n vibre en tu \u00e1rea m\u00e1s sensible y alcances orgasmos incre\u00edbles.<\/p>\n<p>Con 3 velocidades y 4 pulsaciones tendr\u00e1s un gran abanico de posibilidades, adem\u00e1s es muy f\u00e1cil de usar y con un solo bot\u00f3n.<\/p>\n<p>Puedes usarlo y disfrutar de \u00e9l en el ba\u00f1o o en la ducha porque es 100% sumergible.<\/p>\n<p>Caracter\u00edsticas:<\/p>\n<ul>\n<li>Peque\u00f1o tama\u00f1o, ideal para principiantes en juegos anales.<\/li>\n<li>Silicona muy suave, sensaci\u00f3n terciopelo<\/li>\n<li>3 velocidades de vibraci\u00f3n y 4 patrones distintos para combinarlas.<\/li>\n<li>100% sumergible<\/li>\n<li>Pila inclu\u00edda<\/li>\n<li>Color: Lila<\/li>\n<\/ul>\n<p>\u00a0<\/p>\n","protected":false},"excerpt":{"rendered":"<p>PLUG ANAL PARA PRINCIPIANTES PETITE SENSATIONS &#8211; LILA<\/p>\n","protected":false},"featured_media":38827,"template":"","meta":[],"pwb-brand":[52],"product_brand":[],"product_cat":[275,280,288,274,300,299],"product_tag":[],"class_list":{"0":"post-16711","1":"product","2":"type-product","3":"status-publish","4":"has-post-thumbnail","6":"pwb-brand-rocks-off","7":"product_cat-juguetes-sexuales-xxxacuaticos","8":"product_cat-juguetes-sexuales-xxxanal","9":"product_cat-juguetes-sexuales-xxxestimuladores","10":"product_cat-juguetes-sexuales-xxx","11":"product_cat-juguetes-sexuales-xxxplugs-anales","12":"product_cat-juguetes-sexuales-xxxvibradores","13":"post_count_is_0","14":"boutique_post_style_4","16":"first","17":"instock","18":"taxable","19":"shipping-taxable","20":"purchasable","21":"product-type-simple","22":"boutique_image_style_2"},"brands":[{"id":52,"name":"ROCKS OFF","slug":"rocks-off"}],"_links":{"self":[{"href":"https:\/\/www.pussycatmerida.com\/eshop\/wp-json\/wp\/v2\/product\/16711","targetHints":{"allow":["GET"]}}],"collection":[{"href":"https:\/\/www.pussycatmerida.com\/eshop\/wp-json\/wp\/v2\/product"}],"about":[{"href":"https:\/\/www.pussycatmerida.com\/eshop\/wp-json\/wp\/v2\/types\/product"}],"wp:featuredmedia":[{"embeddable":true,"href":"https:\/\/www.pussycatmerida.com\/eshop\/wp-json\/wp\/v2\/media\/38827"}],"wp:attachment":[{"href":"https:\/\/www.pussycatmerida.com\/eshop\/wp-json\/wp\/v2\/media?parent=16711"}],"wp:term":[{"taxonomy":"pwb-brand","embeddable":true,"href":"https:\/\/www.pussycatmerida.com\/eshop\/wp-json\/wp\/v2\/pwb-brand?post=16711"},{"taxonomy":"product_brand","embeddable":true,"href":"https:\/\/www.pussycatmerida.com\/eshop\/wp-json\/wp\/v2\/product_brand?post=16711"},{"taxonomy":"product_cat","embeddable":true,"href":"https:\/\/www.pussycatmerida.com\/eshop\/wp-json\/wp\/v2\/product_cat?post=16711"},{"taxonomy":"product_tag","embeddable":true,"href":"https:\/\/www.pussycatmerida.com\/eshop\/wp-json\/wp\/v2\/product_tag?post=16711"}],"curies":[{"name":"wp","href":"https:\/\/api.w.org\/{rel}","templated":true}]}}