{"id":16717,"date":"2021-02-26T10:40:43","date_gmt":"2021-02-26T08:40:43","guid":{"rendered":"https:\/\/www.pussycatmerida.com\/eshop\/product\/estimulador-anal-petite-bubbles-rocks-off-lila\/"},"modified":"2026-03-11T12:27:49","modified_gmt":"2026-03-11T11:27:49","slug":"estimulador-anal-petite-bubbles-rocks-off-lila","status":"publish","type":"product","link":"https:\/\/www.pussycatmerida.com\/eshop\/producto\/estimulador-anal-petite-bubbles-rocks-off-lila\/","title":{"rendered":"ESTIMULADOR ANAL PETITE BUBBLES &#8211; ROCKS OFF &#8211; LILA"},"content":{"rendered":"<p>Deja que el Petite Sensations Bubbles te gu\u00ede por el placer de los juegos anales y que disfrutes de una nueva aventura sexual.<\/p>\n<p>Siente\u00a0tu cuerpo temblar de placer en el momento que introduces este peque\u00f1o vibrador anal que se va ensanchando a medida que vas introduciendo. Su base en forma de T vibrar\u00e1 y pulsar\u00e1 tus zonas m\u00e1s sensibles mientras se mantiene firmemente entre tus nalgas y sus poderosas vibraciones se transmiten al resto de sus ondulaciones a lo largo del eje.<\/p>\n<p>Es 100% sumergible as\u00ed que podr\u00e1s sentir su placer durante el ba\u00f1o o la ducha<\/p>\n<ul>\n<li>Consejo: Rel\u00e1jate completamente y mant\u00e9n la calma mientras para realizar la inserci\u00f3n. Tambi\u00e9n, aplica lubricante de base acuosa para lubricar el juguete y tu zona \u00edntima para facilitarla<\/li>\n<\/ul>\n<p>Caracter\u00edsticas:<\/p>\n<ul>\n<li>Peque\u00f1o tama\u00f1o. Ideal para iniciaci\u00f3n en juegos anales<\/li>\n<li>Tacto aterciopelado. Silicona muy suave<\/li>\n<li>3 velocidades de vibraci\u00f3n y 4 patrones distintos<\/li>\n<li>100% sumergible<\/li>\n<li>Pila inclu\u00edda<\/li>\n<li>Color: Lila<\/li>\n<\/ul>\n<p>\u00a0<\/p>\n","protected":false},"excerpt":{"rendered":"<p>ESTIMULADOR ANAL PETITE BUBBLES &#8211; ROCKS OFF &#8211; LILA<\/p>\n","protected":false},"featured_media":38830,"template":"","meta":[],"pwb-brand":[52],"product_brand":[],"product_cat":[275,280,288,274,300,299,907],"product_tag":[],"class_list":{"0":"post-16717","1":"product","2":"type-product","3":"status-publish","4":"has-post-thumbnail","6":"pwb-brand-rocks-off","7":"product_cat-juguetes-sexuales-xxxacuaticos","8":"product_cat-juguetes-sexuales-xxxanal","9":"product_cat-juguetes-sexuales-xxxestimuladores","10":"product_cat-juguetes-sexuales-xxx","11":"product_cat-juguetes-sexuales-xxxplugs-anales","12":"product_cat-juguetes-sexuales-xxxvibradores","13":"product_cat-vibradores-anales","14":"post_count_is_0","15":"boutique_post_style_4","17":"first","18":"instock","19":"taxable","20":"shipping-taxable","21":"purchasable","22":"product-type-simple","23":"boutique_image_style_2"},"brands":[{"id":52,"name":"ROCKS OFF","slug":"rocks-off"}],"_links":{"self":[{"href":"https:\/\/www.pussycatmerida.com\/eshop\/wp-json\/wp\/v2\/product\/16717","targetHints":{"allow":["GET"]}}],"collection":[{"href":"https:\/\/www.pussycatmerida.com\/eshop\/wp-json\/wp\/v2\/product"}],"about":[{"href":"https:\/\/www.pussycatmerida.com\/eshop\/wp-json\/wp\/v2\/types\/product"}],"wp:featuredmedia":[{"embeddable":true,"href":"https:\/\/www.pussycatmerida.com\/eshop\/wp-json\/wp\/v2\/media\/38830"}],"wp:attachment":[{"href":"https:\/\/www.pussycatmerida.com\/eshop\/wp-json\/wp\/v2\/media?parent=16717"}],"wp:term":[{"taxonomy":"pwb-brand","embeddable":true,"href":"https:\/\/www.pussycatmerida.com\/eshop\/wp-json\/wp\/v2\/pwb-brand?post=16717"},{"taxonomy":"product_brand","embeddable":true,"href":"https:\/\/www.pussycatmerida.com\/eshop\/wp-json\/wp\/v2\/product_brand?post=16717"},{"taxonomy":"product_cat","embeddable":true,"href":"https:\/\/www.pussycatmerida.com\/eshop\/wp-json\/wp\/v2\/product_cat?post=16717"},{"taxonomy":"product_tag","embeddable":true,"href":"https:\/\/www.pussycatmerida.com\/eshop\/wp-json\/wp\/v2\/product_tag?post=16717"}],"curies":[{"name":"wp","href":"https:\/\/api.w.org\/{rel}","templated":true}]}}