{"id":16720,"date":"2021-03-06T15:07:57","date_gmt":"2021-03-06T13:07:57","guid":{"rendered":"https:\/\/www.pussycatmerida.com\/eshop\/product\/masturbador-masculino-con-vibracion-y-sonido-sally-pretty-love\/"},"modified":"2026-03-11T12:27:14","modified_gmt":"2026-03-11T11:27:14","slug":"masturbador-masculino-con-vibracion-y-sonido-sally-pretty-love","status":"publish","type":"product","link":"https:\/\/www.pussycatmerida.com\/eshop\/producto\/masturbador-masculino-con-vibracion-y-sonido-sally-pretty-love\/","title":{"rendered":"MASTURBADOR MASCULINO CON VIBRACION Y SONIDO SALLY PRETTY LOVE"},"content":{"rendered":"<p style=\"line-height: 20.8px;\">Incre\u00edble masturbador hecho para aquellos que deseen una masturbaci\u00f3n realista y placentera.<\/p>\n<p style=\"line-height: 20.8px;\">El Hedy es uno de los\u00a0nuevos masturbadores\u00a0masculinos\u00a0de la reconocida marca Pretty Love caracterizado por su incre\u00edble simulaci\u00f3n, es como una vagina de verdad y fabricado con los\u00a0mejores materiales .\u00a0<\/p>\n<p style=\"line-height: 20.8px;\">Adem\u00e1s, en su base cuenta con una ventosa a presi\u00f3n y seguro que har\u00e1 que se adhiera a cualquier superficie plana con lo que podr\u00e1s\u00a0disfrutar de una masturbaci\u00f3n sin manos. \u00a1Ser\u00e1 como sexo real!<\/p>\n<p style=\"line-height: 20.8px;\">Caracter\u00edsticas:<\/p>\n<ul style=\"line-height: 20.8px;\">\n<li>Materiales: TPR y ABS<\/li>\n<li>USB recargable<\/li>\n<li>Fuerte ventosa a presi\u00f3n<\/li>\n<li>Tiene sonido al colocar los auriculares para darle a\u00fan mas realismo. (auriculares inclu\u00eddos)<\/li>\n<li>12\u00a0niveles distintos\u00a0de vibraci\u00f3n<\/li>\n<\/ul>\n<p><span style=\"line-height: 20.8px;\">Pretty Love fabrica productos con exigentes normas de calidad, todos sus productos estan dise\u00f1ados en Estados Unidos y tienen 1 a\u00f1o de garant\u00eda en defectos tecnicos.<\/span><\/p>\n","protected":false},"excerpt":{"rendered":"<p>MASTURBADOR MASCULINO CON VIBRACION Y SONIDO SALLY PRETTY LOVE<\/p>\n","protected":false},"featured_media":36521,"template":"","meta":[],"pwb-brand":[213,455],"product_brand":[],"product_cat":[288,274,293,305],"product_tag":[],"class_list":{"0":"post-16720","1":"product","2":"type-product","3":"status-publish","4":"has-post-thumbnail","6":"pwb-brand-pretty-love","7":"pwb-brand-pretty-lovepretty-male","8":"product_cat-juguetes-sexuales-xxxestimuladores","9":"product_cat-juguetes-sexuales-xxx","10":"product_cat-juguetes-sexuales-xxxmasturbadores-para-ellos","11":"product_cat-juguetes-sexuales-xxxvaginas-y-anos","12":"post_count_is_0","13":"boutique_post_style_4","15":"first","16":"instock","17":"taxable","18":"shipping-taxable","19":"purchasable","20":"product-type-simple","21":"boutique_image_style_2"},"brands":[{"id":213,"name":"PRETTY LOVE","slug":"pretty-love"},{"id":455,"name":"PRETTY MALE","slug":"pretty-lovepretty-male"}],"_links":{"self":[{"href":"https:\/\/www.pussycatmerida.com\/eshop\/wp-json\/wp\/v2\/product\/16720","targetHints":{"allow":["GET"]}}],"collection":[{"href":"https:\/\/www.pussycatmerida.com\/eshop\/wp-json\/wp\/v2\/product"}],"about":[{"href":"https:\/\/www.pussycatmerida.com\/eshop\/wp-json\/wp\/v2\/types\/product"}],"wp:featuredmedia":[{"embeddable":true,"href":"https:\/\/www.pussycatmerida.com\/eshop\/wp-json\/wp\/v2\/media\/36521"}],"wp:attachment":[{"href":"https:\/\/www.pussycatmerida.com\/eshop\/wp-json\/wp\/v2\/media?parent=16720"}],"wp:term":[{"taxonomy":"pwb-brand","embeddable":true,"href":"https:\/\/www.pussycatmerida.com\/eshop\/wp-json\/wp\/v2\/pwb-brand?post=16720"},{"taxonomy":"product_brand","embeddable":true,"href":"https:\/\/www.pussycatmerida.com\/eshop\/wp-json\/wp\/v2\/product_brand?post=16720"},{"taxonomy":"product_cat","embeddable":true,"href":"https:\/\/www.pussycatmerida.com\/eshop\/wp-json\/wp\/v2\/product_cat?post=16720"},{"taxonomy":"product_tag","embeddable":true,"href":"https:\/\/www.pussycatmerida.com\/eshop\/wp-json\/wp\/v2\/product_tag?post=16720"}],"curies":[{"name":"wp","href":"https:\/\/api.w.org\/{rel}","templated":true}]}}