{"id":16722,"date":"2021-03-05T15:02:12","date_gmt":"2021-03-05T13:02:12","guid":{"rendered":"https:\/\/www.pussycatmerida.com\/eshop\/product\/anillo-vibrador-thimble-pretty-love-negro\/"},"modified":"2026-03-11T12:28:05","modified_gmt":"2026-03-11T11:28:05","slug":"anillo-vibrador-thimble-pretty-love-negro","status":"publish","type":"product","link":"https:\/\/www.pussycatmerida.com\/eshop\/producto\/anillo-vibrador-thimble-pretty-love-negro\/","title":{"rendered":"ANILLO VIBRADOR THIMBLE PRETTY LOVE &#8211; NEGRO"},"content":{"rendered":"<p style=\"line-height: 20.8px;\">Pretty Love Thimble es un\u00a0\u00a0anillo vibrador de calidad inigualable, fabricado con la silicona de m\u00e1s alta calidad , se acciona mediante una bala vibradora que dispone de f\u00e1cil uso.<\/p>\n<ul style=\"line-height: 20.8px;\">\n<li>100% Silicona grado medico<\/li>\n<li>Bala vibradora fabricada en Abs\u00a0<\/li>\n<li><span style=\"line-height: 20.8px;\">Funciona con <\/span>3 pilas LR41 (inclu\u00eddas)<\/li>\n<li>Boton de facil uso On \/ Off<\/li>\n<li>Color: Negro<\/li>\n<\/ul>\n<p style=\"line-height: 20.8px;\">Te ayudar\u00e1 a potenciar la erecci\u00f3n y retrasar la eyaculaci\u00f3n.<\/p>\n<p style=\"line-height: 20.8px;\">Descubre nuevas experiencias!!<\/p>\n","protected":false},"excerpt":{"rendered":"<p>ANILLO VIBRADOR THIMBLE PRETTY LOVE &#8211; NEGRO<\/p>\n","protected":false},"featured_media":34019,"template":"","meta":[],"pwb-brand":[213,455],"product_brand":[],"product_cat":[276,945,903,274],"product_tag":[],"class_list":{"0":"post-16722","1":"product","2":"type-product","3":"status-publish","4":"has-post-thumbnail","6":"pwb-brand-pretty-love","7":"pwb-brand-pretty-lovepretty-male","8":"product_cat-juguetes-sexuales-xxxaccesorios-para-el-pene","9":"product_cat-anillos-con-vibracion","10":"product_cat-anillos-para-el-pene","11":"product_cat-juguetes-sexuales-xxx","12":"post_count_is_0","13":"boutique_post_style_4","15":"first","16":"instock","17":"taxable","18":"shipping-taxable","19":"purchasable","20":"product-type-simple","21":"boutique_image_style_2"},"brands":[{"id":213,"name":"PRETTY LOVE","slug":"pretty-love"},{"id":455,"name":"PRETTY MALE","slug":"pretty-lovepretty-male"}],"_links":{"self":[{"href":"https:\/\/www.pussycatmerida.com\/eshop\/wp-json\/wp\/v2\/product\/16722","targetHints":{"allow":["GET"]}}],"collection":[{"href":"https:\/\/www.pussycatmerida.com\/eshop\/wp-json\/wp\/v2\/product"}],"about":[{"href":"https:\/\/www.pussycatmerida.com\/eshop\/wp-json\/wp\/v2\/types\/product"}],"wp:featuredmedia":[{"embeddable":true,"href":"https:\/\/www.pussycatmerida.com\/eshop\/wp-json\/wp\/v2\/media\/34019"}],"wp:attachment":[{"href":"https:\/\/www.pussycatmerida.com\/eshop\/wp-json\/wp\/v2\/media?parent=16722"}],"wp:term":[{"taxonomy":"pwb-brand","embeddable":true,"href":"https:\/\/www.pussycatmerida.com\/eshop\/wp-json\/wp\/v2\/pwb-brand?post=16722"},{"taxonomy":"product_brand","embeddable":true,"href":"https:\/\/www.pussycatmerida.com\/eshop\/wp-json\/wp\/v2\/product_brand?post=16722"},{"taxonomy":"product_cat","embeddable":true,"href":"https:\/\/www.pussycatmerida.com\/eshop\/wp-json\/wp\/v2\/product_cat?post=16722"},{"taxonomy":"product_tag","embeddable":true,"href":"https:\/\/www.pussycatmerida.com\/eshop\/wp-json\/wp\/v2\/product_tag?post=16722"}],"curies":[{"name":"wp","href":"https:\/\/api.w.org\/{rel}","templated":true}]}}