{"id":16733,"date":"2021-02-24T14:57:01","date_gmt":"2021-02-24T12:57:01","guid":{"rendered":"https:\/\/www.pussycatmerida.com\/eshop\/product\/fetish-fantasy-trio-super-succionador-pezones-y-clitoris\/"},"modified":"2026-03-11T12:39:28","modified_gmt":"2026-03-11T11:39:28","slug":"fetish-fantasy-trio-super-succionador-pezones-y-clitoris","status":"publish","type":"product","link":"https:\/\/www.pussycatmerida.com\/eshop\/producto\/fetish-fantasy-trio-super-succionador-pezones-y-clitoris\/","title":{"rendered":"FETISH FANTASY  TRIO SUPER SUCCIONADOR PEZONES Y CLITORIS"},"content":{"rendered":"<p>Si est\u00e1s buscando una succi\u00f3n intensa sin usar una bomba externa, el Super Succionador Tr\u00edo de la Serie fetish Fantasy Limited Edition es la elecci\u00f3n perfecta para aumentar la sensibilidad del cl\u00edtoris y de los pezones. Con dos potentes succionadores para los pezones y un succionador cil\u00edndrico transparente, este combo conseguir\u00e1 satisfacer tus zonas m\u00e1s er\u00f3genas y sin bomba de presi\u00f3n.<\/p>\n<p>Coloca el cilindro transparente sobre tu pez\u00f3n y baja el dial de succi\u00f3n hasta el contacto con tu piel. Los suaves cilindros te dar\u00e1n una sensaci\u00f3n agradable sobre ella y se mantendr\u00e1n en un sitio cuando la acci\u00f3n comience. Aplica una gran cantidad de presi\u00f3n al cilindro para asegurarte que se queda fijo en tu cuerpo y gira para activar la succi\u00f3n. Cada vez que gires, el succionador aumentar\u00e1 el nivel sangu\u00edneo y succionar\u00e1 tu pez\u00f3n y cl\u00edtoris dentro del tubo. Una vez que desenrosques y liberes la presi\u00f3n tus pezones y cl\u00edtoris seguir\u00e1n estando duros y listos para lo que pase despu\u00e9s.<\/p>\n<p>Lo mejor es que este succionador funciona sin tener que usar bomba de succi\u00f3n externa. Si quieres disfrutar del aspecto de tus pezones, areolas y cl\u00edtoris y de incre\u00edbles sensaciones, este succionador es un instrumento obligatorio para que puedas cumplir tus fantas\u00edas fetiches.<\/p>\n<ul>\n<li>Anchura ventosa: 4 cm\u00a0<\/li>\n<\/ul>\n<p style=\"text-align: center;\"><iframe loading=\"lazy\" allowfullscreen=\"\" frameborder=\"0\" height=\"400\" mozallowfullscreen=\"\" src=\"https:\/\/player.vimeo.com\/video\/188679006\" webkitallowfullscreen=\"\" width=\"700\"><\/iframe><\/p>\n","protected":false},"excerpt":{"rendered":"<p>TRIO SUPER SUCCIONADOR PEZONES Y CLITORIS FETISH FANTASY EDICION LIMITADA<\/p>\n","protected":false},"featured_media":34485,"template":"","meta":[],"pwb-brand":[495,476],"product_brand":[],"product_cat":[286,282,274,941],"product_tag":[],"class_list":{"0":"post-16733","1":"product","2":"type-product","3":"status-publish","4":"has-post-thumbnail","6":"pwb-brand-pipedreams-fetish-fantasy-ed-limitada","7":"pwb-brand-pipedreams","8":"product_cat-juguetes-sexuales-xxxdesarrolladores","9":"product_cat-juguetes-sexuales-xxxfetish-bondage","10":"product_cat-juguetes-sexuales-xxx","11":"product_cat-pinzas-para-pezones","12":"post_count_is_0","13":"boutique_post_style_4","15":"first","16":"instock","17":"taxable","18":"shipping-taxable","19":"purchasable","20":"product-type-simple","21":"boutique_image_style_2"},"brands":[{"id":495,"name":"FETISH FANTASY ED.LIMITADA","slug":"pipedreams-fetish-fantasy-ed-limitada"},{"id":476,"name":"PIPEDREAMS","slug":"pipedreams"}],"_links":{"self":[{"href":"https:\/\/www.pussycatmerida.com\/eshop\/wp-json\/wp\/v2\/product\/16733","targetHints":{"allow":["GET"]}}],"collection":[{"href":"https:\/\/www.pussycatmerida.com\/eshop\/wp-json\/wp\/v2\/product"}],"about":[{"href":"https:\/\/www.pussycatmerida.com\/eshop\/wp-json\/wp\/v2\/types\/product"}],"wp:featuredmedia":[{"embeddable":true,"href":"https:\/\/www.pussycatmerida.com\/eshop\/wp-json\/wp\/v2\/media\/34485"}],"wp:attachment":[{"href":"https:\/\/www.pussycatmerida.com\/eshop\/wp-json\/wp\/v2\/media?parent=16733"}],"wp:term":[{"taxonomy":"pwb-brand","embeddable":true,"href":"https:\/\/www.pussycatmerida.com\/eshop\/wp-json\/wp\/v2\/pwb-brand?post=16733"},{"taxonomy":"product_brand","embeddable":true,"href":"https:\/\/www.pussycatmerida.com\/eshop\/wp-json\/wp\/v2\/product_brand?post=16733"},{"taxonomy":"product_cat","embeddable":true,"href":"https:\/\/www.pussycatmerida.com\/eshop\/wp-json\/wp\/v2\/product_cat?post=16733"},{"taxonomy":"product_tag","embeddable":true,"href":"https:\/\/www.pussycatmerida.com\/eshop\/wp-json\/wp\/v2\/product_tag?post=16733"}],"curies":[{"name":"wp","href":"https:\/\/api.w.org\/{rel}","templated":true}]}}