{"id":16895,"date":"2021-03-01T11:07:15","date_gmt":"2021-03-01T09:07:15","guid":{"rendered":"https:\/\/www.pussycatmerida.com\/eshop\/product\/kamasutra-romantico-y-lujoso-kit-en-tamano-viaje\/"},"modified":"2026-03-11T12:38:55","modified_gmt":"2026-03-11T11:38:55","slug":"kamasutra-romantico-y-lujoso-kit-en-tamano-viaje","status":"publish","type":"product","link":"https:\/\/www.pussycatmerida.com\/eshop\/producto\/kamasutra-romantico-y-lujoso-kit-en-tamano-viaje\/","title":{"rendered":"KAMASUTRA ROMANTICO Y LUJOSO KIT EN TAMA\u00d1O VIAJE"},"content":{"rendered":"<p>Este kit de viaje es ideal para poner en la maleta y hacer que la pasi\u00f3n os siga por donde vayais.<\/p>\n<ul>\n<li>Contenido:<\/li>\n<\/ul>\n<p>Polvos corporables comestibles de miel con aplicador de plumas, aceite del amor de Vainilla\u00a0lubricante Love Liquid, Vainilla Body Souffl\u00e9, y una peque\u00f1a vela arom\u00e1tica. Tama\u00f1o inferior a 3.4 oz.<\/p>\n","protected":false},"excerpt":{"rendered":"<p>KAMASUTRA GETAWAY KIT<\/p>\n","protected":false},"featured_media":58380,"template":"","meta":[],"pwb-brand":[593,695],"product_brand":[],"product_cat":[342,337,328,352,330,334,913],"product_tag":[],"class_list":{"0":"post-16895","1":"product","2":"type-product","3":"status-publish","4":"has-post-thumbnail","6":"pwb-brand-kamasutra","7":"pwb-brand-kamasutrakamasutra-cosmetics","8":"product_cat-aceites-y-lubricantesaceites-y-cremas-de-masaje","9":"product_cat-aceites-y-lubricantes","10":"product_cat-afrodisiacos","11":"product_cat-aceites-y-lubricantesaceites-y-cremas-de-masajekits-de-masaje","12":"product_cat-afrodisiacospotenciadores","13":"product_cat-afrodisiacossensibilizantes","14":"product_cat-sexo-oral","15":"post_count_is_0","16":"boutique_post_style_4","18":"first","19":"instock","20":"taxable","21":"shipping-taxable","22":"purchasable","23":"product-type-simple","24":"boutique_image_style_2"},"brands":[{"id":593,"name":"KAMASUTRA","slug":"kamasutra"},{"id":695,"name":"KAMASUTRA COSMETICS","slug":"kamasutrakamasutra-cosmetics"}],"_links":{"self":[{"href":"https:\/\/www.pussycatmerida.com\/eshop\/wp-json\/wp\/v2\/product\/16895","targetHints":{"allow":["GET"]}}],"collection":[{"href":"https:\/\/www.pussycatmerida.com\/eshop\/wp-json\/wp\/v2\/product"}],"about":[{"href":"https:\/\/www.pussycatmerida.com\/eshop\/wp-json\/wp\/v2\/types\/product"}],"wp:featuredmedia":[{"embeddable":true,"href":"https:\/\/www.pussycatmerida.com\/eshop\/wp-json\/wp\/v2\/media\/58380"}],"wp:attachment":[{"href":"https:\/\/www.pussycatmerida.com\/eshop\/wp-json\/wp\/v2\/media?parent=16895"}],"wp:term":[{"taxonomy":"pwb-brand","embeddable":true,"href":"https:\/\/www.pussycatmerida.com\/eshop\/wp-json\/wp\/v2\/pwb-brand?post=16895"},{"taxonomy":"product_brand","embeddable":true,"href":"https:\/\/www.pussycatmerida.com\/eshop\/wp-json\/wp\/v2\/product_brand?post=16895"},{"taxonomy":"product_cat","embeddable":true,"href":"https:\/\/www.pussycatmerida.com\/eshop\/wp-json\/wp\/v2\/product_cat?post=16895"},{"taxonomy":"product_tag","embeddable":true,"href":"https:\/\/www.pussycatmerida.com\/eshop\/wp-json\/wp\/v2\/product_tag?post=16895"}],"curies":[{"name":"wp","href":"https:\/\/api.w.org\/{rel}","templated":true}]}}