{"id":169503,"date":"2024-04-02T19:42:41","date_gmt":"2024-04-02T17:42:41","guid":{"rendered":"https:\/\/www.pussycatmerida.com\/eshop\/?post_type=product&#038;p=169503"},"modified":"2024-04-02T19:42:42","modified_gmt":"2024-04-02T17:42:42","slug":"pjur-analyse-me-gel-relajante-anal-100-ml-2","status":"publish","type":"product","link":"https:\/\/www.pussycatmerida.com\/eshop\/producto\/pjur-analyse-me-gel-relajante-anal-100-ml-2\/","title":{"rendered":"PJUR &#8211; ANALYSE ME GEL RELAJANTE ANAL 100 ML"},"content":{"rendered":"<p>Es un lubricante de base silicona especialmente desarrollado para el sexo anal<\/p>\n<p>Valiosos extractos de Jojoba proporcionan relajaci\u00f3n y la nueva formulaci\u00f3n a base de silicona una lubricidad especialmente prolongada.<\/p>\n<p>Sus principales cualidades son;<\/p>\n<p>    Consiga un coito anal sin dolor.<br \/>\n    Lubricante de altas prestaciones<br \/>\n    Favorece la dilataci\u00f3n de la piel y los tejidos, y procura un placer libre de cuidados y con sensaci\u00f3n aut\u00e9ntica.<br \/>\n    Relajante Anal<br \/>\n    Compatible con el uso de preservativos.<\/p>\n<p>Un gel muy \u00fatil para realzar el placer de la penetraci\u00f3n anal, y una ayuda muy \u00fatil para los primerizos en este modalidad de penetraci\u00f3n.<\/p>\n<p>Ingredientes: Dimethicone, Dimethiconol, Simmondsia Chinensis (Jojoba), Seed oil, Balsamiferam Bark Oil.<\/p>\n<p>Base de Silicona<\/p>\n<p>Pjur\u00ae es L\u00edder mundial en la fabricaci\u00f3n de lubricantes anales y vaginales, as\u00ed como de retardantes y potenciadores, son de larga duraci\u00f3n, su fiabilidad y durabilidad es un referente en el sector.<\/p>\n<p>Envase de 100 ml.<\/p>\n","protected":false},"excerpt":{"rendered":"<p>Es un lubricante de base silicona especialmente desarrollado para el sexo anal<\/p>\n<p>Valiosos extractos de Jojoba proporcionan relajaci\u00f3n y la nueva formulaci\u00f3n a base de silicona una lubricidad especialmente prolongada.<\/p>\n","protected":false},"featured_media":169504,"template":"","meta":[],"pwb-brand":[44],"product_brand":[],"product_cat":[337,338,348],"product_tag":[],"class_list":{"0":"post-169503","1":"product","2":"type-product","3":"status-publish","4":"has-post-thumbnail","6":"pwb-brand-pjur","7":"product_cat-aceites-y-lubricantes","8":"product_cat-aceites-y-lubricanteslubricantes","9":"product_cat-aceites-y-lubricanteslubricanteslubricantes-con-relajante-anal","10":"post_count_is_0","11":"boutique_post_style_4","13":"first","14":"instock","15":"taxable","16":"shipping-taxable","17":"purchasable","18":"product-type-simple","19":"boutique_image_style_2"},"brands":[{"id":44,"name":"PJUR","slug":"pjur"}],"_links":{"self":[{"href":"https:\/\/www.pussycatmerida.com\/eshop\/wp-json\/wp\/v2\/product\/169503","targetHints":{"allow":["GET"]}}],"collection":[{"href":"https:\/\/www.pussycatmerida.com\/eshop\/wp-json\/wp\/v2\/product"}],"about":[{"href":"https:\/\/www.pussycatmerida.com\/eshop\/wp-json\/wp\/v2\/types\/product"}],"wp:featuredmedia":[{"embeddable":true,"href":"https:\/\/www.pussycatmerida.com\/eshop\/wp-json\/wp\/v2\/media\/169504"}],"wp:attachment":[{"href":"https:\/\/www.pussycatmerida.com\/eshop\/wp-json\/wp\/v2\/media?parent=169503"}],"wp:term":[{"taxonomy":"pwb-brand","embeddable":true,"href":"https:\/\/www.pussycatmerida.com\/eshop\/wp-json\/wp\/v2\/pwb-brand?post=169503"},{"taxonomy":"product_brand","embeddable":true,"href":"https:\/\/www.pussycatmerida.com\/eshop\/wp-json\/wp\/v2\/product_brand?post=169503"},{"taxonomy":"product_cat","embeddable":true,"href":"https:\/\/www.pussycatmerida.com\/eshop\/wp-json\/wp\/v2\/product_cat?post=169503"},{"taxonomy":"product_tag","embeddable":true,"href":"https:\/\/www.pussycatmerida.com\/eshop\/wp-json\/wp\/v2\/product_tag?post=169503"}],"curies":[{"name":"wp","href":"https:\/\/api.w.org\/{rel}","templated":true}]}}