{"id":169506,"date":"2024-04-02T19:44:11","date_gmt":"2024-04-02T17:44:11","guid":{"rendered":"https:\/\/www.pussycatmerida.com\/eshop\/?post_type=product&#038;p=169506"},"modified":"2024-04-02T19:44:11","modified_gmt":"2024-04-02T17:44:11","slug":"pjur-back-door-gel-relajante-anal-100-ml-2","status":"publish","type":"product","link":"https:\/\/www.pussycatmerida.com\/eshop\/producto\/pjur-back-door-gel-relajante-anal-100-ml-2\/","title":{"rendered":"PJUR &#8211; BACK DOOR GEL RELAJANTE ANAL 100 ML"},"content":{"rendered":"<p>Lubricante de silicona fusionado con Jojoba, un componente esencial para las relaciones intimas anales.<\/p>\n<p>Sus principales cualidades son;<\/p>\n<p>    Dise\u00f1ado para e Hombre<br \/>\n    Base de silicona fusionada con jojoba<br \/>\n    Especial sexo anal<\/p>\n<p>Uno de nuestros productos dise\u00f1ados para los hombres gays y para mejorar el sexo anal. Combinamos lubricante de silicona y de jojoba.<\/p>\n<p>Las propiedades de lubricaci\u00f3n de larga duraci\u00f3n de la f\u00f3rmula de silicona y la adici\u00f3n de jojoba, extractos naturales ayudan a relajar el esf\u00ednter anal, al tiempo que la piel estar\u00e1 notablemente m\u00e1s suave y flexible.<\/p>\n<p>Los ingredientes son los mismos que en nuestros Pjur Analyse Me. Descanso, deslizamiento, pero en una concentraci\u00f3n m\u00e1s alta. Pjur Back Door es muy deslizante y es seguro con condones.<\/p>\n<p>Cuando se combina pon el spray Pjur Back Door, forman el equipo perfecto.<\/p>\n<p>Pjur\u00ae es L\u00edder mundial en la fabricaci\u00f3n de lubricantes anales y vaginales, as\u00ed como de retardantes y potenciadores, son de larga duraci\u00f3n, su fiabilidad y durabilidad es un referente en el sector.<\/p>\n<p>Envase de 100ml.<\/p>\n","protected":false},"excerpt":{"rendered":"<p>Lubricante de silicona fusionado con Jojoba, un componente esencial para las relaciones intimas anales.<\/p>\n","protected":false},"featured_media":169507,"template":"","meta":[],"pwb-brand":[44],"product_brand":[],"product_cat":[347,338,348],"product_tag":[],"class_list":{"0":"post-169506","1":"product","2":"type-product","3":"status-publish","4":"has-post-thumbnail","6":"pwb-brand-pjur","7":"product_cat-aceites-y-lubricanteslubricanteslubricacion-anal","8":"product_cat-aceites-y-lubricanteslubricantes","9":"product_cat-aceites-y-lubricanteslubricanteslubricantes-con-relajante-anal","10":"post_count_is_0","11":"boutique_post_style_4","13":"first","14":"instock","15":"taxable","16":"shipping-taxable","17":"purchasable","18":"product-type-simple","19":"boutique_image_style_2"},"brands":[{"id":44,"name":"PJUR","slug":"pjur"}],"_links":{"self":[{"href":"https:\/\/www.pussycatmerida.com\/eshop\/wp-json\/wp\/v2\/product\/169506","targetHints":{"allow":["GET"]}}],"collection":[{"href":"https:\/\/www.pussycatmerida.com\/eshop\/wp-json\/wp\/v2\/product"}],"about":[{"href":"https:\/\/www.pussycatmerida.com\/eshop\/wp-json\/wp\/v2\/types\/product"}],"wp:featuredmedia":[{"embeddable":true,"href":"https:\/\/www.pussycatmerida.com\/eshop\/wp-json\/wp\/v2\/media\/169507"}],"wp:attachment":[{"href":"https:\/\/www.pussycatmerida.com\/eshop\/wp-json\/wp\/v2\/media?parent=169506"}],"wp:term":[{"taxonomy":"pwb-brand","embeddable":true,"href":"https:\/\/www.pussycatmerida.com\/eshop\/wp-json\/wp\/v2\/pwb-brand?post=169506"},{"taxonomy":"product_brand","embeddable":true,"href":"https:\/\/www.pussycatmerida.com\/eshop\/wp-json\/wp\/v2\/product_brand?post=169506"},{"taxonomy":"product_cat","embeddable":true,"href":"https:\/\/www.pussycatmerida.com\/eshop\/wp-json\/wp\/v2\/product_cat?post=169506"},{"taxonomy":"product_tag","embeddable":true,"href":"https:\/\/www.pussycatmerida.com\/eshop\/wp-json\/wp\/v2\/product_tag?post=169506"}],"curies":[{"name":"wp","href":"https:\/\/api.w.org\/{rel}","templated":true}]}}