{"id":169509,"date":"2024-04-02T19:46:04","date_gmt":"2024-04-02T17:46:04","guid":{"rendered":"https:\/\/www.pussycatmerida.com\/eshop\/?post_type=product&#038;p=169509"},"modified":"2024-04-02T19:46:04","modified_gmt":"2024-04-02T17:46:04","slug":"pjur-basic-lubricante-silicona-100-ml-2","status":"publish","type":"product","link":"https:\/\/www.pussycatmerida.com\/eshop\/producto\/pjur-basic-lubricante-silicona-100-ml-2\/","title":{"rendered":"PJUR &#8211; BASIC LUBRICANTE SILICONA 100 ML"},"content":{"rendered":"<p>Pjur Basic Silicone es m\u00e1s atractivo que los lubricantes a base de agua.<\/p>\n<p>    Alta calidad con maximas prestaciones.<\/p>\n<p>Nuestro producto de arranque combina \u00f3ptimamente las caracter\u00edsticas \u00fanicas de deslizamiento de un lubricante de silicona con la pureza de nuestra l\u00ednea bodyglide.<\/p>\n<p>Pjur Basic Silicone es una opci\u00f3n popular para la gente nueva a los lubricante de silicona, que descubren los beneficios ofrecidos por los lubricantes de silicona durante masajes suaves y sensuales. Y, por supuesto Pjur Basic Silicone es inodoro e ins\u00edpido.<\/p>\n<p>De excelentes propiedades, es la elecci\u00f3n perfecta para disfrutar sin preocupaciones.<\/p>\n<p>Envase de 100 ml.<\/p>\n<p>Pjur\u00ae es L\u00edder mundial en la fabricaci\u00f3n de lubricantes anales y vaginales, as\u00ed como de retardantes y potenciadores, son de larga duraci\u00f3n, su fiabilidad y durabilidad es un referente en el sector.<\/p>\n","protected":false},"excerpt":{"rendered":"<p>Pjur Basic Silicone es m\u00e1s atractivo que los lubricantes a base de agua.<\/p>\n<p>    Alta calidad con maximas prestaciones.<\/p>\n","protected":false},"featured_media":169510,"template":"","meta":[],"pwb-brand":[44],"product_brand":[],"product_cat":[344,347,338],"product_tag":[],"class_list":{"0":"post-169509","1":"product","2":"type-product","3":"status-publish","4":"has-post-thumbnail","6":"pwb-brand-pjur","7":"product_cat-aceites-y-lubricanteslubricantesbase-silicona","8":"product_cat-aceites-y-lubricanteslubricanteslubricacion-anal","9":"product_cat-aceites-y-lubricanteslubricantes","10":"post_count_is_0","11":"boutique_post_style_4","13":"first","14":"instock","15":"taxable","16":"shipping-taxable","17":"purchasable","18":"product-type-simple","19":"boutique_image_style_2"},"brands":[{"id":44,"name":"PJUR","slug":"pjur"}],"_links":{"self":[{"href":"https:\/\/www.pussycatmerida.com\/eshop\/wp-json\/wp\/v2\/product\/169509","targetHints":{"allow":["GET"]}}],"collection":[{"href":"https:\/\/www.pussycatmerida.com\/eshop\/wp-json\/wp\/v2\/product"}],"about":[{"href":"https:\/\/www.pussycatmerida.com\/eshop\/wp-json\/wp\/v2\/types\/product"}],"wp:featuredmedia":[{"embeddable":true,"href":"https:\/\/www.pussycatmerida.com\/eshop\/wp-json\/wp\/v2\/media\/169510"}],"wp:attachment":[{"href":"https:\/\/www.pussycatmerida.com\/eshop\/wp-json\/wp\/v2\/media?parent=169509"}],"wp:term":[{"taxonomy":"pwb-brand","embeddable":true,"href":"https:\/\/www.pussycatmerida.com\/eshop\/wp-json\/wp\/v2\/pwb-brand?post=169509"},{"taxonomy":"product_brand","embeddable":true,"href":"https:\/\/www.pussycatmerida.com\/eshop\/wp-json\/wp\/v2\/product_brand?post=169509"},{"taxonomy":"product_cat","embeddable":true,"href":"https:\/\/www.pussycatmerida.com\/eshop\/wp-json\/wp\/v2\/product_cat?post=169509"},{"taxonomy":"product_tag","embeddable":true,"href":"https:\/\/www.pussycatmerida.com\/eshop\/wp-json\/wp\/v2\/product_tag?post=169509"}],"curies":[{"name":"wp","href":"https:\/\/api.w.org\/{rel}","templated":true}]}}