{"id":17020,"date":"2021-03-01T10:30:36","date_gmt":"2021-03-01T08:30:36","guid":{"rendered":"https:\/\/www.pussycatmerida.com\/eshop\/product\/desir-metallique-collar-metalico-plateado\/"},"modified":"2026-03-11T12:39:40","modified_gmt":"2026-03-11T11:39:40","slug":"desir-metallique-collar-metalico-plateado","status":"publish","type":"product","link":"https:\/\/www.pussycatmerida.com\/eshop\/producto\/desir-metallique-collar-metalico-plateado\/","title":{"rendered":"D\u00c9SIR M\u00c9TALLIQUE COLLAR MET\u00c1LICO PLATEADO"},"content":{"rendered":"<p>El resplandor de este metal atrapa su mirada y libera tus fantas\u00edas. Luce D\u00e9sir Met\u00e1llique como un complemento m\u00e1s en cualquier ocasi\u00f3n, y ll\u00e9valo siempre que desees practicar sugerentes juegos de bondage en la intimidad.<\/p>\n<p>Contenido: accesorio de gargantilla de malla met\u00e1lica y cintur\u00f3n de cadena ajustable<\/p>\n<ul>\n<li>Doble uso. Elegante collar para cualquier ocasi\u00f3n y un complemento para tus juegos bondage.<\/li>\n<li>\u00a1100% Ajustables! Las cadenas del collar son ajustables.<\/li>\n<li>\u00a1Conjunto de esc\u00e1ndalo! Combina tu collar con las esposas D\u00e9sir M\u00e9tallique.\u00a0<\/li>\n<\/ul>\n<p>Comb\u00ednalo con un look de noche, lencer\u00eda, o, simplemente, con tu piel.<\/p>\n<p>\u00a1Juega sin problemas! No contiene n\u00edquel por lo que no causa reacciones al\u00e9rgicas.<\/p>\n<p>Jugamos? El aspecto elegante de nuestros complementos enga\u00f1an, conviertelos en los instrumentos que te abren las puerta\u00a0al mundo del soft bondage.<\/p>\n<p style=\"text-align: center;\"><iframe loading=\"lazy\" allowfullscreen=\"\" frameborder=\"0\" height=\"300\" scrolling=\"no\" src=\"https:\/\/www.youtube.com\/embed\/35-d1Vjjeoc?rel=0controls=0showinfo=0\" width=\"800\"><\/iframe><\/p>\n","protected":false},"excerpt":{"rendered":"<p>D\u00c9SIR M\u00c9TALLIQUE METALLIC MESH SILVER COLLAR<\/p>\n","protected":false},"featured_media":56866,"template":"","meta":[],"pwb-brand":[630,51],"product_brand":[],"product_cat":[423,313,282,912,274,309,295],"product_tag":[],"class_list":{"0":"post-17020","1":"product","2":"type-product","3":"status-publish","4":"has-post-thumbnail","6":"pwb-brand-bijoux-indiscretsbijoux-desire-metallique","7":"pwb-brand-bijoux-indiscrets","8":"product_cat-juguetes-sexuales-xxxfetish-bondagebdsm-accesorios","9":"product_cat-lenceriacomplementos-lenceria","10":"product_cat-juguetes-sexuales-xxxfetish-bondage","11":"product_cat-joyeria-corporal","12":"product_cat-juguetes-sexuales-xxx","13":"product_cat-lenceria","14":"product_cat-juguetes-sexuales-xxxmetal","15":"post_count_is_0","16":"boutique_post_style_4","18":"first","19":"instock","20":"taxable","21":"shipping-taxable","22":"purchasable","23":"product-type-simple","24":"boutique_image_style_2"},"brands":[{"id":630,"name":"BIJOUX DESIRE METALLIQUE","slug":"bijoux-indiscretsbijoux-desire-metallique"},{"id":51,"name":"BIJOUX INDISCRETS","slug":"bijoux-indiscrets"}],"_links":{"self":[{"href":"https:\/\/www.pussycatmerida.com\/eshop\/wp-json\/wp\/v2\/product\/17020","targetHints":{"allow":["GET"]}}],"collection":[{"href":"https:\/\/www.pussycatmerida.com\/eshop\/wp-json\/wp\/v2\/product"}],"about":[{"href":"https:\/\/www.pussycatmerida.com\/eshop\/wp-json\/wp\/v2\/types\/product"}],"wp:featuredmedia":[{"embeddable":true,"href":"https:\/\/www.pussycatmerida.com\/eshop\/wp-json\/wp\/v2\/media\/56866"}],"wp:attachment":[{"href":"https:\/\/www.pussycatmerida.com\/eshop\/wp-json\/wp\/v2\/media?parent=17020"}],"wp:term":[{"taxonomy":"pwb-brand","embeddable":true,"href":"https:\/\/www.pussycatmerida.com\/eshop\/wp-json\/wp\/v2\/pwb-brand?post=17020"},{"taxonomy":"product_brand","embeddable":true,"href":"https:\/\/www.pussycatmerida.com\/eshop\/wp-json\/wp\/v2\/product_brand?post=17020"},{"taxonomy":"product_cat","embeddable":true,"href":"https:\/\/www.pussycatmerida.com\/eshop\/wp-json\/wp\/v2\/product_cat?post=17020"},{"taxonomy":"product_tag","embeddable":true,"href":"https:\/\/www.pussycatmerida.com\/eshop\/wp-json\/wp\/v2\/product_tag?post=17020"}],"curies":[{"name":"wp","href":"https:\/\/api.w.org\/{rel}","templated":true}]}}