{"id":17021,"date":"2021-03-01T10:26:56","date_gmt":"2021-03-01T08:26:56","guid":{"rendered":"https:\/\/www.pussycatmerida.com\/eshop\/product\/desir-metallique-esposas-metalicas-plateadas\/"},"modified":"2026-03-11T12:39:40","modified_gmt":"2026-03-11T11:39:40","slug":"desir-metallique-esposas-metalicas-plateadas","status":"publish","type":"product","link":"https:\/\/www.pussycatmerida.com\/eshop\/producto\/desir-metallique-esposas-metalicas-plateadas\/","title":{"rendered":"D\u00c9SIR M\u00c9TALLIQUE ESPOSAS MET\u00c1LICAS PLATEADAS"},"content":{"rendered":"<p>D\u00e9sir M\u00e9tallique es el complemento definitivo para las seductoras m\u00e1s glamourosas: unos originales brazaletes para lucir en cualquier ocasi\u00f3n y unas esposas en los momentos de pasi\u00f3n.<\/p>\n<p>Contenido: esposas ajustables de malla met\u00e1lica.<\/p>\n<p>&#8211; \u00a1Doble uso! Elegantes brazaletes para cualquier ocasi\u00f3n y unas esposas para tus momentos de pasi\u00f3n.<\/p>\n<p>&#8211; \u00a1100% Ajustables! Las cadenas de los brazaletes son ajustables.<\/p>\n<p>&#8211; \u00a1Conjunto de esc\u00e1ndalo! Combina tus brazaletes con el collar D\u00e9sir M\u00e9tallique.\u00a0<\/p>\n<p>&#8211; Comb\u00ednalo con un look de noche, lencer\u00eda, o, simplemente, con tu piel.<\/p>\n<p>&#8211; \u00a1Juega sin problemas! No contiene n\u00edquel por lo que no causa reacciones al\u00e9rgicas.<\/p>\n<p>&#8211; Dise\u00f1o exclusivo por Bijoux Indiscrets.<\/p>\n<p>&#8211; Jugamos? El aspecto delicado de nuestros brazaletes enga\u00f1a, conviertelos en los instrumentos necesarios para adentrarte<\/p>\n<p>en el mundo del soft bondage.<\/p>\n<p style=\"text-align: center;\"><iframe loading=\"lazy\" allowfullscreen=\"\" frameborder=\"0\" height=\"300\" scrolling=\"no\" src=\"https:\/\/www.youtube.com\/embed\/35-d1Vjjeoc?rel=0controls=0showinfo=0\" width=\"800\"><\/iframe><\/p>\n","protected":false},"excerpt":{"rendered":"<p>D\u00c9SIR M\u00c9TALLIQUE SILVER METALLIC MESH HANDCUFFS<\/p>\n","protected":false},"featured_media":56679,"template":"","meta":[],"pwb-brand":[630,51],"product_brand":[],"product_cat":[420,313,390,282,912,274,309,389,295],"product_tag":[],"class_list":{"0":"post-17021","1":"product","2":"type-product","3":"status-publish","4":"has-post-thumbnail","6":"pwb-brand-bijoux-indiscretsbijoux-desire-metallique","7":"pwb-brand-bijoux-indiscrets","8":"product_cat-juguetes-sexuales-xxxfetish-bondagebdsm-cock-rings-metal","9":"product_cat-lenceriacomplementos-lenceria","10":"product_cat-juguetes-sexuales-xxxfetish-bondageesposas","11":"product_cat-juguetes-sexuales-xxxfetish-bondage","12":"product_cat-joyeria-corporal","13":"product_cat-juguetes-sexuales-xxx","14":"product_cat-lenceria","15":"product_cat-juguetes-sexuales-xxxmascaras-y-esposas","16":"product_cat-juguetes-sexuales-xxxmetal","17":"post_count_is_0","18":"boutique_post_style_4","20":"first","21":"instock","22":"taxable","23":"shipping-taxable","24":"purchasable","25":"product-type-simple","26":"boutique_image_style_2"},"brands":[{"id":630,"name":"BIJOUX DESIRE METALLIQUE","slug":"bijoux-indiscretsbijoux-desire-metallique"},{"id":51,"name":"BIJOUX INDISCRETS","slug":"bijoux-indiscrets"}],"_links":{"self":[{"href":"https:\/\/www.pussycatmerida.com\/eshop\/wp-json\/wp\/v2\/product\/17021","targetHints":{"allow":["GET"]}}],"collection":[{"href":"https:\/\/www.pussycatmerida.com\/eshop\/wp-json\/wp\/v2\/product"}],"about":[{"href":"https:\/\/www.pussycatmerida.com\/eshop\/wp-json\/wp\/v2\/types\/product"}],"wp:featuredmedia":[{"embeddable":true,"href":"https:\/\/www.pussycatmerida.com\/eshop\/wp-json\/wp\/v2\/media\/56679"}],"wp:attachment":[{"href":"https:\/\/www.pussycatmerida.com\/eshop\/wp-json\/wp\/v2\/media?parent=17021"}],"wp:term":[{"taxonomy":"pwb-brand","embeddable":true,"href":"https:\/\/www.pussycatmerida.com\/eshop\/wp-json\/wp\/v2\/pwb-brand?post=17021"},{"taxonomy":"product_brand","embeddable":true,"href":"https:\/\/www.pussycatmerida.com\/eshop\/wp-json\/wp\/v2\/product_brand?post=17021"},{"taxonomy":"product_cat","embeddable":true,"href":"https:\/\/www.pussycatmerida.com\/eshop\/wp-json\/wp\/v2\/product_cat?post=17021"},{"taxonomy":"product_tag","embeddable":true,"href":"https:\/\/www.pussycatmerida.com\/eshop\/wp-json\/wp\/v2\/product_tag?post=17021"}],"curies":[{"name":"wp","href":"https:\/\/api.w.org\/{rel}","templated":true}]}}