{"id":17151,"date":"2021-02-26T14:28:07","date_gmt":"2021-02-26T12:28:07","guid":{"rendered":"https:\/\/www.pussycatmerida.com\/eshop\/product\/secretplay-vibrador-liquido-estimulador-unisex-strong-15-ml\/"},"modified":"2026-03-11T12:38:48","modified_gmt":"2026-03-11T11:38:48","slug":"secretplay-vibrador-liquido-estimulador-unisex-strong-15-ml","status":"publish","type":"product","link":"https:\/\/www.pussycatmerida.com\/eshop\/producto\/secretplay-vibrador-liquido-estimulador-unisex-strong-15-ml\/","title":{"rendered":"SECRETPLAY VIBRADOR L\u00cdQUIDO ESTIMULADOR UNISEX STRONG  15 ML"},"content":{"rendered":"<p>Qu\u00e9 es el Vibrador L\u00edquido? Es un gel unisex que se extiende sobre la piel mediante un suave masaje , despu\u00e9s de su aplicaci\u00f3n produce unas sensaciones estimulantes con ondas de vibraci\u00f3n.<\/p>\n<p>Permite un mayor placer para la pareja y una sensaci\u00f3n \u00fanica.<\/p>\n<ul>\n<li>Envase con sistema \u201cAirless\u201d.<\/li>\n<\/ul>\n<p>15 ml.<\/p>\n","protected":false},"excerpt":{"rendered":"<p>SECRETPLAY VIBRADOR L\u00cdQUIDO ESTIMULADOR UNISEX STRONG  15 ML<\/p>\n","protected":false},"featured_media":46949,"template":"","meta":[],"pwb-brand":[498,682],"product_brand":[],"product_cat":[337,328,340,336,359,361,330,334,365],"product_tag":[],"class_list":{"0":"post-17151","1":"product","2":"type-product","3":"status-publish","4":"has-post-thumbnail","6":"pwb-brand-secretplay","7":"pwb-brand-secretplaysecretplay-cosmetic","8":"product_cat-aceites-y-lubricantes","9":"product_cat-afrodisiacos","10":"product_cat-aceites-y-lubricantesaumenta-la-potencia-en-el-hombre","11":"product_cat-afrodisiacoscremas-potenciadores-orgasmo-femenino","12":"product_cat-aceites-y-lubricantesorgasmo-femenino","13":"product_cat-aceites-y-lubricantesorgasmo-femeninopotenciador-orgasmo-femenino","14":"product_cat-afrodisiacospotenciadores","15":"product_cat-afrodisiacossensibilizantes","16":"product_cat-aceites-y-lubricantesaumenta-la-potencia-en-el-hombrevigorizantes","17":"post_count_is_0","18":"boutique_post_style_4","20":"first","21":"instock","22":"taxable","23":"shipping-taxable","24":"purchasable","25":"product-type-simple","26":"boutique_image_style_2"},"brands":[{"id":498,"name":"SECRETPLAY","slug":"secretplay"},{"id":682,"name":"SECRETPLAY COSMETIC","slug":"secretplaysecretplay-cosmetic"}],"_links":{"self":[{"href":"https:\/\/www.pussycatmerida.com\/eshop\/wp-json\/wp\/v2\/product\/17151","targetHints":{"allow":["GET"]}}],"collection":[{"href":"https:\/\/www.pussycatmerida.com\/eshop\/wp-json\/wp\/v2\/product"}],"about":[{"href":"https:\/\/www.pussycatmerida.com\/eshop\/wp-json\/wp\/v2\/types\/product"}],"wp:featuredmedia":[{"embeddable":true,"href":"https:\/\/www.pussycatmerida.com\/eshop\/wp-json\/wp\/v2\/media\/46949"}],"wp:attachment":[{"href":"https:\/\/www.pussycatmerida.com\/eshop\/wp-json\/wp\/v2\/media?parent=17151"}],"wp:term":[{"taxonomy":"pwb-brand","embeddable":true,"href":"https:\/\/www.pussycatmerida.com\/eshop\/wp-json\/wp\/v2\/pwb-brand?post=17151"},{"taxonomy":"product_brand","embeddable":true,"href":"https:\/\/www.pussycatmerida.com\/eshop\/wp-json\/wp\/v2\/product_brand?post=17151"},{"taxonomy":"product_cat","embeddable":true,"href":"https:\/\/www.pussycatmerida.com\/eshop\/wp-json\/wp\/v2\/product_cat?post=17151"},{"taxonomy":"product_tag","embeddable":true,"href":"https:\/\/www.pussycatmerida.com\/eshop\/wp-json\/wp\/v2\/product_tag?post=17151"}],"curies":[{"name":"wp","href":"https:\/\/api.w.org\/{rel}","templated":true}]}}