{"id":17156,"date":"2021-02-26T13:59:46","date_gmt":"2021-02-26T11:59:46","guid":{"rendered":"https:\/\/www.pussycatmerida.com\/eshop\/product\/secretplay-lubricante-2-1-efecto-calor-fresanata-50ml\/"},"modified":"2026-03-11T12:38:50","modified_gmt":"2026-03-11T11:38:50","slug":"secretplay-lubricante-2-1-efecto-calor-fresanata-50ml","status":"publish","type":"product","link":"https:\/\/www.pussycatmerida.com\/eshop\/producto\/secretplay-lubricante-2-1-efecto-calor-fresanata-50ml\/","title":{"rendered":"SECRETPLAY LUBRICANTE 2-1 EFECTO CALOR FRESANATA 50ML"},"content":{"rendered":"<p>Nueva colecci\u00f3n de 2 en 1 lubricantes y masaje\u00a0 efecto calor. Sabores para todos los gustos. Sin az\u00facar ni parabenos, ideal para todas las zonas er\u00f3genas: Pezones, cuello, test\u00edculos, etc.<\/p>\n<p>Envase\u00a0 con\u00a0 sistema \u00abAirless\u00bb\u00a0<\/p>\n<ul>\n<li>F\u00e1cil aplicaci\u00f3n<\/li>\n<li>Capacidad: 50 ml<\/li>\n<li>Aroma: Fresas con nata<\/li>\n<li>No testado en animales<\/li>\n<li>Puede usarse como aceite de masaje y como lubricante<\/li>\n<li>Compatible con preservativos y juguetes<\/li>\n<li>Sin az\u00facares, sin gluten y 100% vegano<\/li>\n<li>Hecho en Espa\u00f1a<\/li>\n<\/ul>\n","protected":false},"excerpt":{"rendered":"<p>SECRETPLAY LUBRICANT 2-1 HEAT EFFECT STRAWBERRY  CREAM 50ML<\/p>\n","protected":false},"featured_media":45673,"template":"","meta":[],"pwb-brand":[498,682],"product_brand":[],"product_cat":[337,338,346,345],"product_tag":[],"class_list":{"0":"post-17156","1":"product","2":"type-product","3":"status-publish","4":"has-post-thumbnail","6":"pwb-brand-secretplay","7":"pwb-brand-secretplaysecretplay-cosmetic","8":"product_cat-aceites-y-lubricantes","9":"product_cat-aceites-y-lubricanteslubricantes","10":"product_cat-aceites-y-lubricanteslubricanteslubricantes-comestibles","11":"product_cat-aceites-y-lubricanteslubricanteslubricantes-con-sabores","12":"post_count_is_0","13":"boutique_post_style_4","15":"first","16":"instock","17":"taxable","18":"shipping-taxable","19":"purchasable","20":"product-type-simple","21":"boutique_image_style_2"},"brands":[{"id":498,"name":"SECRETPLAY","slug":"secretplay"},{"id":682,"name":"SECRETPLAY COSMETIC","slug":"secretplaysecretplay-cosmetic"}],"_links":{"self":[{"href":"https:\/\/www.pussycatmerida.com\/eshop\/wp-json\/wp\/v2\/product\/17156","targetHints":{"allow":["GET"]}}],"collection":[{"href":"https:\/\/www.pussycatmerida.com\/eshop\/wp-json\/wp\/v2\/product"}],"about":[{"href":"https:\/\/www.pussycatmerida.com\/eshop\/wp-json\/wp\/v2\/types\/product"}],"wp:featuredmedia":[{"embeddable":true,"href":"https:\/\/www.pussycatmerida.com\/eshop\/wp-json\/wp\/v2\/media\/45673"}],"wp:attachment":[{"href":"https:\/\/www.pussycatmerida.com\/eshop\/wp-json\/wp\/v2\/media?parent=17156"}],"wp:term":[{"taxonomy":"pwb-brand","embeddable":true,"href":"https:\/\/www.pussycatmerida.com\/eshop\/wp-json\/wp\/v2\/pwb-brand?post=17156"},{"taxonomy":"product_brand","embeddable":true,"href":"https:\/\/www.pussycatmerida.com\/eshop\/wp-json\/wp\/v2\/product_brand?post=17156"},{"taxonomy":"product_cat","embeddable":true,"href":"https:\/\/www.pussycatmerida.com\/eshop\/wp-json\/wp\/v2\/product_cat?post=17156"},{"taxonomy":"product_tag","embeddable":true,"href":"https:\/\/www.pussycatmerida.com\/eshop\/wp-json\/wp\/v2\/product_tag?post=17156"}],"curies":[{"name":"wp","href":"https:\/\/api.w.org\/{rel}","templated":true}]}}