{"id":17237,"date":"2021-03-01T10:30:50","date_gmt":"2021-03-01T08:30:50","guid":{"rendered":"https:\/\/www.pussycatmerida.com\/eshop\/product\/bijoux-indiscrets-maze-arnes-h-negro\/"},"modified":"2026-03-11T12:39:40","modified_gmt":"2026-03-11T11:39:40","slug":"bijoux-indiscrets-maze-arnes-h-negro","status":"publish","type":"product","link":"https:\/\/www.pussycatmerida.com\/eshop\/producto\/bijoux-indiscrets-maze-arnes-h-negro\/","title":{"rendered":"BIJOUX INDISCRETS MAZE &#8211; ARN\u00c9S H NEGRO"},"content":{"rendered":"<p>Un arn\u00e9s de inspiraci\u00f3n BDSM que combina a la perfecci\u00f3n con tu mejores conjuntos de ropa o lencer\u00eda, e intensifica tus juegos bondage. Pi\u00e9rdete entre las encrucijadas de Maze y descubre el lugar donde tus dos mundos, el que muestras y el que escondes, se funden en uno Te atreves a entrar?<\/p>\n<ul>\n<li>100% vegano, 0% material de origen animal.<\/li>\n<li>100% ajustable en cuello, pecho y espalda.<\/li>\n<li>\u00a1Conjunto de esc\u00e1ndalo! Comb\u00ednalo con unos flash.<\/li>\n<li>Inspirado en el cl\u00e1sico BDSM: la sensualidad y el poder de las sesiones bondage en un \u00fanico complemento.<\/li>\n<li>Combina a la perfecci\u00f3n con cualquier look, lencer\u00eda o, simplemente, con tu piel.<\/li>\n<li>100% vegano: correas de poliuretano, fabricado a partir de materiales reciclado.<\/li>\n<li>Un toque rompedor a todos tus conjuntos y lencer\u00eda.<\/li>\n<li>Fashion Erotic Accessories: Fusi\u00f3n entre las tendencias actuales en moda y el erotismo cl\u00e1sico.<\/li>\n<li>Jugamos? El complemento perfecto para tus juegos bondage.<\/li>\n<li>\u00a1Sube de nivel! Combina el arn\u00e9s con unas esposas y obedecer a vuestros deseos.<\/li>\n<li>\u00a1Summer Festival Look! Las tendencias de moda se dictan en las pasarelas alternativas \u00a1Marca tendencia con Maze!<\/li>\n<li>Dise\u00f1o exclusivo por Bijoux Indiscrets.<\/li>\n<\/ul>\n<p>Sucumbe a tus deseos de manera segura y divertida para intensificar la qu\u00edmica sexual y potenciar la confianza. Coloca el arn\u00e9s sobre tu ropa, lencer\u00eda o la piel. Tambi\u00e9n puedes pasar por los tres estados en un mismo plan, recuerda que el dise\u00f1o de Maze permite llevar estos complementos como accesorios de moda y como accesorios er\u00f3ticos. Ajusta a tu cuerpo las hebillas en cuello, pecho y espalda. Disfruta de las miradas. Los arneses de Maze est\u00e1n pensados para aportar un toque rompedor a tus looks, lencer\u00eda y momentos de juego<\/p>\n<p>\u00a0<\/p>\n<p style=\"text-align: center;\"><iframe loading=\"lazy\" allowfullscreen=\"\" frameborder=\"0\" height=\"300\" scrolling=\"no\" src=\"https:\/\/www.youtube.com\/embed\/Meh9cE7chEM\" width=\"800\"><\/iframe><\/p>\n","protected":false},"excerpt":{"rendered":"<p>MAZE &#8211; H HARNESS BLACK<\/p>\n","protected":false},"featured_media":56891,"template":"","meta":[],"pwb-brand":[51,633],"product_brand":[],"product_cat":[311,423,313,282,274,309],"product_tag":[],"class_list":{"0":"post-17237","1":"product","2":"type-product","3":"status-publish","4":"has-post-thumbnail","6":"pwb-brand-bijoux-indiscrets","7":"pwb-brand-bijoux-indiscretsbijoux-maze","8":"product_cat-lenceriababydoll-picardias","9":"product_cat-juguetes-sexuales-xxxfetish-bondagebdsm-accesorios","10":"product_cat-lenceriacomplementos-lenceria","11":"product_cat-juguetes-sexuales-xxxfetish-bondage","12":"product_cat-juguetes-sexuales-xxx","13":"product_cat-lenceria","14":"post_count_is_0","15":"boutique_post_style_4","17":"first","18":"instock","19":"taxable","20":"shipping-taxable","21":"purchasable","22":"product-type-simple","23":"boutique_image_style_2"},"brands":[{"id":51,"name":"BIJOUX INDISCRETS","slug":"bijoux-indiscrets"},{"id":633,"name":"BIJOUX- MAZE","slug":"bijoux-indiscretsbijoux-maze"}],"_links":{"self":[{"href":"https:\/\/www.pussycatmerida.com\/eshop\/wp-json\/wp\/v2\/product\/17237","targetHints":{"allow":["GET"]}}],"collection":[{"href":"https:\/\/www.pussycatmerida.com\/eshop\/wp-json\/wp\/v2\/product"}],"about":[{"href":"https:\/\/www.pussycatmerida.com\/eshop\/wp-json\/wp\/v2\/types\/product"}],"wp:featuredmedia":[{"embeddable":true,"href":"https:\/\/www.pussycatmerida.com\/eshop\/wp-json\/wp\/v2\/media\/56891"}],"wp:attachment":[{"href":"https:\/\/www.pussycatmerida.com\/eshop\/wp-json\/wp\/v2\/media?parent=17237"}],"wp:term":[{"taxonomy":"pwb-brand","embeddable":true,"href":"https:\/\/www.pussycatmerida.com\/eshop\/wp-json\/wp\/v2\/pwb-brand?post=17237"},{"taxonomy":"product_brand","embeddable":true,"href":"https:\/\/www.pussycatmerida.com\/eshop\/wp-json\/wp\/v2\/product_brand?post=17237"},{"taxonomy":"product_cat","embeddable":true,"href":"https:\/\/www.pussycatmerida.com\/eshop\/wp-json\/wp\/v2\/product_cat?post=17237"},{"taxonomy":"product_tag","embeddable":true,"href":"https:\/\/www.pussycatmerida.com\/eshop\/wp-json\/wp\/v2\/product_tag?post=17237"}],"curies":[{"name":"wp","href":"https:\/\/api.w.org\/{rel}","templated":true}]}}