{"id":17251,"date":"2021-03-01T11:08:06","date_gmt":"2021-03-01T09:08:06","guid":{"rendered":"https:\/\/www.pussycatmerida.com\/eshop\/product\/bijoux-indiscrets-maze-collar-choker-negro\/"},"modified":"2026-03-11T12:38:59","modified_gmt":"2026-03-11T11:38:59","slug":"bijoux-indiscrets-maze-collar-choker-negro","status":"publish","type":"product","link":"https:\/\/www.pussycatmerida.com\/eshop\/producto\/bijoux-indiscrets-maze-collar-choker-negro\/","title":{"rendered":"BIJOUX INDISCRETS MAZE  COLLAR CHOKER NEGRO"},"content":{"rendered":"<p>Saca tu lado m\u00e1s canalla con este collar de inspiraci\u00f3n BDSM. El complemento para todos tus look atrevidos y tus sesiones bondage. No dejes que su tama\u00f1o te enga\u00f1e ser\u00e1 la pieza principal de tu conjunto. Pi\u00e9rdete entre las encrucijadas de Maze y descubre el lugar donde tus dos mundos, el que muestras y el que escondes, se funden en uno Te atreves a entrar?<\/p>\n<ul>\n<li>100% vegano, 0% material de origen animal.<\/li>\n<li>Inspirado en el cl\u00e1sico BDSM: la sensualidad y el poder de las sesiones bondage en un \u00fanico complemento.<\/li>\n<li>Combina a la perfecci\u00f3n con cualquier look, lencer\u00eda o, simplemente, con tu piel.<\/li>\n<li>\u00a1100% ajustable! La correa de este complemento es ajustable.<\/li>\n<li>\u00a1Sube m\u00e1s la temperatura con unos FLASH! &#8211; 100% vegano: correas de poliuretano, fabricado a partir de materiales reciclados.<\/li>\n<li>Un toque rompedor a todos tus conjuntos y lencer\u00eda.<\/li>\n<li>Fashion Erotic Accessories: Fusi\u00f3n entre las tendencias actuales en moda y el erotismo.<\/li>\n<li>\u00a1Conjunto de esc\u00e1ndalo! Usa tu complemento Maze con tu lencer\u00eda m\u00e1s sexy o tus pezoneras favoritas.<\/li>\n<li>Jugamos? El complemento perfecto para tus juegos bondage<\/li>\n<li>\u00a1Sube de nivel! Comb\u00ednalas con un arn\u00e9s o unas esposas, restringe a\u00fan m\u00e1s tus movimientos para aumentar la intensidad del juego.<\/li>\n<li>\u00a1Summer Festival Look! Las tendencias de moda se dictan en las pasarelas alternativas, \u00a1Marca tendencia con Maze!<\/li>\n<li>Dise\u00f1o exclusivo por Bijoux Indiscrets.<\/li>\n<\/ul>\n<p>Sucumbe a tus deseos de manera segura y divertida para intensificar la qu\u00edmica sexual y potenciar la confianza. Elige el conjunto y la lencer\u00eda con la que quieras sorprender, y a\u00f1ade a ambos un toque rebelde con este collar chocker. Ajusta el tama\u00f1o del collar a tu cuello a trav\u00e9s de la hebilla. Disfruta de las miradas.<\/p>\n<p>Convi\u00e9rtelo m\u00e1s tarde en tu accesorio preferido para tus juegos bondage, un collar con un dise\u00f1o rompedor para disfrutar en diferentes situaciones<\/p>\n<p style=\"text-align: center;\"><iframe loading=\"lazy\" allowfullscreen=\"\" frameborder=\"0\" height=\"300\" scrolling=\"no\" src=\"https:\/\/www.youtube.com\/embed\/Meh9cE7chEM\" width=\"800\"><\/iframe><\/p>\n","protected":false},"excerpt":{"rendered":"<p>MAZE &#8211; SINGLE CHOKER BLACK<\/p>\n","protected":false},"featured_media":58395,"template":"","meta":[],"pwb-brand":[51,633],"product_brand":[],"product_cat":[423,422,313,282,274,309],"product_tag":[],"class_list":{"0":"post-17251","1":"product","2":"type-product","3":"status-publish","4":"has-post-thumbnail","6":"pwb-brand-bijoux-indiscrets","7":"pwb-brand-bijoux-indiscretsbijoux-maze","8":"product_cat-juguetes-sexuales-xxxfetish-bondagebdsm-accesorios","9":"product_cat-juguetes-sexuales-xxxfetish-bondagebdsm-collares","10":"product_cat-lenceriacomplementos-lenceria","11":"product_cat-juguetes-sexuales-xxxfetish-bondage","12":"product_cat-juguetes-sexuales-xxx","13":"product_cat-lenceria","14":"post_count_is_0","15":"boutique_post_style_4","17":"first","18":"instock","19":"taxable","20":"shipping-taxable","21":"purchasable","22":"product-type-simple","23":"boutique_image_style_2"},"brands":[{"id":51,"name":"BIJOUX INDISCRETS","slug":"bijoux-indiscrets"},{"id":633,"name":"BIJOUX- MAZE","slug":"bijoux-indiscretsbijoux-maze"}],"_links":{"self":[{"href":"https:\/\/www.pussycatmerida.com\/eshop\/wp-json\/wp\/v2\/product\/17251","targetHints":{"allow":["GET"]}}],"collection":[{"href":"https:\/\/www.pussycatmerida.com\/eshop\/wp-json\/wp\/v2\/product"}],"about":[{"href":"https:\/\/www.pussycatmerida.com\/eshop\/wp-json\/wp\/v2\/types\/product"}],"wp:featuredmedia":[{"embeddable":true,"href":"https:\/\/www.pussycatmerida.com\/eshop\/wp-json\/wp\/v2\/media\/58395"}],"wp:attachment":[{"href":"https:\/\/www.pussycatmerida.com\/eshop\/wp-json\/wp\/v2\/media?parent=17251"}],"wp:term":[{"taxonomy":"pwb-brand","embeddable":true,"href":"https:\/\/www.pussycatmerida.com\/eshop\/wp-json\/wp\/v2\/pwb-brand?post=17251"},{"taxonomy":"product_brand","embeddable":true,"href":"https:\/\/www.pussycatmerida.com\/eshop\/wp-json\/wp\/v2\/product_brand?post=17251"},{"taxonomy":"product_cat","embeddable":true,"href":"https:\/\/www.pussycatmerida.com\/eshop\/wp-json\/wp\/v2\/product_cat?post=17251"},{"taxonomy":"product_tag","embeddable":true,"href":"https:\/\/www.pussycatmerida.com\/eshop\/wp-json\/wp\/v2\/product_tag?post=17251"}],"curies":[{"name":"wp","href":"https:\/\/api.w.org\/{rel}","templated":true}]}}