{"id":17253,"date":"2021-02-26T15:15:18","date_gmt":"2021-02-26T13:15:18","guid":{"rendered":"https:\/\/www.pussycatmerida.com\/eshop\/product\/bijoux-indiscrets-maze-esposas-brazaletes-negros\/"},"modified":"2026-03-11T12:38:59","modified_gmt":"2026-03-11T11:38:59","slug":"bijoux-indiscrets-maze-esposas-brazaletes-negros","status":"publish","type":"product","link":"https:\/\/www.pussycatmerida.com\/eshop\/producto\/bijoux-indiscrets-maze-esposas-brazaletes-negros\/","title":{"rendered":"BIJOUX INDISCRETS MAZE  ESPOSAS BRAZALETES NEGROS"},"content":{"rendered":"<p>Adorna tus mu\u00f1ecas con estos brazaletes dobles que combinan a la perfecci\u00f3n con tus mejores conjuntos y se convierten, en la intimidad, en tus esposas favoritas para juegos bondage. Pi\u00e9rdete entre las encrucijadas de Maze y descubre el lugar donde tus dos mundos, el que muestras y el que escondes, se funden en uno Te atreves a entrar?<\/p>\n<ul>\n<li>100% vegano, 0% material de origen animal.<\/li>\n<li>Brazaletes\/ esposas 100% ajustables.<\/li>\n<li>Inspirado en el cl\u00e1sico BDSM: la sensualidad y el poder de las sesiones bondage en un \u00fanico complemento.<\/li>\n<li>Combina a la perfecci\u00f3n con cualquier look, lencer\u00eda o, simplemente, con tu piel.<\/li>\n<li>100% vegano: correas de poliuretano, fabricado a partir de materiales reciclados.<\/li>\n<li>Un toque rompedor a todos tus conjuntos y lencer\u00eda.<\/li>\n<li>Fashion Erotic Accessories: Fusi\u00f3n entre las tendencias actuales en moda y el erotismo cl\u00e1sico.<\/li>\n<li>\u00a1Doble uso! Coloca los brazaletes en la misma mu\u00f1eca para llevarlas como complemento de moda. Retira un extremo y \u00fanelo a tu otra mu\u00f1eca para convertirlos en esposas.<\/li>\n<li>Jugamos? El complemento perfecto para tus juegos bondage.<\/li>\n<li>\u00a1Sube de nivel! Comb\u00ednalas con los, arneses, collares o las esposas de pies, restringe a\u00fan m\u00e1s tus movimientos para aumentar el placer.<\/li>\n<li>\u00a1Summer Festival Look! Las tendencias de moda se dictan en las pasarelas alternativas, \u00a1Marca tendencia con Maze!<\/li>\n<li>Dise\u00f1o exclusivo por Bijoux Indiscrets.<\/li>\n<\/ul>\n<p>Sucumbe a tus deseos de manera segura y divertida para intensificar la qu\u00edmica sexual y potenciar la confianza. Elige tu conjunto y la lencer\u00eda con la que quieras sorprender. Coloca los brazaletes en la misma mu\u00f1eca y aj\u00fastalos, a trav\u00e9s de las hebillas, para llevar est\u00e1s esposas como complemento de moda. Mu\u00e9straselos a tu pareja para que el juego dure toda la noche \u00a1S\u00faper excitante! Un secreto guardado a la vista de todos. Cuando est\u00e9is listos, retira un brazalete y \u00e1talo a tu otra mu\u00f1eca. Tambi\u00e9n puedes quitarte los dos y atar a tu pareja \u00a1Disfrutar de est\u00e1s fant\u00e1sticas esposas! Puedes usar estos complementos en un mismo plan. S\u00f3lo tienes que transformar los brazaletes, cuando quieras que los juegos bondage comiencen.<\/p>\n<p>Recuerda que la sujeci\u00f3n es fuerte, tu decides la intensidad del juego.<\/p>\n<p>\u00a0<\/p>\n<p style=\"text-align: center;\"><iframe loading=\"lazy\" allowfullscreen=\"\" frameborder=\"0\" height=\"300\" scrolling=\"no\" src=\"https:\/\/www.youtube.com\/embed\/Meh9cE7chEM\" width=\"800\"><\/iframe><\/p>\n<p>\u00a0<\/p>\n<p>\u00a0<\/p>\n<p>\u00a0<\/p>\n<p>\u00a0<\/p>\n","protected":false},"excerpt":{"rendered":"<p>MAZE &#8211; THIN HANDCUFFS BLACK<\/p>\n","protected":false},"featured_media":51034,"template":"","meta":[],"pwb-brand":[51,633],"product_brand":[],"product_cat":[313,390,282,274,309,389],"product_tag":[],"class_list":{"0":"post-17253","1":"product","2":"type-product","3":"status-publish","4":"has-post-thumbnail","6":"pwb-brand-bijoux-indiscrets","7":"pwb-brand-bijoux-indiscretsbijoux-maze","8":"product_cat-lenceriacomplementos-lenceria","9":"product_cat-juguetes-sexuales-xxxfetish-bondageesposas","10":"product_cat-juguetes-sexuales-xxxfetish-bondage","11":"product_cat-juguetes-sexuales-xxx","12":"product_cat-lenceria","13":"product_cat-juguetes-sexuales-xxxmascaras-y-esposas","14":"post_count_is_0","15":"boutique_post_style_4","17":"first","18":"instock","19":"taxable","20":"shipping-taxable","21":"purchasable","22":"product-type-simple","23":"boutique_image_style_2"},"brands":[{"id":51,"name":"BIJOUX INDISCRETS","slug":"bijoux-indiscrets"},{"id":633,"name":"BIJOUX- MAZE","slug":"bijoux-indiscretsbijoux-maze"}],"_links":{"self":[{"href":"https:\/\/www.pussycatmerida.com\/eshop\/wp-json\/wp\/v2\/product\/17253","targetHints":{"allow":["GET"]}}],"collection":[{"href":"https:\/\/www.pussycatmerida.com\/eshop\/wp-json\/wp\/v2\/product"}],"about":[{"href":"https:\/\/www.pussycatmerida.com\/eshop\/wp-json\/wp\/v2\/types\/product"}],"wp:featuredmedia":[{"embeddable":true,"href":"https:\/\/www.pussycatmerida.com\/eshop\/wp-json\/wp\/v2\/media\/51034"}],"wp:attachment":[{"href":"https:\/\/www.pussycatmerida.com\/eshop\/wp-json\/wp\/v2\/media?parent=17253"}],"wp:term":[{"taxonomy":"pwb-brand","embeddable":true,"href":"https:\/\/www.pussycatmerida.com\/eshop\/wp-json\/wp\/v2\/pwb-brand?post=17253"},{"taxonomy":"product_brand","embeddable":true,"href":"https:\/\/www.pussycatmerida.com\/eshop\/wp-json\/wp\/v2\/product_brand?post=17253"},{"taxonomy":"product_cat","embeddable":true,"href":"https:\/\/www.pussycatmerida.com\/eshop\/wp-json\/wp\/v2\/product_cat?post=17253"},{"taxonomy":"product_tag","embeddable":true,"href":"https:\/\/www.pussycatmerida.com\/eshop\/wp-json\/wp\/v2\/product_tag?post=17253"}],"curies":[{"name":"wp","href":"https:\/\/api.w.org\/{rel}","templated":true}]}}