{"id":17255,"date":"2021-03-01T11:08:15","date_gmt":"2021-03-01T09:08:15","guid":{"rendered":"https:\/\/www.pussycatmerida.com\/eshop\/product\/bijoux-indiscrets-maze-collar-negro-con-correa\/"},"modified":"2026-03-11T12:38:59","modified_gmt":"2026-03-11T11:38:59","slug":"bijoux-indiscrets-maze-collar-negro-con-correa","status":"publish","type":"product","link":"https:\/\/www.pussycatmerida.com\/eshop\/producto\/bijoux-indiscrets-maze-collar-negro-con-correa\/","title":{"rendered":"BIJOUX INDISCRETS MAZE  COLLAR NEGRO CON CORREA"},"content":{"rendered":"<p>El collar perfecto para tus conjuntos m\u00e1s rompedores \u00a1Qu\u00e9 la sensualidad salga a la calle! Une el collar a la correa y convi\u00e9rtelo en el instrumento para tus juegos de sumisi\u00f3n o dominaci\u00f3n, ideal para liderar los movimientos de tu pareja. Pi\u00e9rdete entre las encrucijadas de Maze y descubre el lugar donde tus dos mundos, el que muestras y el que escondes, se funden en uno Te atreves a entrar? 100% vegano, 0% material de origen animal.<\/p>\n<ul>\n<li>100% ajustable. Una hebilla en la parte trasera para ajustarlo al cuello.<\/li>\n<li>\u00a1A solas o en compa\u00f1\u00eda! El collar y la correa pueden separarse, por lo que la correa puede unirse a cualquier complemento MAZE.<\/li>\n<li>Inspirado en el cl\u00e1sico BDSM: la sensualidad y el poder de las sesiones bondage en un \u00fanico complemento.<\/li>\n<li>\u00a1Doble uso! Un collar rompedor para tus conjuntos m\u00e1s atrevidos y un collar bondage para tus juegos \u00edntimos.<\/li>\n<li>100% vegano: correas de poliuretano, fabricado a partir de materiales reciclados.<\/li>\n<li>Un toque rompedor a todos tus conjuntos y lencer\u00eda.<\/li>\n<li>Fashion Erotic Accessories: Fusi\u00f3n entre las tendencias actuales en moda y el erotismo.<\/li>\n<li>Jugamos? El complemento perfecto para tus juegos bondage.<\/li>\n<li>\u00a1Toma el control! Un collar perfecto para liderar los movimientos de tu pareja.<\/li>\n<li>\u00a1Sube de nivel! Comb\u00ednalas con esposas para pies o manos, controla a\u00fan m\u00e1s los movimientos para aumentar el placer.<\/li>\n<li>\u00a1Summer Festival Look! Las tendencias de moda se dictan en las pasarelas alternativas, \u00a1Marca tendencia con Maze!<\/li>\n<li>Dise\u00f1o exclusivo por Bijoux Indiscrets.<\/li>\n<\/ul>\n<p>Sucumbe a tus deseos de manera segura y divertida para intensificar la qu\u00edmica sexual y potenciar la confianza. Elige tu conjunto y la lencer\u00eda con la que quieras sorprender y a\u00f1ade a ambos conjuntos un toque rebelde con este collar chocker. Deja que tu pareja guarde la correa que lo convierte en el accesorio bondage ideal. Un secreto de dos guardado a la vista de todos. Ajusta el tama\u00f1o del collar a trav\u00e9s de la hebilla a tu cuello. Disfruta de las miradas. Cuando est\u00e9is preparados. Convi\u00e9rtelo en tu collar bondage enganchando la correa a la argolla del collar. Un collar con un dise\u00f1o rompedor para disfrutar en la intimidad y en la calle<\/p>\n<p style=\"text-align: center;\"><iframe loading=\"lazy\" allowfullscreen=\"\" frameborder=\"0\" height=\"315\" scrolling=\"no\" src=\"https:\/\/www.youtube.com\/embed\/Meh9cE7chEM\" width=\"800\"><\/iframe><\/p>\n","protected":false},"excerpt":{"rendered":"<p>MAZE &#8211; WIDE CHOKER BLACK<\/p>\n","protected":false},"featured_media":58398,"template":"","meta":[],"pwb-brand":[51,633],"product_brand":[],"product_cat":[423,422,313,282,274,309],"product_tag":[],"class_list":{"0":"post-17255","1":"product","2":"type-product","3":"status-publish","4":"has-post-thumbnail","6":"pwb-brand-bijoux-indiscrets","7":"pwb-brand-bijoux-indiscretsbijoux-maze","8":"product_cat-juguetes-sexuales-xxxfetish-bondagebdsm-accesorios","9":"product_cat-juguetes-sexuales-xxxfetish-bondagebdsm-collares","10":"product_cat-lenceriacomplementos-lenceria","11":"product_cat-juguetes-sexuales-xxxfetish-bondage","12":"product_cat-juguetes-sexuales-xxx","13":"product_cat-lenceria","14":"post_count_is_0","15":"boutique_post_style_4","17":"first","18":"instock","19":"taxable","20":"shipping-taxable","21":"purchasable","22":"product-type-simple","23":"boutique_image_style_2"},"brands":[{"id":51,"name":"BIJOUX INDISCRETS","slug":"bijoux-indiscrets"},{"id":633,"name":"BIJOUX- MAZE","slug":"bijoux-indiscretsbijoux-maze"}],"_links":{"self":[{"href":"https:\/\/www.pussycatmerida.com\/eshop\/wp-json\/wp\/v2\/product\/17255","targetHints":{"allow":["GET"]}}],"collection":[{"href":"https:\/\/www.pussycatmerida.com\/eshop\/wp-json\/wp\/v2\/product"}],"about":[{"href":"https:\/\/www.pussycatmerida.com\/eshop\/wp-json\/wp\/v2\/types\/product"}],"wp:featuredmedia":[{"embeddable":true,"href":"https:\/\/www.pussycatmerida.com\/eshop\/wp-json\/wp\/v2\/media\/58398"}],"wp:attachment":[{"href":"https:\/\/www.pussycatmerida.com\/eshop\/wp-json\/wp\/v2\/media?parent=17255"}],"wp:term":[{"taxonomy":"pwb-brand","embeddable":true,"href":"https:\/\/www.pussycatmerida.com\/eshop\/wp-json\/wp\/v2\/pwb-brand?post=17255"},{"taxonomy":"product_brand","embeddable":true,"href":"https:\/\/www.pussycatmerida.com\/eshop\/wp-json\/wp\/v2\/product_brand?post=17255"},{"taxonomy":"product_cat","embeddable":true,"href":"https:\/\/www.pussycatmerida.com\/eshop\/wp-json\/wp\/v2\/product_cat?post=17255"},{"taxonomy":"product_tag","embeddable":true,"href":"https:\/\/www.pussycatmerida.com\/eshop\/wp-json\/wp\/v2\/product_tag?post=17255"}],"curies":[{"name":"wp","href":"https:\/\/api.w.org\/{rel}","templated":true}]}}