{"id":17455,"date":"2021-02-26T14:19:31","date_gmt":"2021-02-26T12:19:31","guid":{"rendered":"https:\/\/www.pussycatmerida.com\/eshop\/product\/kamasutra-naturals-aceite-de-masaje-pasion-granada\/"},"modified":"2026-03-11T12:26:26","modified_gmt":"2026-03-11T11:26:26","slug":"kamasutra-naturals-aceite-de-masaje-pasion-granada","status":"publish","type":"product","link":"https:\/\/www.pussycatmerida.com\/eshop\/producto\/kamasutra-naturals-aceite-de-masaje-pasion-granada\/","title":{"rendered":"KAMASUTRA NATURALS ACEITE DE MASAJE PASI\u00d3N GRANADA"},"content":{"rendered":"<p>Aceite natural para unos masajes sensuales y relajantes que cuidan de tu cuerpo y de tu alma&#8230; Arom\u00e1tico como pocos y con una sutil textura muy sedosa al tacto, con este suave y liviano aceite armonizar\u00e1s cuerpo y esp\u00edritu..<\/p>\n<p>El obsequio de la naturaleza que te pone en contacto con tu amante, en armon\u00eda con la naturaleza, en paz con el mundo Aroma a Pi\u00f1a Colada.<\/p>\n<ul>\n<li>Dermatol\u00f3gicamente probado.<\/li>\n<li>Hipoal\u00e9rgico.<\/li>\n<li>Envase de 200 ml.<\/li>\n<\/ul>\n<p>\u00a0<\/p>\n","protected":false},"excerpt":{"rendered":"<p>KAMASUTRA NATURALS MASSAGE OIL PASSION POMEGRANATE<\/p>\n","protected":false},"featured_media":46399,"template":"","meta":[],"pwb-brand":[593,695],"product_brand":[],"product_cat":[349,342,337],"product_tag":[],"class_list":{"0":"post-17455","1":"product","2":"type-product","3":"status-publish","4":"has-post-thumbnail","6":"pwb-brand-kamasutra","7":"pwb-brand-kamasutrakamasutra-cosmetics","8":"product_cat-aceites-y-lubricantesaceites-y-cremas-de-masajeaceites-esenciales","9":"product_cat-aceites-y-lubricantesaceites-y-cremas-de-masaje","10":"product_cat-aceites-y-lubricantes","11":"post_count_is_0","12":"boutique_post_style_4","14":"first","15":"instock","16":"taxable","17":"shipping-taxable","18":"purchasable","19":"product-type-simple","20":"boutique_image_style_2"},"brands":[{"id":593,"name":"KAMASUTRA","slug":"kamasutra"},{"id":695,"name":"KAMASUTRA COSMETICS","slug":"kamasutrakamasutra-cosmetics"}],"_links":{"self":[{"href":"https:\/\/www.pussycatmerida.com\/eshop\/wp-json\/wp\/v2\/product\/17455","targetHints":{"allow":["GET"]}}],"collection":[{"href":"https:\/\/www.pussycatmerida.com\/eshop\/wp-json\/wp\/v2\/product"}],"about":[{"href":"https:\/\/www.pussycatmerida.com\/eshop\/wp-json\/wp\/v2\/types\/product"}],"wp:featuredmedia":[{"embeddable":true,"href":"https:\/\/www.pussycatmerida.com\/eshop\/wp-json\/wp\/v2\/media\/46399"}],"wp:attachment":[{"href":"https:\/\/www.pussycatmerida.com\/eshop\/wp-json\/wp\/v2\/media?parent=17455"}],"wp:term":[{"taxonomy":"pwb-brand","embeddable":true,"href":"https:\/\/www.pussycatmerida.com\/eshop\/wp-json\/wp\/v2\/pwb-brand?post=17455"},{"taxonomy":"product_brand","embeddable":true,"href":"https:\/\/www.pussycatmerida.com\/eshop\/wp-json\/wp\/v2\/product_brand?post=17455"},{"taxonomy":"product_cat","embeddable":true,"href":"https:\/\/www.pussycatmerida.com\/eshop\/wp-json\/wp\/v2\/product_cat?post=17455"},{"taxonomy":"product_tag","embeddable":true,"href":"https:\/\/www.pussycatmerida.com\/eshop\/wp-json\/wp\/v2\/product_tag?post=17455"}],"curies":[{"name":"wp","href":"https:\/\/api.w.org\/{rel}","templated":true}]}}