{"id":17456,"date":"2021-02-26T14:24:34","date_gmt":"2021-02-26T12:24:34","guid":{"rendered":"https:\/\/www.pussycatmerida.com\/eshop\/product\/kamasutra-vela-de-masaje-suenos-de-fresa-170-gr\/"},"modified":"2026-03-11T12:38:43","modified_gmt":"2026-03-11T11:38:43","slug":"kamasutra-vela-de-masaje-suenos-de-fresa-170-gr","status":"publish","type":"product","link":"https:\/\/www.pussycatmerida.com\/eshop\/producto\/kamasutra-vela-de-masaje-suenos-de-fresa-170-gr\/","title":{"rendered":"KAMASUTRA VELA DE MASAJE SUE\u00d1OS DE FRESA 170 GR"},"content":{"rendered":"<p>Combina la suavidad de un dulce masaje con un ambiente \u00edntimo y sensual. Esta vela de masaje Kamasutra encender\u00e1 tus sentidos con los aromas m\u00e1s sensuales y te deleitar\u00e1 adem\u00e1s con un c\u00e1lido aceite para masajear a tu pareja.<\/p>\n<p>Formulada con una mezcla exclusiva de aceite de jugo de fresas con crema fresca, manteca de karit\u00e9 y vitamina E.<\/p>\n<p>Enciende la mecha y deja que arda durante veinte minutos, luego vierte la cera caliente usando la cuchara que incorpora para untar el cuerpo de tu pareja y sorpr\u00e9ndele con un er\u00f3tico masaje con una sensaci\u00f3n espectacular de calor sin llegar a quemar&#8230;Deja que tus manos hagan el resto!<\/p>\n<ul>\n<li>Fragancia a sue\u00f1os de fresa<\/li>\n<\/ul>\n<p>Contenido 170 gr. equivalente a 35 horas de combusti\u00f3n.<\/p>\n<p style=\"text-align: center;\"><img decoding=\"async\" alt=\"\" src=\"https:\/\/dreamlove.gesio.be\/UserFiles\/images\/kamasura.png\" style=\"width: 700px; height: 493px;\" \/><\/p>\n","protected":false},"excerpt":{"rendered":"<p>KAMA SUTRA MASSAGE CANDLE STRAWBERRY DREAMS<\/p>\n","protected":false},"featured_media":46622,"template":"","meta":[],"pwb-brand":[593,695],"product_brand":[],"product_cat":[342,337,357,896],"product_tag":[],"class_list":{"0":"post-17456","1":"product","2":"type-product","3":"status-publish","4":"has-post-thumbnail","6":"pwb-brand-kamasutra","7":"pwb-brand-kamasutrakamasutra-cosmetics","8":"product_cat-aceites-y-lubricantesaceites-y-cremas-de-masaje","9":"product_cat-aceites-y-lubricantes","10":"product_cat-aceites-y-lubricantesinciensos-velas-masaje","11":"product_cat-velas-de-masaje","12":"post_count_is_0","13":"boutique_post_style_4","15":"first","16":"instock","17":"taxable","18":"shipping-taxable","19":"purchasable","20":"product-type-simple","21":"boutique_image_style_2"},"brands":[{"id":593,"name":"KAMASUTRA","slug":"kamasutra"},{"id":695,"name":"KAMASUTRA COSMETICS","slug":"kamasutrakamasutra-cosmetics"}],"_links":{"self":[{"href":"https:\/\/www.pussycatmerida.com\/eshop\/wp-json\/wp\/v2\/product\/17456","targetHints":{"allow":["GET"]}}],"collection":[{"href":"https:\/\/www.pussycatmerida.com\/eshop\/wp-json\/wp\/v2\/product"}],"about":[{"href":"https:\/\/www.pussycatmerida.com\/eshop\/wp-json\/wp\/v2\/types\/product"}],"wp:featuredmedia":[{"embeddable":true,"href":"https:\/\/www.pussycatmerida.com\/eshop\/wp-json\/wp\/v2\/media\/46622"}],"wp:attachment":[{"href":"https:\/\/www.pussycatmerida.com\/eshop\/wp-json\/wp\/v2\/media?parent=17456"}],"wp:term":[{"taxonomy":"pwb-brand","embeddable":true,"href":"https:\/\/www.pussycatmerida.com\/eshop\/wp-json\/wp\/v2\/pwb-brand?post=17456"},{"taxonomy":"product_brand","embeddable":true,"href":"https:\/\/www.pussycatmerida.com\/eshop\/wp-json\/wp\/v2\/product_brand?post=17456"},{"taxonomy":"product_cat","embeddable":true,"href":"https:\/\/www.pussycatmerida.com\/eshop\/wp-json\/wp\/v2\/product_cat?post=17456"},{"taxonomy":"product_tag","embeddable":true,"href":"https:\/\/www.pussycatmerida.com\/eshop\/wp-json\/wp\/v2\/product_tag?post=17456"}],"curies":[{"name":"wp","href":"https:\/\/api.w.org\/{rel}","templated":true}]}}