{"id":174793,"date":"2024-04-25T13:29:44","date_gmt":"2024-04-25T11:29:44","guid":{"rendered":"https:\/\/www.pussycatmerida.com\/eshop\/?post_type=product&#038;p=174793"},"modified":"2024-04-25T13:34:35","modified_gmt":"2024-04-25T11:34:35","slug":"jamyjob-astra-oral-extrem-vibracion-y-succion-2","status":"publish","type":"product","link":"https:\/\/www.pussycatmerida.com\/eshop\/producto\/jamyjob-astra-oral-extrem-vibracion-y-succion-2\/","title":{"rendered":"JAMYJOB &#8211; ASTRA ORAL EXTREM VIBRACI\u00d3N Y SUCCI\u00d3N"},"content":{"rendered":"<p>Dos motores profundos y potentes para una sensaci\u00f3n alucinante<\/p>\n<p>    Envuelve la cabeza del pene con la vibraci\u00f3n y succi\u00f3n<br \/>\n    Una experiencia de masturbaci\u00f3n sin esfuerzo<br \/>\n    \u00dasalo solo o invita a tu pareja a promover el orgasmo<br \/>\n    F\u00e1cil de usar con una mano o manos libres<\/p>\n<p>UN JUGUETE PARA EL PENE CON MANOS LIBRES<\/p>\n<p>\u00bfSabes lo dif\u00edcil que puede ser mantener un buen ritmo de caricias al mismo tiempo que empujas? Este juguete resuelve eso.<\/p>\n<p>COMPARTE LA VIBRACI\u00d3N<\/p>\n<p>\u00bfSin erecci\u00f3n? Ning\u00fan problema. Haz que tu compa\u00f1ero juegue contigo y utiliza el juguete al mismo tiempo.  a<\/p>\n<p>SUCCIONADOR<\/p>\n<p>Desarrollar una tecnolog\u00eda que aporte valor diferencial es lo mas complicado y en JAMYJOB, lo hemos conseguido.<\/p>\n<p>EL MASTURBADOR SUCCIONADO DEFINITIVO<\/p>\n<p>\u00bfRecuerdas la primera vez que te sentaste al volante de un autom\u00f3vil? \u00bfEsos sentimientos de libertad, posibilidad, poder? \u00bfEl conocimiento que pod\u00edas explorar y descubrir de formas que antes no eran posibles? Eso es m\u00e1s o menos lo que le sucede a su pene la primera vez que usa el JAMYJOB\u2122 ASTRA.<\/p>\n<p>\u00bfQU\u00c9 HACE ESPECIAL AL JAMYJOB\u2122 ASTRA.?<\/p>\n<p>JAMYJOB\u2122 ASTRA. envuelve sensualmente el pene en silicona aterciopelada y vibraciones incre\u00edbles. Sus dos motores hacen rebotar la vibraci\u00f3n entre s\u00ed, para una ligera sensaci\u00f3n de succi\u00f3n. No es necesario empujar, apretar o acariciar: simplemente recu\u00e9stese y disfrute,<\/p>\n<p>\u00bfPUEDO UTILIZAR ESTE MASTURBADOR VIBRADOR TAMBI\u00c9N PARA EL SEXO EN PAREJA?<\/p>\n<p>\u00a1Estamos dos pasos por delante de ti! Una de las ventajas de tener dos motores es que tambi\u00e9n puedes sentir la vibraci\u00f3n con fuerza desde el exterior de la funda de silicona. Te recomendamos recostarte con la JAMYJOB\u2122 ASTRA e invitar a tu pareja a subirse encima de tuyo.<\/p>\n<p>\u00bfPUEDO USAR EL JAMYJOB\u2122 ASTRA SIN UNA ERECCI\u00d3N?<\/p>\n<p>S\u00ed. Como todo lo que tiene que hacer es poner la cabeza de su pene dentro del juguete, puede disfrutarlo absolutamente con o sin erecci\u00f3n. Este tambi\u00e9n es un juguete popular para las personas con artritis y otras afecciones que dificultan mantener una rutina de masturbaci\u00f3n solo con las manos. Una vez que lo hayas configurado en la configuraci\u00f3n que te gusta, \u00a1puedes ir completamente con las manos libres!<\/p>\n<p>MATERIAL Y CUIDADO<\/p>\n<p>Jamyjob es un juguete impermeable hecho de silicona m\u00e9dica suave y sedosa, que es extremadamente resbaladiza y absorbe el calor de su cuerpo r\u00e1pidamente. El juguete se puede limpiar f\u00e1cilmente con un poco de jab\u00f3n bajo agua tibia. Con un poco de limpiador desinfectante para juguetes, puede garantizar una higiene especialmente profunda despu\u00e9s, idealmente con el spray de desinfecci\u00f3n perfectamente coordinado de Waterfeel. Para obtener el m\u00e1ximo placer, use siempre su juguete con uno de los lubricantes a base de agua de Waterfeel que se adaptan perfectamente al producto. Est\u00e1n disponibles en las versiones cl\u00e1sica, sedosa y c\u00e1lida. La composici\u00f3n vegana a base de agua protege el material y mantiene la superficie de su juguete agradable y suave.<\/p>\n<p>Caracter\u00edsticas:<\/p>\n<p>    Silicona Premium de lujo<br \/>\n    9 modos de vibraci\u00f3n de gran alcance<br \/>\n    3 Velocidades de succi\u00f3n<br \/>\n    4 Funciones<br \/>\n    Material Libre de Phalatos.<br \/>\n    Cargador Magnetico<br \/>\n    Sumergible \/ apto para la ducha o spa.<\/p>\n","protected":false},"excerpt":{"rendered":"<p>Dos motores profundos y potentes para una sensaci\u00f3n alucinante<\/p>\n<p>    Envuelve la cabeza del pene con la vibraci\u00f3n y succi\u00f3n<br \/>\n    Una experiencia de masturbaci\u00f3n sin esfuerzo<br \/>\n    \u00dasalo solo o invita a tu pareja a promover el orgasmo<br \/>\n    F\u00e1cil de usar con una mano o manos libres<\/p>\n<p>Caracter\u00edsticas:<\/p>\n<p>    Silicona Premium de lujo<br \/>\n    9 modos de vibraci\u00f3n de gran alcance<br \/>\n    3 Velocidades de succi\u00f3n<br \/>\n    4 Funciones<br \/>\n    Material Libre de Phalatos.<br \/>\n    Cargador Magnetico<br \/>\n    Sumergible \/ apto para la ducha o spa.<\/p>\n","protected":false},"featured_media":174795,"template":"","meta":[],"pwb-brand":[544],"product_brand":[],"product_cat":[902,293],"product_tag":[],"class_list":{"0":"post-174793","1":"product","2":"type-product","3":"status-publish","4":"has-post-thumbnail","6":"pwb-brand-jamyjob","7":"product_cat-masturbador-hi-tech","8":"product_cat-juguetes-sexuales-xxxmasturbadores-para-ellos","9":"post_count_is_0","10":"boutique_post_style_4","12":"first","13":"instock","14":"taxable","15":"shipping-taxable","16":"purchasable","17":"product-type-simple","18":"boutique_image_style_2"},"brands":[{"id":544,"name":"JAMYJOB","slug":"jamyjob"}],"_links":{"self":[{"href":"https:\/\/www.pussycatmerida.com\/eshop\/wp-json\/wp\/v2\/product\/174793","targetHints":{"allow":["GET"]}}],"collection":[{"href":"https:\/\/www.pussycatmerida.com\/eshop\/wp-json\/wp\/v2\/product"}],"about":[{"href":"https:\/\/www.pussycatmerida.com\/eshop\/wp-json\/wp\/v2\/types\/product"}],"wp:featuredmedia":[{"embeddable":true,"href":"https:\/\/www.pussycatmerida.com\/eshop\/wp-json\/wp\/v2\/media\/174795"}],"wp:attachment":[{"href":"https:\/\/www.pussycatmerida.com\/eshop\/wp-json\/wp\/v2\/media?parent=174793"}],"wp:term":[{"taxonomy":"pwb-brand","embeddable":true,"href":"https:\/\/www.pussycatmerida.com\/eshop\/wp-json\/wp\/v2\/pwb-brand?post=174793"},{"taxonomy":"product_brand","embeddable":true,"href":"https:\/\/www.pussycatmerida.com\/eshop\/wp-json\/wp\/v2\/product_brand?post=174793"},{"taxonomy":"product_cat","embeddable":true,"href":"https:\/\/www.pussycatmerida.com\/eshop\/wp-json\/wp\/v2\/product_cat?post=174793"},{"taxonomy":"product_tag","embeddable":true,"href":"https:\/\/www.pussycatmerida.com\/eshop\/wp-json\/wp\/v2\/product_tag?post=174793"}],"curies":[{"name":"wp","href":"https:\/\/api.w.org\/{rel}","templated":true}]}}