{"id":174798,"date":"2024-04-25T13:32:31","date_gmt":"2024-04-25T11:32:31","guid":{"rendered":"https:\/\/www.pussycatmerida.com\/eshop\/?post_type=product&#038;p=174798"},"modified":"2024-04-25T13:32:32","modified_gmt":"2024-04-25T11:32:32","slug":"jamyjob-novax-masturbador-con-vibracion-y-compresion","status":"publish","type":"product","link":"https:\/\/www.pussycatmerida.com\/eshop\/producto\/jamyjob-novax-masturbador-con-vibracion-y-compresion\/","title":{"rendered":"JAMYJOB &#8211; NOVAX MASTURBADOR CON VIBRACION Y COMPRESI\u00d3N"},"content":{"rendered":"<p>En JAMYJOB seguimos innovando cada d\u00eda para ofrecer el m\u00e1ximo placer en la masturbaci\u00f3n masculina. Nuestro masturbador Novax tiene como objetivo hacer que disfrutes siendo un elegante masturbador para estimular todo el pene. El material similar a la piel tiene un tacto muy realista y triunfa gracias a su discreto dise\u00f1o.<\/p>\n<p>    Estimula todo el pene<br \/>\n    6 modos de succi\u00f3n \/ compresi\u00f3n<br \/>\n    10 modos de vibraci\u00f3n<br \/>\n    Interior de SILICONA FDA.<br \/>\n    El innovador regulador de presi\u00f3n interno crea un efecto de succi\u00f3n variable<br \/>\n    Funda fabricada con un material de ciberpiel supersuave<br \/>\n    2 a\u00f1os de garant\u00eda comercial<br \/>\n    Estimulaci\u00f3n de todo el pene<br \/>\n    F\u00e1cil de limpiar<br \/>\n    Sumergible en categor\u00eda IPX6<br \/>\n    Diversi\u00f3n bajo el agua<br \/>\n    Cable de carga magn\u00e9tico por USB<br \/>\n    Tiempo de carga en 170 minutos para 100 minutos de intenso placer<br \/>\n    Tan solo pesa 430 gramos.<br \/>\n    Medidas; 197 x 85 x 84 mm<\/p>\n<p>JAMYKOB Novax es el masturbador elegante para el hombre moderno<\/p>\n<p>Con una carcasa elegante de material ABS negro y robusto, este generador de placer para hombres triunfa y solo te deja adivinar lo que hay dentro: En el interior del NOVAX se encuentra una funda de material SILICONA FDA s\u00faper suave similar a la piel, que ofrece una sensaci\u00f3n realista con una estructura distintiva. <\/p>\n<p>Adem\u00e1s, mediante el innovador regulador de presi\u00f3n interna, podr\u00e1s a\u00f1adir m\u00e1s intensidad mientras juegas con el JAMYJOB Novax. Tambi\u00e9n se pueden comprar y cambiar f\u00e1cilmente otras fundas con estructuras diferentes, \u00a1as\u00ed siempre podr\u00e1s encontrar la funda perfecta para tu estado de \u00e1nimo! Para una experiencia agradable, se recomienda el uso adicional de lubricante, como por ejemplo el de la marca AQUA.<\/p>\n<p>El JAMYJOB Novax por supuesto, impermeable y puede acompa\u00f1arte tanto en la ba\u00f1era como en la ducha. La forma ergon\u00f3mica y el material tan c\u00f3modo permiten que se adapte perfectamente a tu mano. Cuando las \u00faltimas oleadas de orgasmo se hayan terminado, puedes limpiarlo f\u00e1cilmente con agua y jab\u00f3n o con uno de nuestros limpiadores de juguetes de bienestar sexual.<\/p>\n","protected":false},"excerpt":{"rendered":"<p> Estimula todo el pene<br \/>\n    6 modos de succi\u00f3n \/ compresi\u00f3n<br \/>\n    10 modos de vibraci\u00f3n<br \/>\n    Interior de SILICONA FDA.<br \/>\n    El innovador regulador de presi\u00f3n interno crea un efecto de succi\u00f3n variable<br \/>\n    Funda fabricada con un material de ciberpiel supersuave<br \/>\n    2 a\u00f1os de garant\u00eda comercial<br \/>\n    Estimulaci\u00f3n de todo el pene<br \/>\n    F\u00e1cil de limpiar<\/p>\n","protected":false},"featured_media":174799,"template":"","meta":[],"pwb-brand":[544],"product_brand":[],"product_cat":[902,293],"product_tag":[],"class_list":{"0":"post-174798","1":"product","2":"type-product","3":"status-publish","4":"has-post-thumbnail","6":"pwb-brand-jamyjob","7":"product_cat-masturbador-hi-tech","8":"product_cat-juguetes-sexuales-xxxmasturbadores-para-ellos","9":"post_count_is_0","10":"boutique_post_style_4","12":"first","13":"instock","14":"taxable","15":"shipping-taxable","16":"purchasable","17":"product-type-simple","18":"boutique_image_style_2"},"brands":[{"id":544,"name":"JAMYJOB","slug":"jamyjob"}],"_links":{"self":[{"href":"https:\/\/www.pussycatmerida.com\/eshop\/wp-json\/wp\/v2\/product\/174798","targetHints":{"allow":["GET"]}}],"collection":[{"href":"https:\/\/www.pussycatmerida.com\/eshop\/wp-json\/wp\/v2\/product"}],"about":[{"href":"https:\/\/www.pussycatmerida.com\/eshop\/wp-json\/wp\/v2\/types\/product"}],"wp:featuredmedia":[{"embeddable":true,"href":"https:\/\/www.pussycatmerida.com\/eshop\/wp-json\/wp\/v2\/media\/174799"}],"wp:attachment":[{"href":"https:\/\/www.pussycatmerida.com\/eshop\/wp-json\/wp\/v2\/media?parent=174798"}],"wp:term":[{"taxonomy":"pwb-brand","embeddable":true,"href":"https:\/\/www.pussycatmerida.com\/eshop\/wp-json\/wp\/v2\/pwb-brand?post=174798"},{"taxonomy":"product_brand","embeddable":true,"href":"https:\/\/www.pussycatmerida.com\/eshop\/wp-json\/wp\/v2\/product_brand?post=174798"},{"taxonomy":"product_cat","embeddable":true,"href":"https:\/\/www.pussycatmerida.com\/eshop\/wp-json\/wp\/v2\/product_cat?post=174798"},{"taxonomy":"product_tag","embeddable":true,"href":"https:\/\/www.pussycatmerida.com\/eshop\/wp-json\/wp\/v2\/product_tag?post=174798"}],"curies":[{"name":"wp","href":"https:\/\/api.w.org\/{rel}","templated":true}]}}