{"id":17687,"date":"2021-02-26T14:19:37","date_gmt":"2021-02-26T12:19:37","guid":{"rendered":"https:\/\/www.pussycatmerida.com\/eshop\/product\/geisha-secret-kit-exotic-te-verde\/"},"modified":"2026-03-11T12:38:55","modified_gmt":"2026-03-11T11:38:55","slug":"geisha-secret-kit-exotic-te-verde","status":"publish","type":"product","link":"https:\/\/www.pussycatmerida.com\/eshop\/producto\/geisha-secret-kit-exotic-te-verde\/","title":{"rendered":"GEISHA SECRET KIT EXOTIC T\u00c9 VERDE"},"content":{"rendered":"<p>Descubre la sensualidad de los kits \u00abShunga, cosm\u00e9tica er\u00f3tica\u00bb especialmente dise\u00f1ados para parejas que quieran disfrutar de los placeres carnales con sensualidad y juego.<\/p>\n<p>Aroma y sabor a T\u00e9 Verde en una sensual caja de regalo.<\/p>\n<p>Contiene:<\/p>\n<ul>\n<li>Aceite de masaje Besable 10 ml.<\/li>\n<li>Aceite afrodisiaco efecto calor 10ml.<\/li>\n<li>Mini vela de masaje 30 ml.<\/li>\n<li>Toko Organica- lubricante personal 10 ml.<\/li>\n<li>Crema sensibilizante Lotus Noir para los amantes 7 m<\/li>\n<\/ul>\n<p>El \u00a0perfecto kit de viajes, para hacer un perfecto regalo o una buena forma de probar algunos productos de Shunga.<\/p>\n<p>Shunga es L\u00edder mundia en cosmetica Erotica, sus ingredientes naturales fusionado con principios activos logran un gran resultado<\/p>\n<p>Entrar en el mundo er\u00f3tico de Shunga es viajar al pasado. Traducido literalmente, Shunga significa \u2018imagen de primavera, una manera delicada de decir \u2018relaciones sexuales entre personas.<\/p>\n<p>Esta palabra se usaba para designar las pinturas er\u00f3ticas japonesas del siglo XVI, XVII y XVIII, un tipo llamado ukiyo-e, que no eran otra cosa que obras sobre madera o pergamino con escenas sensuales y episodios de amor carnal, siempre elaborados con mucho cuidado y buen gusto.<\/p>\n<p>El arte Shunga, aunque oculto durante siglos, marc\u00f3 el principio de la industria pornogr\u00e1fica para la clase media nipona y sirvi\u00f3 durante generaciones como ense\u00f1anza para los hijos y las hijas de muchas familias.<\/p>\n<p><img decoding=\"async\" alt=\"\" src=\"https:\/\/store.dreamlove.es\/UserFiles\/image\/banderas.png\" style=\"width: 121px; height: 35px;\" \/><\/p>\n","protected":false},"excerpt":{"rendered":"<p>GEISHA SECRET KIT EXOTIC GREEN TEA<\/p>\n","protected":false},"featured_media":46403,"template":"","meta":[],"pwb-brand":[42,755],"product_brand":[],"product_cat":[349,342,337,353,356,352],"product_tag":[],"class_list":{"0":"post-17687","1":"product","2":"type-product","3":"status-publish","4":"has-post-thumbnail","6":"pwb-brand-shunga","7":"pwb-brand-shungashunga-kits","8":"product_cat-aceites-y-lubricantesaceites-y-cremas-de-masajeaceites-esenciales","9":"product_cat-aceites-y-lubricantesaceites-y-cremas-de-masaje","10":"product_cat-aceites-y-lubricantes","11":"product_cat-aceites-y-lubricantesaceites-y-cremas-de-masajeclima-erotico","12":"product_cat-aceites-y-lubricantesaceites-y-cremas-de-masajeefecto-afrodisiaco","13":"product_cat-aceites-y-lubricantesaceites-y-cremas-de-masajekits-de-masaje","14":"post_count_is_0","15":"boutique_post_style_4","17":"first","18":"instock","19":"taxable","20":"shipping-taxable","21":"purchasable","22":"product-type-simple","23":"boutique_image_style_2"},"brands":[{"id":42,"name":"SHUNGA","slug":"shunga"},{"id":755,"name":"SHUNGA KITS","slug":"shungashunga-kits"}],"_links":{"self":[{"href":"https:\/\/www.pussycatmerida.com\/eshop\/wp-json\/wp\/v2\/product\/17687","targetHints":{"allow":["GET"]}}],"collection":[{"href":"https:\/\/www.pussycatmerida.com\/eshop\/wp-json\/wp\/v2\/product"}],"about":[{"href":"https:\/\/www.pussycatmerida.com\/eshop\/wp-json\/wp\/v2\/types\/product"}],"wp:featuredmedia":[{"embeddable":true,"href":"https:\/\/www.pussycatmerida.com\/eshop\/wp-json\/wp\/v2\/media\/46403"}],"wp:attachment":[{"href":"https:\/\/www.pussycatmerida.com\/eshop\/wp-json\/wp\/v2\/media?parent=17687"}],"wp:term":[{"taxonomy":"pwb-brand","embeddable":true,"href":"https:\/\/www.pussycatmerida.com\/eshop\/wp-json\/wp\/v2\/pwb-brand?post=17687"},{"taxonomy":"product_brand","embeddable":true,"href":"https:\/\/www.pussycatmerida.com\/eshop\/wp-json\/wp\/v2\/product_brand?post=17687"},{"taxonomy":"product_cat","embeddable":true,"href":"https:\/\/www.pussycatmerida.com\/eshop\/wp-json\/wp\/v2\/product_cat?post=17687"},{"taxonomy":"product_tag","embeddable":true,"href":"https:\/\/www.pussycatmerida.com\/eshop\/wp-json\/wp\/v2\/product_tag?post=17687"}],"curies":[{"name":"wp","href":"https:\/\/api.w.org\/{rel}","templated":true}]}}