{"id":17690,"date":"2021-02-26T14:19:42","date_gmt":"2021-02-26T12:19:42","guid":{"rendered":"https:\/\/www.pussycatmerida.com\/eshop\/product\/shunga-coleccion-placeres-carnales\/"},"modified":"2026-03-11T12:38:55","modified_gmt":"2026-03-11T11:38:55","slug":"shunga-coleccion-placeres-carnales","status":"publish","type":"product","link":"https:\/\/www.pussycatmerida.com\/eshop\/producto\/shunga-coleccion-placeres-carnales\/","title":{"rendered":"SHUNGA COLECCI\u00d3N PLACERES CARNALES"},"content":{"rendered":"<p>Que mejor forma de introducir SHUNGA a nuevos clientes que ofreciendo un poco de todo! Esta coleccion incluye todo los producto que necesitas ofrecer \u00a0en una experiencia sexual \u00a0de alta nivel.<\/p>\n<p>Incluye;\u00a0<\/p>\n<ul>\n<li>Aceite de masaje er\u00f3tico &#8211; frutos ex\u00f3ticos 240 ml.<\/li>\n<li>Crema de masaje besable &#8211; frutas ex\u00f3ticas 200 ml.<\/li>\n<li>Divino placer oral glos &#8211; vino espumoso de fresa 10 ml.<\/li>\n<li>Toko Aqua lubricante personal 165 ml.<\/li>\n<li>Crema intensiva sensible al drag\u00f3n para pareja 60 ml.<\/li>\n<li>Collar de perlas blancas.<\/li>\n<\/ul>\n<p>Shunga es L\u00edder mundia en cosmetica Erotica, sus ingredientes naturales fusionado con principios activos logran un gran resultado<\/p>\n<p>Entrar en el mundo er\u00f3tico de Shunga es viajar al pasado. Traducido literalmente, Shunga significa \u2018imagen de primavera, una manera delicada de decir \u2018relaciones sexuales entre personas.<\/p>\n<p>Esta palabra se usaba para designar las pinturas er\u00f3ticas japonesas del siglo XVI, XVII y XVIII, un tipo llamado ukiyo-e, que no eran otra cosa que obras sobre madera o pergamino con escenas sensuales y episodios de amor carnal, siempre elaborados con mucho cuidado y buen gusto.<\/p>\n<p>El arte Shunga, aunque oculto durante siglos, marc\u00f3 el principio de la industria pornogr\u00e1fica para la clase media nipona y sirvi\u00f3 durante generaciones como ense\u00f1anza para los hijos y las hijas de muchas familias.<\/p>\n<p><img decoding=\"async\" alt=\"\" src=\"https:\/\/store.dreamlove.es\/UserFiles\/image\/banderas.png\" style=\"width: 121px; height: 35px;\" \/><\/p>\n","protected":false},"excerpt":{"rendered":"<p>CARNAL PLEASURE KIT<\/p>\n","protected":false},"featured_media":46406,"template":"","meta":[],"pwb-brand":[42,755],"product_brand":[],"product_cat":[349,342,337,353,356,352],"product_tag":[],"class_list":{"0":"post-17690","1":"product","2":"type-product","3":"status-publish","4":"has-post-thumbnail","6":"pwb-brand-shunga","7":"pwb-brand-shungashunga-kits","8":"product_cat-aceites-y-lubricantesaceites-y-cremas-de-masajeaceites-esenciales","9":"product_cat-aceites-y-lubricantesaceites-y-cremas-de-masaje","10":"product_cat-aceites-y-lubricantes","11":"product_cat-aceites-y-lubricantesaceites-y-cremas-de-masajeclima-erotico","12":"product_cat-aceites-y-lubricantesaceites-y-cremas-de-masajeefecto-afrodisiaco","13":"product_cat-aceites-y-lubricantesaceites-y-cremas-de-masajekits-de-masaje","14":"post_count_is_0","15":"boutique_post_style_4","17":"first","18":"instock","19":"taxable","20":"shipping-taxable","21":"purchasable","22":"product-type-simple","23":"boutique_image_style_2"},"brands":[{"id":42,"name":"SHUNGA","slug":"shunga"},{"id":755,"name":"SHUNGA KITS","slug":"shungashunga-kits"}],"_links":{"self":[{"href":"https:\/\/www.pussycatmerida.com\/eshop\/wp-json\/wp\/v2\/product\/17690","targetHints":{"allow":["GET"]}}],"collection":[{"href":"https:\/\/www.pussycatmerida.com\/eshop\/wp-json\/wp\/v2\/product"}],"about":[{"href":"https:\/\/www.pussycatmerida.com\/eshop\/wp-json\/wp\/v2\/types\/product"}],"wp:featuredmedia":[{"embeddable":true,"href":"https:\/\/www.pussycatmerida.com\/eshop\/wp-json\/wp\/v2\/media\/46406"}],"wp:attachment":[{"href":"https:\/\/www.pussycatmerida.com\/eshop\/wp-json\/wp\/v2\/media?parent=17690"}],"wp:term":[{"taxonomy":"pwb-brand","embeddable":true,"href":"https:\/\/www.pussycatmerida.com\/eshop\/wp-json\/wp\/v2\/pwb-brand?post=17690"},{"taxonomy":"product_brand","embeddable":true,"href":"https:\/\/www.pussycatmerida.com\/eshop\/wp-json\/wp\/v2\/product_brand?post=17690"},{"taxonomy":"product_cat","embeddable":true,"href":"https:\/\/www.pussycatmerida.com\/eshop\/wp-json\/wp\/v2\/product_cat?post=17690"},{"taxonomy":"product_tag","embeddable":true,"href":"https:\/\/www.pussycatmerida.com\/eshop\/wp-json\/wp\/v2\/product_tag?post=17690"}],"curies":[{"name":"wp","href":"https:\/\/api.w.org\/{rel}","templated":true}]}}