{"id":17890,"date":"2021-03-06T15:02:48","date_gmt":"2021-03-06T13:02:48","guid":{"rendered":"https:\/\/www.pussycatmerida.com\/eshop\/product\/pretty-love-vibrador-henry-con-12-modos-de-vibracion-y-funcion-squirt\/"},"modified":"2026-03-11T12:28:05","modified_gmt":"2026-03-11T11:28:05","slug":"pretty-love-vibrador-henry-con-12-modos-de-vibracion-y-funcion-squirt","status":"publish","type":"product","link":"https:\/\/www.pussycatmerida.com\/eshop\/producto\/pretty-love-vibrador-henry-con-12-modos-de-vibracion-y-funcion-squirt\/","title":{"rendered":"PRETTY LOVE VIBRADOR HENRY CON 12 MODOS DE VIBRACION Y FUNCION SQUIRT"},"content":{"rendered":"<p>Henry es un revolucionario vibrador eyaculador,\u00a0\u00a0incorpora alta tecnologia en su interior para un material exterior irresistible,elegante suave como la seda, confortable y unico.<\/p>\n<p style=\"line-height: 20.8px;\">Henry de Pretty Love har\u00e1 que alcances profundamente sus vibraciones en tu interior, estimulando todos tus sentidos, incorpora estimulador de clitorias ergon\u00f3mico y un sistema eyaculador mediante un deposito interno que se rellena facilmente con Agua<\/p>\n<p style=\"line-height: 20.8px;\">Sus principales caracteristicas son:<\/p>\n<ul style=\"line-height: 20.8px;\">\n<li>100% Silicona aprobada por la FDA<\/li>\n<li>12 Funciones de Vibraci\u00f3n<\/li>\n<li>Vibraci\u00f3n silenciosa y potente<\/li>\n<li>2 Motores internos.<\/li>\n<li>Recargable via USB<\/li>\n<li>Suave y Sedoso con un estimulador de clitoris potente.<\/li>\n<li>Led rojo de retroiluminacion en sus pulsadores<\/li>\n<\/ul>\n<p style=\"line-height: 20.8px;\">Los patrones de vibraci\u00f3n son de facil uso y dispone de hasta 12\u00a0modos distintos, utilizando la parte que mas deseas en el momento que prefieras. Es muy facil de usar y rellenar con Agua.<\/p>\n<p>Pretty Love fabrica productos con exigentes normas de calidad, todos sus productos estan dise\u00f1ados en Estados Unidos y tienen 1 a\u00f1o de garant\u00eda en defectos tecnicos.<\/p>\n","protected":false},"excerpt":{"rendered":"<p>PRETTY LOVE VIBRADOR HENRY CON 12 MODOS DE VIBRACION Y FUNCION SQUIRT<\/p>\n","protected":false},"featured_media":35623,"template":"","meta":[],"pwb-brand":[213,451],"product_brand":[],"product_cat":[288,274,294,905,298],"product_tag":[],"class_list":{"0":"post-17890","1":"product","2":"type-product","3":"status-publish","4":"has-post-thumbnail","6":"pwb-brand-pretty-love","7":"pwb-brand-pretty-lovesmart","8":"product_cat-juguetes-sexuales-xxxestimuladores","9":"product_cat-juguetes-sexuales-xxx","10":"product_cat-juguetes-sexuales-xxxmasturbadores-para-ellas","11":"product_cat-vibradores-dobles","12":"product_cat-juguetes-sexuales-xxxvibradores-hi-tech","13":"post_count_is_0","14":"boutique_post_style_4","16":"first","17":"instock","18":"taxable","19":"shipping-taxable","20":"purchasable","21":"product-type-simple","22":"boutique_image_style_2"},"brands":[{"id":213,"name":"PRETTY LOVE","slug":"pretty-love"},{"id":451,"name":"SMART","slug":"pretty-lovesmart"}],"_links":{"self":[{"href":"https:\/\/www.pussycatmerida.com\/eshop\/wp-json\/wp\/v2\/product\/17890","targetHints":{"allow":["GET"]}}],"collection":[{"href":"https:\/\/www.pussycatmerida.com\/eshop\/wp-json\/wp\/v2\/product"}],"about":[{"href":"https:\/\/www.pussycatmerida.com\/eshop\/wp-json\/wp\/v2\/types\/product"}],"wp:featuredmedia":[{"embeddable":true,"href":"https:\/\/www.pussycatmerida.com\/eshop\/wp-json\/wp\/v2\/media\/35623"}],"wp:attachment":[{"href":"https:\/\/www.pussycatmerida.com\/eshop\/wp-json\/wp\/v2\/media?parent=17890"}],"wp:term":[{"taxonomy":"pwb-brand","embeddable":true,"href":"https:\/\/www.pussycatmerida.com\/eshop\/wp-json\/wp\/v2\/pwb-brand?post=17890"},{"taxonomy":"product_brand","embeddable":true,"href":"https:\/\/www.pussycatmerida.com\/eshop\/wp-json\/wp\/v2\/product_brand?post=17890"},{"taxonomy":"product_cat","embeddable":true,"href":"https:\/\/www.pussycatmerida.com\/eshop\/wp-json\/wp\/v2\/product_cat?post=17890"},{"taxonomy":"product_tag","embeddable":true,"href":"https:\/\/www.pussycatmerida.com\/eshop\/wp-json\/wp\/v2\/product_tag?post=17890"}],"curies":[{"name":"wp","href":"https:\/\/api.w.org\/{rel}","templated":true}]}}