{"id":17909,"date":"2021-03-06T15:08:01","date_gmt":"2021-03-06T13:08:01","guid":{"rendered":"https:\/\/www.pussycatmerida.com\/eshop\/product\/pretty-love-masturbador-masculino-diseno-vagina\/"},"modified":"2026-03-11T12:25:58","modified_gmt":"2026-03-11T11:25:58","slug":"pretty-love-masturbador-masculino-diseno-vagina","status":"publish","type":"product","link":"https:\/\/www.pussycatmerida.com\/eshop\/producto\/pretty-love-masturbador-masculino-diseno-vagina\/","title":{"rendered":"PRETTY LOVE MASTURBADOR MASCULINO DISE\u00d1O VAGINA"},"content":{"rendered":"<p>Fant\u00e1stico masturbador para hombres con dise\u00f1o de vagina. La manga del masturbador tiene \u00a0un dise\u00f1o en forma de vagina y texturado por dentro para proporcionarte sin l\u00edmites y hasta donde tu quieras porque su sensaci\u00f3n es tan real que parecer\u00e1 que est\u00e1s realizando sexo de verdad.\u00a0<\/p>\n<p>Caracter\u00edsticas:\u00a0<\/p>\n<ul>\n<li>Dise\u00f1o vagina.<\/li>\n<li>Materiales: TPR,\u00a0ABS y TPE<\/li>\n<li>Sensaci\u00f3n real\u00edstica<\/li>\n<li>Se recomienda el uso de lubricante.<\/li>\n<li>Tama\u00f1o: Ver im\u00e1genes<\/li>\n<\/ul>\n<p>Pretty Love fabrica productos con exigentes normas de calidad, todos sus productos estan dise\u00f1ados en Estados Unidos y tienen 1 a\u00f1o de garant\u00eda en defectos t\u00e9cnicos.<\/p>\n<p>\u00a0<\/p>\n<p>\u00a0<\/p>\n","protected":false},"excerpt":{"rendered":"<p>PRETTY LOVE MASTURBADOR MASCULINO DISE\u00d1O VAGINA<\/p>\n","protected":false},"featured_media":36541,"template":"","meta":[],"pwb-brand":[213,455],"product_brand":[],"product_cat":[274,293,305],"product_tag":[],"class_list":{"0":"post-17909","1":"product","2":"type-product","3":"status-publish","4":"has-post-thumbnail","6":"pwb-brand-pretty-love","7":"pwb-brand-pretty-lovepretty-male","8":"product_cat-juguetes-sexuales-xxx","9":"product_cat-juguetes-sexuales-xxxmasturbadores-para-ellos","10":"product_cat-juguetes-sexuales-xxxvaginas-y-anos","11":"post_count_is_0","12":"boutique_post_style_4","14":"first","15":"instock","16":"taxable","17":"shipping-taxable","18":"purchasable","19":"product-type-simple","20":"boutique_image_style_2"},"brands":[{"id":213,"name":"PRETTY LOVE","slug":"pretty-love"},{"id":455,"name":"PRETTY MALE","slug":"pretty-lovepretty-male"}],"_links":{"self":[{"href":"https:\/\/www.pussycatmerida.com\/eshop\/wp-json\/wp\/v2\/product\/17909","targetHints":{"allow":["GET"]}}],"collection":[{"href":"https:\/\/www.pussycatmerida.com\/eshop\/wp-json\/wp\/v2\/product"}],"about":[{"href":"https:\/\/www.pussycatmerida.com\/eshop\/wp-json\/wp\/v2\/types\/product"}],"wp:featuredmedia":[{"embeddable":true,"href":"https:\/\/www.pussycatmerida.com\/eshop\/wp-json\/wp\/v2\/media\/36541"}],"wp:attachment":[{"href":"https:\/\/www.pussycatmerida.com\/eshop\/wp-json\/wp\/v2\/media?parent=17909"}],"wp:term":[{"taxonomy":"pwb-brand","embeddable":true,"href":"https:\/\/www.pussycatmerida.com\/eshop\/wp-json\/wp\/v2\/pwb-brand?post=17909"},{"taxonomy":"product_brand","embeddable":true,"href":"https:\/\/www.pussycatmerida.com\/eshop\/wp-json\/wp\/v2\/product_brand?post=17909"},{"taxonomy":"product_cat","embeddable":true,"href":"https:\/\/www.pussycatmerida.com\/eshop\/wp-json\/wp\/v2\/product_cat?post=17909"},{"taxonomy":"product_tag","embeddable":true,"href":"https:\/\/www.pussycatmerida.com\/eshop\/wp-json\/wp\/v2\/product_tag?post=17909"}],"curies":[{"name":"wp","href":"https:\/\/api.w.org\/{rel}","templated":true}]}}