{"id":17911,"date":"2021-02-24T15:17:06","date_gmt":"2021-02-24T13:17:06","guid":{"rendered":"https:\/\/www.pussycatmerida.com\/eshop\/product\/pretty-love-plug-anal-silicona-11-7-cm-negro\/"},"modified":"2026-03-11T12:39:31","modified_gmt":"2026-03-11T11:39:31","slug":"pretty-love-plug-anal-silicona-11-7-cm-negro","status":"publish","type":"product","link":"https:\/\/www.pussycatmerida.com\/eshop\/producto\/pretty-love-plug-anal-silicona-11-7-cm-negro\/","title":{"rendered":"PRETTY LOVE PLUG ANAL SILICONA 11.7 CM NEGRO"},"content":{"rendered":"<p>Disfruta del maravilloso placer de la estimulaci\u00f3n anal con este plug de silicona s\u00faper ergon\u00f3mico y dise\u00f1ado cuidadosamente para una estimulaci\u00f3n anal extra. Adem\u00e1s dispone de asa para una f\u00e1cil manipulaci\u00f3n y extracci\u00f3n y est\u00e1 fabricado en silicona\u00a0de primera calidad.<\/p>\n<p>Caracter\u00edsticas:<\/p>\n<ul>\n<li>Plug ergon\u00f3mico dise\u00f1o estimulaci\u00f3n extra<\/li>\n<li>Material: Silicona<\/li>\n<li>Sumergible\u00a0<\/li>\n<li>Color: negro<\/li>\n<li>Medidas: Ver imagen<\/li>\n<\/ul>\n<p>Pretty Love fabrica productos con exigentes normas de calidad, todos sus productos estan dise\u00f1ados en Estados Unidos y tienen 1 a\u00f1o de garant\u00eda en defectos t\u00e9cnicos<\/p>\n","protected":false},"excerpt":{"rendered":"<p>PRETTY LOVE &#8211; PLUG ANAL SILICONA ESTIMULACION ESPECIAL 11.7 CM &#8211; NEGRO<\/p>\n","protected":false},"featured_media":35788,"template":"","meta":[],"pwb-brand":[559,213],"product_brand":[],"product_cat":[280,274,300],"product_tag":[],"class_list":{"0":"post-17911","1":"product","2":"type-product","3":"status-publish","4":"has-post-thumbnail","6":"pwb-brand-pretty-lovepretty-bottom","7":"pwb-brand-pretty-love","8":"product_cat-juguetes-sexuales-xxxanal","9":"product_cat-juguetes-sexuales-xxx","10":"product_cat-juguetes-sexuales-xxxplugs-anales","11":"post_count_is_0","12":"boutique_post_style_4","14":"first","15":"instock","16":"taxable","17":"shipping-taxable","18":"purchasable","19":"product-type-simple","20":"boutique_image_style_2"},"brands":[{"id":559,"name":"PRETTY BOTTOM","slug":"pretty-lovepretty-bottom"},{"id":213,"name":"PRETTY LOVE","slug":"pretty-love"}],"_links":{"self":[{"href":"https:\/\/www.pussycatmerida.com\/eshop\/wp-json\/wp\/v2\/product\/17911","targetHints":{"allow":["GET"]}}],"collection":[{"href":"https:\/\/www.pussycatmerida.com\/eshop\/wp-json\/wp\/v2\/product"}],"about":[{"href":"https:\/\/www.pussycatmerida.com\/eshop\/wp-json\/wp\/v2\/types\/product"}],"wp:featuredmedia":[{"embeddable":true,"href":"https:\/\/www.pussycatmerida.com\/eshop\/wp-json\/wp\/v2\/media\/35788"}],"wp:attachment":[{"href":"https:\/\/www.pussycatmerida.com\/eshop\/wp-json\/wp\/v2\/media?parent=17911"}],"wp:term":[{"taxonomy":"pwb-brand","embeddable":true,"href":"https:\/\/www.pussycatmerida.com\/eshop\/wp-json\/wp\/v2\/pwb-brand?post=17911"},{"taxonomy":"product_brand","embeddable":true,"href":"https:\/\/www.pussycatmerida.com\/eshop\/wp-json\/wp\/v2\/product_brand?post=17911"},{"taxonomy":"product_cat","embeddable":true,"href":"https:\/\/www.pussycatmerida.com\/eshop\/wp-json\/wp\/v2\/product_cat?post=17911"},{"taxonomy":"product_tag","embeddable":true,"href":"https:\/\/www.pussycatmerida.com\/eshop\/wp-json\/wp\/v2\/product_tag?post=17911"}],"curies":[{"name":"wp","href":"https:\/\/api.w.org\/{rel}","templated":true}]}}