{"id":17912,"date":"2021-02-26T14:54:15","date_gmt":"2021-02-26T12:54:15","guid":{"rendered":"https:\/\/www.pussycatmerida.com\/eshop\/product\/pretty-love-masajeador-prostatico-con-vibracion\/"},"modified":"2026-03-11T12:27:53","modified_gmt":"2026-03-11T11:27:53","slug":"pretty-love-masajeador-prostatico-con-vibracion","status":"publish","type":"product","link":"https:\/\/www.pussycatmerida.com\/eshop\/producto\/pretty-love-masajeador-prostatico-con-vibracion\/","title":{"rendered":"PRETTY LOVE MASAJEADOR PROST\u00c1TICO CON VIBRACI\u00d3N"},"content":{"rendered":"<p>Consigue una estimulaci\u00f3n sin l\u00edmites con este masajeador\u00a0prost\u00e1tico con 7 funciones de vibraci\u00f3n y 4 de la funci\u00f3n especial \u00abTicking\u00bb que simula el cosquilleo y sensaci\u00f3n de la estimulaci\u00f3n manual, \u00a1como si de un dedo se tratara!\u00a0<\/p>\n<p>Caracter\u00edsticas:<\/p>\n<ul>\n<li>Estimulador prost\u00e1tico con multifuncionalidades.<\/li>\n<li>Material: SIlicona<\/li>\n<li>7 modos de vibraci\u00f3n<\/li>\n<li>4 modos de Ticking<\/li>\n<li>Resistente al agua<\/li>\n<li>USB recargable\u00a0<\/li>\n<li>F\u00e1cil de usar<\/li>\n<li>Medidas: Ver imagen<\/li>\n<\/ul>\n<p>Pretty Love fabrica productos con exigentes normas de calidad, todos sus productos estan dise\u00f1ados en Estados Unidos y tienen 1 a\u00f1o de garant\u00eda en defectos t\u00e9cnicos<\/p>\n<p>\u00a0<\/p>\n","protected":false},"excerpt":{"rendered":"<p>PRETTY LOVE MASAJEADOR PROST\u00c1TICO CON VIBRACI\u00d3N<\/p>\n","protected":false},"featured_media":49064,"template":"","meta":[],"pwb-brand":[559,213],"product_brand":[],"product_cat":[280,387,274,300,894,907],"product_tag":[],"class_list":{"0":"post-17912","1":"product","2":"type-product","3":"status-publish","4":"has-post-thumbnail","6":"pwb-brand-pretty-lovepretty-bottom","7":"pwb-brand-pretty-love","8":"product_cat-juguetes-sexuales-xxxanal","9":"product_cat-juguetes-sexuales-xxxespecial-gays","10":"product_cat-juguetes-sexuales-xxx","11":"product_cat-juguetes-sexuales-xxxplugs-anales","12":"product_cat-prostaticos","13":"product_cat-vibradores-anales","14":"post_count_is_0","15":"boutique_post_style_4","17":"first","18":"instock","19":"taxable","20":"shipping-taxable","21":"purchasable","22":"product-type-simple","23":"boutique_image_style_2"},"brands":[{"id":559,"name":"PRETTY BOTTOM","slug":"pretty-lovepretty-bottom"},{"id":213,"name":"PRETTY LOVE","slug":"pretty-love"}],"_links":{"self":[{"href":"https:\/\/www.pussycatmerida.com\/eshop\/wp-json\/wp\/v2\/product\/17912","targetHints":{"allow":["GET"]}}],"collection":[{"href":"https:\/\/www.pussycatmerida.com\/eshop\/wp-json\/wp\/v2\/product"}],"about":[{"href":"https:\/\/www.pussycatmerida.com\/eshop\/wp-json\/wp\/v2\/types\/product"}],"wp:featuredmedia":[{"embeddable":true,"href":"https:\/\/www.pussycatmerida.com\/eshop\/wp-json\/wp\/v2\/media\/49064"}],"wp:attachment":[{"href":"https:\/\/www.pussycatmerida.com\/eshop\/wp-json\/wp\/v2\/media?parent=17912"}],"wp:term":[{"taxonomy":"pwb-brand","embeddable":true,"href":"https:\/\/www.pussycatmerida.com\/eshop\/wp-json\/wp\/v2\/pwb-brand?post=17912"},{"taxonomy":"product_brand","embeddable":true,"href":"https:\/\/www.pussycatmerida.com\/eshop\/wp-json\/wp\/v2\/product_brand?post=17912"},{"taxonomy":"product_cat","embeddable":true,"href":"https:\/\/www.pussycatmerida.com\/eshop\/wp-json\/wp\/v2\/product_cat?post=17912"},{"taxonomy":"product_tag","embeddable":true,"href":"https:\/\/www.pussycatmerida.com\/eshop\/wp-json\/wp\/v2\/product_tag?post=17912"}],"curies":[{"name":"wp","href":"https:\/\/api.w.org\/{rel}","templated":true}]}}