{"id":17913,"date":"2021-03-05T15:02:25","date_gmt":"2021-03-05T13:02:25","guid":{"rendered":"https:\/\/www.pussycatmerida.com\/eshop\/product\/pretty-love-anillo-doble-para-pene-y-testiculos\/"},"modified":"2026-03-11T12:27:14","modified_gmt":"2026-03-11T11:27:14","slug":"pretty-love-anillo-doble-para-pene-y-testiculos","status":"publish","type":"product","link":"https:\/\/www.pussycatmerida.com\/eshop\/producto\/pretty-love-anillo-doble-para-pene-y-testiculos\/","title":{"rendered":"PRETTY LOVE ANILLO DOBLE PARA PENE Y TESTICULOS"},"content":{"rendered":"<p>Quieres prolongar tus relaciones sexuales a la vez que aumentas tus sensaciones? Ahora es posible con este anillo doble para pene y test\u00edculos que se ajusta a ellos perfectamente haciendo que se retrase la eyaculaci\u00f3n y adem\u00e1s, incopora una bala vibratoria que har\u00e1 tus relaciones sexuales mas largas y placenteras.<\/p>\n<p>Caracter\u00edsticas:<\/p>\n<ul>\n<li>Anillo doble con vibracion para incremento del tiempo en las relaciones y aumentar las sensaciones.<\/li>\n<li>1 Modo de vibraci\u00f3n<\/li>\n<li>Materiales: Silicona y ABS<\/li>\n<li>Color: Negro<\/li>\n<li>Pilas: 3x LR41<\/li>\n<li>Medidas: Ver imagen<\/li>\n<\/ul>\n<p>Pretty Love fabrica productos con exigentes normas de calidad, todos sus productos estan dise\u00f1ados en Estados Unidos y tienen 1 a\u00f1o de garant\u00eda en defectos t\u00e9cnicos<\/p>\n","protected":false},"excerpt":{"rendered":"<p>PRETTY LOVE ANILLO DOBLE PARA PENE Y TESTICULOS<\/p>\n","protected":false},"featured_media":34054,"template":"","meta":[],"pwb-brand":[213,455],"product_brand":[],"product_cat":[276,945,903,288,274],"product_tag":[],"class_list":{"0":"post-17913","1":"product","2":"type-product","3":"status-publish","4":"has-post-thumbnail","6":"pwb-brand-pretty-love","7":"pwb-brand-pretty-lovepretty-male","8":"product_cat-juguetes-sexuales-xxxaccesorios-para-el-pene","9":"product_cat-anillos-con-vibracion","10":"product_cat-anillos-para-el-pene","11":"product_cat-juguetes-sexuales-xxxestimuladores","12":"product_cat-juguetes-sexuales-xxx","13":"post_count_is_0","14":"boutique_post_style_4","16":"first","17":"instock","18":"taxable","19":"shipping-taxable","20":"purchasable","21":"product-type-simple","22":"boutique_image_style_2"},"brands":[{"id":213,"name":"PRETTY LOVE","slug":"pretty-love"},{"id":455,"name":"PRETTY MALE","slug":"pretty-lovepretty-male"}],"_links":{"self":[{"href":"https:\/\/www.pussycatmerida.com\/eshop\/wp-json\/wp\/v2\/product\/17913","targetHints":{"allow":["GET"]}}],"collection":[{"href":"https:\/\/www.pussycatmerida.com\/eshop\/wp-json\/wp\/v2\/product"}],"about":[{"href":"https:\/\/www.pussycatmerida.com\/eshop\/wp-json\/wp\/v2\/types\/product"}],"wp:featuredmedia":[{"embeddable":true,"href":"https:\/\/www.pussycatmerida.com\/eshop\/wp-json\/wp\/v2\/media\/34054"}],"wp:attachment":[{"href":"https:\/\/www.pussycatmerida.com\/eshop\/wp-json\/wp\/v2\/media?parent=17913"}],"wp:term":[{"taxonomy":"pwb-brand","embeddable":true,"href":"https:\/\/www.pussycatmerida.com\/eshop\/wp-json\/wp\/v2\/pwb-brand?post=17913"},{"taxonomy":"product_brand","embeddable":true,"href":"https:\/\/www.pussycatmerida.com\/eshop\/wp-json\/wp\/v2\/product_brand?post=17913"},{"taxonomy":"product_cat","embeddable":true,"href":"https:\/\/www.pussycatmerida.com\/eshop\/wp-json\/wp\/v2\/product_cat?post=17913"},{"taxonomy":"product_tag","embeddable":true,"href":"https:\/\/www.pussycatmerida.com\/eshop\/wp-json\/wp\/v2\/product_tag?post=17913"}],"curies":[{"name":"wp","href":"https:\/\/api.w.org\/{rel}","templated":true}]}}