{"id":17916,"date":"2021-03-06T15:25:05","date_gmt":"2021-03-06T13:25:05","guid":{"rendered":"https:\/\/www.pussycatmerida.com\/eshop\/product\/pretty-love-flirtation-dedal-con-vibracion-stanford-negro\/"},"modified":"2026-03-11T12:28:05","modified_gmt":"2026-03-11T11:28:05","slug":"pretty-love-flirtation-dedal-con-vibracion-stanford-negro","status":"publish","type":"product","link":"https:\/\/www.pussycatmerida.com\/eshop\/producto\/pretty-love-flirtation-dedal-con-vibracion-stanford-negro\/","title":{"rendered":"PRETTY LOVE FLIRTATION &#8211; DEDAL CON VIBRACION STANFORD NEGRO"},"content":{"rendered":"<p>Vive el placer de la estimulaci\u00f3n manual desde otro punto, por supuesto mucho mas alto, con este dedal texturado con vibraci\u00f3n. Est\u00e1 fabricado con suave silicona e incorpora relieves para mayor placer y para mayor delicia una bala vibradora&#8230;.<\/p>\n<p>Caracter\u00edsticas:\u00a0<\/p>\n<ul>\n<li>Dedal texturado con vibraci\u00f3n<\/li>\n<li>Materiales: Silicona y ABS<\/li>\n<li>1 modo de vibraci\u00f3n<\/li>\n<li>Pilas: 3xLR41<\/li>\n<li>Color: Negro.<\/li>\n<li>Medidas: Ver imagen<\/li>\n<\/ul>\n<p>Pretty Love fabrica productos con exigentes normas de calidad, todos sus productos estan dise\u00f1ados en Estados Unidos y tienen 1 a\u00f1o de garant\u00eda en defectos t\u00e9cnicos<\/p>\n","protected":false},"excerpt":{"rendered":"<p>PRETTY LOVE FLIRTATION &#8211; DEDAL CON VIBRACION STANFORD NEGRO<\/p>\n","protected":false},"featured_media":38978,"template":"","meta":[],"pwb-brand":[509,213],"product_brand":[],"product_cat":[288,274,434],"product_tag":[],"class_list":{"0":"post-17916","1":"product","2":"type-product","3":"status-publish","4":"has-post-thumbnail","6":"pwb-brand-pretty-loveflirtation","7":"pwb-brand-pretty-love","8":"product_cat-juguetes-sexuales-xxxestimuladores","9":"product_cat-juguetes-sexuales-xxx","10":"product_cat-juguetes-sexuales-xxxestimuladorespara-clitoris","11":"post_count_is_0","12":"boutique_post_style_4","14":"first","15":"instock","16":"taxable","17":"shipping-taxable","18":"purchasable","19":"product-type-simple","20":"boutique_image_style_2"},"brands":[{"id":509,"name":"FLIRTATION","slug":"pretty-loveflirtation"},{"id":213,"name":"PRETTY LOVE","slug":"pretty-love"}],"_links":{"self":[{"href":"https:\/\/www.pussycatmerida.com\/eshop\/wp-json\/wp\/v2\/product\/17916","targetHints":{"allow":["GET"]}}],"collection":[{"href":"https:\/\/www.pussycatmerida.com\/eshop\/wp-json\/wp\/v2\/product"}],"about":[{"href":"https:\/\/www.pussycatmerida.com\/eshop\/wp-json\/wp\/v2\/types\/product"}],"wp:featuredmedia":[{"embeddable":true,"href":"https:\/\/www.pussycatmerida.com\/eshop\/wp-json\/wp\/v2\/media\/38978"}],"wp:attachment":[{"href":"https:\/\/www.pussycatmerida.com\/eshop\/wp-json\/wp\/v2\/media?parent=17916"}],"wp:term":[{"taxonomy":"pwb-brand","embeddable":true,"href":"https:\/\/www.pussycatmerida.com\/eshop\/wp-json\/wp\/v2\/pwb-brand?post=17916"},{"taxonomy":"product_brand","embeddable":true,"href":"https:\/\/www.pussycatmerida.com\/eshop\/wp-json\/wp\/v2\/product_brand?post=17916"},{"taxonomy":"product_cat","embeddable":true,"href":"https:\/\/www.pussycatmerida.com\/eshop\/wp-json\/wp\/v2\/product_cat?post=17916"},{"taxonomy":"product_tag","embeddable":true,"href":"https:\/\/www.pussycatmerida.com\/eshop\/wp-json\/wp\/v2\/product_tag?post=17916"}],"curies":[{"name":"wp","href":"https:\/\/api.w.org\/{rel}","templated":true}]}}