{"id":17922,"date":"2021-03-05T15:02:30","date_gmt":"2021-03-05T13:02:30","guid":{"rendered":"https:\/\/www.pussycatmerida.com\/eshop\/product\/pretty-love-anillo-vibrador-con-estimulador-esther\/"},"modified":"2026-03-11T12:27:14","modified_gmt":"2026-03-11T11:27:14","slug":"pretty-love-anillo-vibrador-con-estimulador-esther","status":"publish","type":"product","link":"https:\/\/www.pussycatmerida.com\/eshop\/producto\/pretty-love-anillo-vibrador-con-estimulador-esther\/","title":{"rendered":"PRETTY LOVE ANILLO VIBRADOR CON ESTIMULADOR ESTHER"},"content":{"rendered":"<p style=\"line-height: 20.8px;\">Pretty Love Esther\u00a0es un\u00a0\u00a0anillo de calidad inigualable, fabricado con la silicona de m\u00e1s alta calidad, se acciona muy f\u00e1cilmente y adem\u00e1s consta de estimulaci\u00f3n clitorial vibratoria. Col\u00f3calo en tu pene o en tus dedos y\u00a0gracias a su silicona resistente y de gran calidad,\u00a0se ajustar\u00e1 perfectamente mientras la vibraci\u00f3n\u00a0estimula el cl\u00edtoris de tu pareja.<\/p>\n<p style=\"line-height: 20.8px;\">Caracter\u00edsticas:<\/p>\n<ul style=\"line-height: 20.8px;\">\n<li>Materiales: Silicona y ABS<\/li>\n<li>Boton de facil uso On \/ Off<\/li>\n<li>Pilas: 3xLR41<\/li>\n<li>Color: Negro<\/li>\n<\/ul>\n<p style=\"line-height: 20.8px;\">Te ayudar\u00e1 a potenciar la erecci\u00f3n,\u00a0retrasar la eyaculaci\u00f3n y estimular a tu pareja<\/p>\n<p style=\"line-height: 20.8px;\">Descubre nuevas experiencias!!<\/p>\n","protected":false},"excerpt":{"rendered":"<p>PRETTY LOVE ANILLO VIBRADOR CON ESTIMULADOR CLITORIAL ESTHER<\/p>\n","protected":false},"featured_media":34064,"template":"","meta":[],"pwb-brand":[213,455],"product_brand":[],"product_cat":[276,945,903,274],"product_tag":[],"class_list":{"0":"post-17922","1":"product","2":"type-product","3":"status-publish","4":"has-post-thumbnail","6":"pwb-brand-pretty-love","7":"pwb-brand-pretty-lovepretty-male","8":"product_cat-juguetes-sexuales-xxxaccesorios-para-el-pene","9":"product_cat-anillos-con-vibracion","10":"product_cat-anillos-para-el-pene","11":"product_cat-juguetes-sexuales-xxx","12":"post_count_is_0","13":"boutique_post_style_4","15":"first","16":"instock","17":"taxable","18":"shipping-taxable","19":"purchasable","20":"product-type-simple","21":"boutique_image_style_2"},"brands":[{"id":213,"name":"PRETTY LOVE","slug":"pretty-love"},{"id":455,"name":"PRETTY MALE","slug":"pretty-lovepretty-male"}],"_links":{"self":[{"href":"https:\/\/www.pussycatmerida.com\/eshop\/wp-json\/wp\/v2\/product\/17922","targetHints":{"allow":["GET"]}}],"collection":[{"href":"https:\/\/www.pussycatmerida.com\/eshop\/wp-json\/wp\/v2\/product"}],"about":[{"href":"https:\/\/www.pussycatmerida.com\/eshop\/wp-json\/wp\/v2\/types\/product"}],"wp:featuredmedia":[{"embeddable":true,"href":"https:\/\/www.pussycatmerida.com\/eshop\/wp-json\/wp\/v2\/media\/34064"}],"wp:attachment":[{"href":"https:\/\/www.pussycatmerida.com\/eshop\/wp-json\/wp\/v2\/media?parent=17922"}],"wp:term":[{"taxonomy":"pwb-brand","embeddable":true,"href":"https:\/\/www.pussycatmerida.com\/eshop\/wp-json\/wp\/v2\/pwb-brand?post=17922"},{"taxonomy":"product_brand","embeddable":true,"href":"https:\/\/www.pussycatmerida.com\/eshop\/wp-json\/wp\/v2\/product_brand?post=17922"},{"taxonomy":"product_cat","embeddable":true,"href":"https:\/\/www.pussycatmerida.com\/eshop\/wp-json\/wp\/v2\/product_cat?post=17922"},{"taxonomy":"product_tag","embeddable":true,"href":"https:\/\/www.pussycatmerida.com\/eshop\/wp-json\/wp\/v2\/product_tag?post=17922"}],"curies":[{"name":"wp","href":"https:\/\/api.w.org\/{rel}","templated":true}]}}