{"id":17953,"date":"2021-02-26T14:29:55","date_gmt":"2021-02-26T12:29:55","guid":{"rendered":"https:\/\/www.pussycatmerida.com\/eshop\/product\/durex-intense-orgasmic-12-uds\/"},"modified":"2026-03-11T12:40:38","modified_gmt":"2026-03-11T11:40:38","slug":"durex-intense-orgasmic-12-uds","status":"publish","type":"product","link":"https:\/\/www.pussycatmerida.com\/eshop\/producto\/durex-intense-orgasmic-12-uds\/","title":{"rendered":"DUREX INTENSE ORGASMIC 12 UDS"},"content":{"rendered":"<p>Durex Intense Orgasmic es el nuevo preservativo que mejora las relaciones sexuales para mujeres y hombres.<\/p>\n<p>Para ella: Relieve con puntos y estr\u00edas para sentir con mayor intensidad y estimulaci\u00f3n de la terminaci\u00f3n nerviosa para facilitar la llegada al orgasmo.<\/p>\n<ul>\n<li>Con lubricante efecto frescor para intensificar las sensaciones.<\/li>\n<\/ul>\n<p>Para \u00e9l: Satisfacci\u00f3n al ver a su pareja excitada gracias al preservativo que maximiza su placer.<\/p>\n<p>Formato: 12 unidades.<\/p>\n","protected":false},"excerpt":{"rendered":"<p>DUREX INTENSE ORGASMIC 12 UDS<\/p>\n","protected":false},"featured_media":47119,"template":"","meta":[],"pwb-brand":[49,778],"product_brand":[],"product_cat":[367,372],"product_tag":[],"class_list":{"0":"post-17953","1":"product","2":"type-product","3":"status-publish","4":"has-post-thumbnail","6":"pwb-brand-durex","7":"pwb-brand-durexdurex-condoms","8":"product_cat-preservativos","9":"product_cat-preservativospreservativos-especiales","10":"post_count_is_0","11":"boutique_post_style_4","13":"first","14":"instock","15":"taxable","16":"shipping-taxable","17":"purchasable","18":"product-type-simple","19":"boutique_image_style_2"},"brands":[{"id":49,"name":"DUREX","slug":"durex"},{"id":778,"name":"DUREX CONDOMS","slug":"durexdurex-condoms"}],"_links":{"self":[{"href":"https:\/\/www.pussycatmerida.com\/eshop\/wp-json\/wp\/v2\/product\/17953","targetHints":{"allow":["GET"]}}],"collection":[{"href":"https:\/\/www.pussycatmerida.com\/eshop\/wp-json\/wp\/v2\/product"}],"about":[{"href":"https:\/\/www.pussycatmerida.com\/eshop\/wp-json\/wp\/v2\/types\/product"}],"wp:featuredmedia":[{"embeddable":true,"href":"https:\/\/www.pussycatmerida.com\/eshop\/wp-json\/wp\/v2\/media\/47119"}],"wp:attachment":[{"href":"https:\/\/www.pussycatmerida.com\/eshop\/wp-json\/wp\/v2\/media?parent=17953"}],"wp:term":[{"taxonomy":"pwb-brand","embeddable":true,"href":"https:\/\/www.pussycatmerida.com\/eshop\/wp-json\/wp\/v2\/pwb-brand?post=17953"},{"taxonomy":"product_brand","embeddable":true,"href":"https:\/\/www.pussycatmerida.com\/eshop\/wp-json\/wp\/v2\/product_brand?post=17953"},{"taxonomy":"product_cat","embeddable":true,"href":"https:\/\/www.pussycatmerida.com\/eshop\/wp-json\/wp\/v2\/product_cat?post=17953"},{"taxonomy":"product_tag","embeddable":true,"href":"https:\/\/www.pussycatmerida.com\/eshop\/wp-json\/wp\/v2\/product_tag?post=17953"}],"curies":[{"name":"wp","href":"https:\/\/api.w.org\/{rel}","templated":true}]}}