{"id":17998,"date":"2021-02-26T15:30:11","date_gmt":"2021-02-26T13:30:11","guid":{"rendered":"https:\/\/www.pussycatmerida.com\/eshop\/product\/pretty-love-bottom-plug-anal-recargable-con-vibracion-y-mando\/"},"modified":"2026-03-11T12:39:31","modified_gmt":"2026-03-11T11:39:31","slug":"pretty-love-bottom-plug-anal-recargable-con-vibracion-y-mando","status":"publish","type":"product","link":"https:\/\/www.pussycatmerida.com\/eshop\/producto\/pretty-love-bottom-plug-anal-recargable-con-vibracion-y-mando\/","title":{"rendered":"PRETTY LOVE &#8211; BOTTOM &#8211; PLUG ANAL RECARGABLE CON VIBRACION Y MANDO"},"content":{"rendered":"<p>Disfruta del maravilloso placer de la estimulaci\u00f3n anal con este plug de silicona de Pretty Love. Dispone de asa para una f\u00e1cil manipulaci\u00f3n y extracci\u00f3n, est\u00e1 fabricado en silicona\u00a0de primera calidad, libre de ftalatos\u00a0y tiene 12 modos de potentes y silenciosas vibraciones para aumentar el placer que puedes controlar con su mando por control remoto.<\/p>\n<p>Caracter\u00edsticas:<\/p>\n<ul>\n<li>Plug anal con vibraci\u00f3n<\/li>\n<li>12 modos de vibraci\u00f3n<\/li>\n<li>Mando por control remoto\u00a0<\/li>\n<li>Material: Silicona<\/li>\n<li>Fuerte ventosa para adherir a superficies planas como en la ducha.\u00a0<\/li>\n<li>Resistente al agua<\/li>\n<li>USB recargable (cable incluido)<\/li>\n<li>Pila mando: 1xAAA<\/li>\n<li>Color: negro<\/li>\n<li>Incluye bolsa de tela para guardar y transportar.<\/li>\n<li>Medidas: Ver imagen<\/li>\n<\/ul>\n<p>Pretty Love fabrica productos con exigentes normas de calidad, todos sus productos estan dise\u00f1ados en Estados Unidos y tienen 1 a\u00f1o de garant\u00eda en defectos t\u00e9cnicos<\/p>\n","protected":false},"excerpt":{"rendered":"<p>PRETTY LOVE &#8211; BOTTOM &#8211; PLUG ANAL RECARGABLE CON VIBRACION Y MANDO<\/p>\n","protected":false},"featured_media":52671,"template":"","meta":[],"pwb-brand":[559,213],"product_brand":[],"product_cat":[280,284,387,274,306,300,907],"product_tag":[],"class_list":{"0":"post-17998","1":"product","2":"type-product","3":"status-publish","4":"has-post-thumbnail","6":"pwb-brand-pretty-lovepretty-bottom","7":"pwb-brand-pretty-love","8":"product_cat-juguetes-sexuales-xxxanal","9":"product_cat-juguetes-sexuales-xxxcontrol-remoto","10":"product_cat-juguetes-sexuales-xxxespecial-gays","11":"product_cat-juguetes-sexuales-xxx","12":"product_cat-juguetes-sexuales-xxxpara-el","13":"product_cat-juguetes-sexuales-xxxplugs-anales","14":"product_cat-vibradores-anales","15":"post_count_is_0","16":"boutique_post_style_4","18":"first","19":"instock","20":"taxable","21":"shipping-taxable","22":"purchasable","23":"product-type-simple","24":"boutique_image_style_2"},"brands":[{"id":559,"name":"PRETTY BOTTOM","slug":"pretty-lovepretty-bottom"},{"id":213,"name":"PRETTY LOVE","slug":"pretty-love"}],"_links":{"self":[{"href":"https:\/\/www.pussycatmerida.com\/eshop\/wp-json\/wp\/v2\/product\/17998","targetHints":{"allow":["GET"]}}],"collection":[{"href":"https:\/\/www.pussycatmerida.com\/eshop\/wp-json\/wp\/v2\/product"}],"about":[{"href":"https:\/\/www.pussycatmerida.com\/eshop\/wp-json\/wp\/v2\/types\/product"}],"wp:featuredmedia":[{"embeddable":true,"href":"https:\/\/www.pussycatmerida.com\/eshop\/wp-json\/wp\/v2\/media\/52671"}],"wp:attachment":[{"href":"https:\/\/www.pussycatmerida.com\/eshop\/wp-json\/wp\/v2\/media?parent=17998"}],"wp:term":[{"taxonomy":"pwb-brand","embeddable":true,"href":"https:\/\/www.pussycatmerida.com\/eshop\/wp-json\/wp\/v2\/pwb-brand?post=17998"},{"taxonomy":"product_brand","embeddable":true,"href":"https:\/\/www.pussycatmerida.com\/eshop\/wp-json\/wp\/v2\/product_brand?post=17998"},{"taxonomy":"product_cat","embeddable":true,"href":"https:\/\/www.pussycatmerida.com\/eshop\/wp-json\/wp\/v2\/product_cat?post=17998"},{"taxonomy":"product_tag","embeddable":true,"href":"https:\/\/www.pussycatmerida.com\/eshop\/wp-json\/wp\/v2\/product_tag?post=17998"}],"curies":[{"name":"wp","href":"https:\/\/api.w.org\/{rel}","templated":true}]}}